{"id":13329,"date":"2024-02-19T13:22:38","date_gmt":"2024-02-19T11:22:38","guid":{"rendered":"https:\/\/www.offirex.fi\/?post_type=product&#038;p=13329"},"modified":"2025-03-14T12:38:57","modified_gmt":"2025-03-14T10:38:57","slug":"gellyc-ranne-kammentuki-hiirelle","status":"publish","type":"product","link":"https:\/\/www.offirex.fi\/de\/product\/gellyc-ranne-kammentuki-hiirelle\/","title":{"rendered":"GELLYC-ranne\/k\u00e4mmentuki hiirelle"},"content":{"rendered":"","protected":false},"excerpt":{"rendered":"<p>Miellytt\u00e4v\u00e4n ja pehme\u00e4n tuntuinen<br \/>\n<a href=\"https:\/\/www.offirex.fi\/wp-content\/uploads\/2025\/03\/GELLYC-ranne_kammentuki-hiirelle_fi_14_11_23.pdf\">Lataa PDF -esite<\/a><\/p>\n","protected":false},"featured_media":15004,"template":"","meta":{"_et_pb_use_builder":"","_et_pb_old_content":"","_et_gb_content_width":""},"product_brand":[],"product_cat":[274,279,101,52],"product_tag":[],"class_list":{"0":"post-13329","1":"product","2":"type-product","3":"status-publish","4":"has-post-thumbnail","6":"product_cat-uusimmat-tuotteet-fi","7":"product_cat-gellyc-geelituki-hiirelle","8":"product_cat-ranne-kammentuet","9":"product_cat-hiirimatot","11":"first","12":"instock","13":"shipping-taxable","14":"product-type-simple"},"yoast_head":"<!-- This site is optimized with the Yoast SEO plugin v27.3 - https:\/\/yoast.com\/product\/yoast-seo-wordpress\/ -->\n<title>GELLYC-ranne\/k\u00e4mmentuki hiirelle - Offirex Oy<\/title>\n<meta name=\"description\" content=\"Gellyc tuki hiirelle auttaa v\u00e4hent\u00e4m\u00e4\u00e4n rannekanavaoireyhtym\u00e4n oireita, kuten pistely\u00e4 ja tunnottomuutta. Tukee rannetta neutraalissa asennossa k\u00e4yt\u00f6n ja taukojen aikana.\" \/>\n<meta name=\"robots\" content=\"index, follow, max-snippet:-1, max-image-preview:large, max-video-preview:-1\" \/>\n<link rel=\"canonical\" href=\"https:\/\/www.offirex.fi\/product\/gellyc-ranne-kammentuki-hiirelle\/\" \/>\n<meta property=\"og:locale\" content=\"de_DE\" \/>\n<meta property=\"og:type\" content=\"article\" \/>\n<meta property=\"og:title\" content=\"GELLYC-ranne\/k\u00e4mmentuki hiirelle - Offirex Oy\" \/>\n<meta property=\"og:description\" content=\"Gellyc tuki hiirelle auttaa v\u00e4hent\u00e4m\u00e4\u00e4n rannekanavaoireyhtym\u00e4n oireita, kuten pistely\u00e4 ja tunnottomuutta. Tukee rannetta neutraalissa asennossa k\u00e4yt\u00f6n ja taukojen aikana.\" \/>\n<meta property=\"og:url\" content=\"https:\/\/www.offirex.fi\/product\/gellyc-ranne-kammentuki-hiirelle\/\" \/>\n<meta property=\"og:site_name\" content=\"Offirex Oy\" \/>\n<meta property=\"article:modified_time\" content=\"2025-03-14T10:38:57+00:00\" \/>\n<meta property=\"og:image\" content=\"https:\/\/www.offirex.fi\/wp-content\/uploads\/2024\/02\/GELLYC-MOUSE.jpg\" \/>\n\t<meta property=\"og:image:width\" content=\"900\" \/>\n\t<meta property=\"og:image:height\" content=\"900\" \/>\n\t<meta property=\"og:image:type\" content=\"image\/jpeg\" \/>\n<meta name=\"twitter:card\" content=\"summary_large_image\" \/>\n<meta name=\"twitter:label1\" content=\"Gesch\u00e4tzte Lesezeit\" \/>\n\t<meta name=\"twitter:data1\" content=\"1\u00a0Minute\" \/>\n<script type=\"application\/ld+json\" class=\"yoast-schema-graph\">{\"@context\":\"https:\\\/\\\/schema.org\",\"@graph\":[{\"@type\":\"WebPage\",\"@id\":\"https:\\\/\\\/www.offirex.fi\\\/product\\\/gellyc-ranne-kammentuki-hiirelle\\\/\",\"url\":\"https:\\\/\\\/www.offirex.fi\\\/product\\\/gellyc-ranne-kammentuki-hiirelle\\\/\",\"name\":\"GELLYC-ranne\\\/k\u00e4mmentuki hiirelle - Offirex Oy\",\"isPartOf\":{\"@id\":\"https:\\\/\\\/www.offirex.fi\\\/#website\"},\"primaryImageOfPage\":{\"@id\":\"https:\\\/\\\/www.offirex.fi\\\/product\\\/gellyc-ranne-kammentuki-hiirelle\\\/#primaryimage\"},\"image\":{\"@id\":\"https:\\\/\\\/www.offirex.fi\\\/product\\\/gellyc-ranne-kammentuki-hiirelle\\\/#primaryimage\"},\"thumbnailUrl\":\"https:\\\/\\\/www.offirex.fi\\\/wp-content\\\/uploads\\\/2024\\\/02\\\/GELLYC-MOUSE.jpg\",\"datePublished\":\"2024-02-19T11:22:38+00:00\",\"dateModified\":\"2025-03-14T10:38:57+00:00\",\"description\":\"Gellyc tuki hiirelle auttaa v\u00e4hent\u00e4m\u00e4\u00e4n rannekanavaoireyhtym\u00e4n oireita, kuten pistely\u00e4 ja tunnottomuutta. Tukee rannetta neutraalissa asennossa k\u00e4yt\u00f6n ja taukojen aikana.\",\"breadcrumb\":{\"@id\":\"https:\\\/\\\/www.offirex.fi\\\/product\\\/gellyc-ranne-kammentuki-hiirelle\\\/#breadcrumb\"},\"inLanguage\":\"de\",\"potentialAction\":[{\"@type\":\"ReadAction\",\"target\":[\"https:\\\/\\\/www.offirex.fi\\\/product\\\/gellyc-ranne-kammentuki-hiirelle\\\/\"]}]},{\"@type\":\"ImageObject\",\"inLanguage\":\"de\",\"@id\":\"https:\\\/\\\/www.offirex.fi\\\/product\\\/gellyc-ranne-kammentuki-hiirelle\\\/#primaryimage\",\"url\":\"https:\\\/\\\/www.offirex.fi\\\/wp-content\\\/uploads\\\/2024\\\/02\\\/GELLYC-MOUSE.jpg\",\"contentUrl\":\"https:\\\/\\\/www.offirex.fi\\\/wp-content\\\/uploads\\\/2024\\\/02\\\/GELLYC-MOUSE.jpg\",\"width\":900,\"height\":900},{\"@type\":\"BreadcrumbList\",\"@id\":\"https:\\\/\\\/www.offirex.fi\\\/product\\\/gellyc-ranne-kammentuki-hiirelle\\\/#breadcrumb\",\"itemListElement\":[{\"@type\":\"ListItem\",\"position\":1,\"name\":\"Etusivu\",\"item\":\"https:\\\/\\\/www.offirex.fi\\\/de\\\/\"},{\"@type\":\"ListItem\",\"position\":2,\"name\":\"Products\",\"item\":\"https:\\\/\\\/www.offirex.fi\\\/en\\\/products-page\\\/\"},{\"@type\":\"ListItem\",\"position\":3,\"name\":\"GELLYC-ranne\\\/k\u00e4mmentuki hiirelle\"}]},{\"@type\":\"WebSite\",\"@id\":\"https:\\\/\\\/www.offirex.fi\\\/#website\",\"url\":\"https:\\\/\\\/www.offirex.fi\\\/\",\"name\":\"Offirex Oy\",\"description\":\"Ergonomic Office Products\",\"publisher\":{\"@id\":\"https:\\\/\\\/www.offirex.fi\\\/#organization\"},\"potentialAction\":[{\"@type\":\"SearchAction\",\"target\":{\"@type\":\"EntryPoint\",\"urlTemplate\":\"https:\\\/\\\/www.offirex.fi\\\/?s={search_term_string}\"},\"query-input\":{\"@type\":\"PropertyValueSpecification\",\"valueRequired\":true,\"valueName\":\"search_term_string\"}}],\"inLanguage\":\"de\"},{\"@type\":\"Organization\",\"@id\":\"https:\\\/\\\/www.offirex.fi\\\/#organization\",\"name\":\"Offirex Oy\",\"url\":\"https:\\\/\\\/www.offirex.fi\\\/\",\"logo\":{\"@type\":\"ImageObject\",\"inLanguage\":\"de\",\"@id\":\"https:\\\/\\\/www.offirex.fi\\\/#\\\/schema\\\/logo\\\/image\\\/\",\"url\":\"https:\\\/\\\/www.offirex.fi\\\/wp-content\\\/uploads\\\/2020\\\/11\\\/offirex-logo.jpg\",\"contentUrl\":\"https:\\\/\\\/www.offirex.fi\\\/wp-content\\\/uploads\\\/2020\\\/11\\\/offirex-logo.jpg\",\"width\":320,\"height\":103,\"caption\":\"Offirex Oy\"},\"image\":{\"@id\":\"https:\\\/\\\/www.offirex.fi\\\/#\\\/schema\\\/logo\\\/image\\\/\"}}]}<\/script>\n<!-- \/ Yoast SEO plugin. -->","yoast_head_json":{"title":"GELLYC-ranne\/k\u00e4mmentuki hiirelle - Offirex Oy","description":"Gellyc tuki hiirelle auttaa v\u00e4hent\u00e4m\u00e4\u00e4n rannekanavaoireyhtym\u00e4n oireita, kuten pistely\u00e4 ja tunnottomuutta. Tukee rannetta neutraalissa asennossa k\u00e4yt\u00f6n ja taukojen aikana.","robots":{"index":"index","follow":"follow","max-snippet":"max-snippet:-1","max-image-preview":"max-image-preview:large","max-video-preview":"max-video-preview:-1"},"canonical":"https:\/\/www.offirex.fi\/product\/gellyc-ranne-kammentuki-hiirelle\/","og_locale":"de_DE","og_type":"article","og_title":"GELLYC-ranne\/k\u00e4mmentuki hiirelle - Offirex Oy","og_description":"Gellyc tuki hiirelle auttaa v\u00e4hent\u00e4m\u00e4\u00e4n rannekanavaoireyhtym\u00e4n oireita, kuten pistely\u00e4 ja tunnottomuutta. Tukee rannetta neutraalissa asennossa k\u00e4yt\u00f6n ja taukojen aikana.","og_url":"https:\/\/www.offirex.fi\/product\/gellyc-ranne-kammentuki-hiirelle\/","og_site_name":"Offirex Oy","article_modified_time":"2025-03-14T10:38:57+00:00","og_image":[{"width":900,"height":900,"url":"https:\/\/www.offirex.fi\/wp-content\/uploads\/2024\/02\/GELLYC-MOUSE.jpg","type":"image\/jpeg"}],"twitter_card":"summary_large_image","twitter_misc":{"Gesch\u00e4tzte Lesezeit":"1\u00a0Minute"},"schema":{"@context":"https:\/\/schema.org","@graph":[{"@type":"WebPage","@id":"https:\/\/www.offirex.fi\/product\/gellyc-ranne-kammentuki-hiirelle\/","url":"https:\/\/www.offirex.fi\/product\/gellyc-ranne-kammentuki-hiirelle\/","name":"GELLYC-ranne\/k\u00e4mmentuki hiirelle - Offirex Oy","isPartOf":{"@id":"https:\/\/www.offirex.fi\/#website"},"primaryImageOfPage":{"@id":"https:\/\/www.offirex.fi\/product\/gellyc-ranne-kammentuki-hiirelle\/#primaryimage"},"image":{"@id":"https:\/\/www.offirex.fi\/product\/gellyc-ranne-kammentuki-hiirelle\/#primaryimage"},"thumbnailUrl":"https:\/\/www.offirex.fi\/wp-content\/uploads\/2024\/02\/GELLYC-MOUSE.jpg","datePublished":"2024-02-19T11:22:38+00:00","dateModified":"2025-03-14T10:38:57+00:00","description":"Gellyc tuki hiirelle auttaa v\u00e4hent\u00e4m\u00e4\u00e4n rannekanavaoireyhtym\u00e4n oireita, kuten pistely\u00e4 ja tunnottomuutta. Tukee rannetta neutraalissa asennossa k\u00e4yt\u00f6n ja taukojen aikana.","breadcrumb":{"@id":"https:\/\/www.offirex.fi\/product\/gellyc-ranne-kammentuki-hiirelle\/#breadcrumb"},"inLanguage":"de","potentialAction":[{"@type":"ReadAction","target":["https:\/\/www.offirex.fi\/product\/gellyc-ranne-kammentuki-hiirelle\/"]}]},{"@type":"ImageObject","inLanguage":"de","@id":"https:\/\/www.offirex.fi\/product\/gellyc-ranne-kammentuki-hiirelle\/#primaryimage","url":"https:\/\/www.offirex.fi\/wp-content\/uploads\/2024\/02\/GELLYC-MOUSE.jpg","contentUrl":"https:\/\/www.offirex.fi\/wp-content\/uploads\/2024\/02\/GELLYC-MOUSE.jpg","width":900,"height":900},{"@type":"BreadcrumbList","@id":"https:\/\/www.offirex.fi\/product\/gellyc-ranne-kammentuki-hiirelle\/#breadcrumb","itemListElement":[{"@type":"ListItem","position":1,"name":"Etusivu","item":"https:\/\/www.offirex.fi\/de\/"},{"@type":"ListItem","position":2,"name":"Products","item":"https:\/\/www.offirex.fi\/en\/products-page\/"},{"@type":"ListItem","position":3,"name":"GELLYC-ranne\/k\u00e4mmentuki hiirelle"}]},{"@type":"WebSite","@id":"https:\/\/www.offirex.fi\/#website","url":"https:\/\/www.offirex.fi\/","name":"Offirex Oy","description":"Ergonomic Office Products","publisher":{"@id":"https:\/\/www.offirex.fi\/#organization"},"potentialAction":[{"@type":"SearchAction","target":{"@type":"EntryPoint","urlTemplate":"https:\/\/www.offirex.fi\/?s={search_term_string}"},"query-input":{"@type":"PropertyValueSpecification","valueRequired":true,"valueName":"search_term_string"}}],"inLanguage":"de"},{"@type":"Organization","@id":"https:\/\/www.offirex.fi\/#organization","name":"Offirex Oy","url":"https:\/\/www.offirex.fi\/","logo":{"@type":"ImageObject","inLanguage":"de","@id":"https:\/\/www.offirex.fi\/#\/schema\/logo\/image\/","url":"https:\/\/www.offirex.fi\/wp-content\/uploads\/2020\/11\/offirex-logo.jpg","contentUrl":"https:\/\/www.offirex.fi\/wp-content\/uploads\/2020\/11\/offirex-logo.jpg","width":320,"height":103,"caption":"Offirex Oy"},"image":{"@id":"https:\/\/www.offirex.fi\/#\/schema\/logo\/image\/"}}]}},"_links":{"self":[{"href":"https:\/\/www.offirex.fi\/de\/wp-json\/wp\/v2\/product\/13329","targetHints":{"allow":["GET"]}}],"collection":[{"href":"https:\/\/www.offirex.fi\/de\/wp-json\/wp\/v2\/product"}],"about":[{"href":"https:\/\/www.offirex.fi\/de\/wp-json\/wp\/v2\/types\/product"}],"wp:featuredmedia":[{"embeddable":true,"href":"https:\/\/www.offirex.fi\/de\/wp-json\/wp\/v2\/media\/15004"}],"wp:attachment":[{"href":"https:\/\/www.offirex.fi\/de\/wp-json\/wp\/v2\/media?parent=13329"}],"wp:term":[{"taxonomy":"product_brand","embeddable":true,"href":"https:\/\/www.offirex.fi\/de\/wp-json\/wp\/v2\/product_brand?post=13329"},{"taxonomy":"product_cat","embeddable":true,"href":"https:\/\/www.offirex.fi\/de\/wp-json\/wp\/v2\/product_cat?post=13329"},{"taxonomy":"product_tag","embeddable":true,"href":"https:\/\/www.offirex.fi\/de\/wp-json\/wp\/v2\/product_tag?post=13329"}],"curies":[{"name":"wp","href":"https:\/\/api.w.org\/{rel}","templated":true}]}}