{"id":5428,"date":"2021-05-12T11:02:28","date_gmt":"2021-05-12T08:02:28","guid":{"rendered":"https:\/\/offirex.fi\/?post_type=product&#038;p=5428"},"modified":"2025-01-14T10:37:18","modified_gmt":"2025-01-14T08:37:18","slug":"evoluent-pystyhiiri-vm4-vasenkatinen-2","status":"publish","type":"product","link":"https:\/\/www.offirex.fi\/de\/product\/evoluent-pystyhiiri-vm4-vasenkatinen-2\/","title":{"rendered":"Evoluent-pystyhiiri VM4, vasenk\u00e4tinen"},"content":{"rendered":"","protected":false},"excerpt":{"rendered":"<p>Evoluent &#8211; maailman ensimm\u00e4inen ja alkuper\u00e4inen k\u00e4ttelyotehiiri<\/p>\n<p><a href=\"https:\/\/offirex.fi\/wp-content\/uploads\/2021\/05\/Evoluent4_left_fi.pdf\">Lataa PDF-esite<\/a><br \/>\n<a href=\"https:\/\/offirex.fi\/wp-content\/uploads\/2021\/02\/VM4-left-handed-Troubleshooting.pdf\">Troubleshooting<\/a><\/p>\n","protected":false},"featured_media":15090,"template":"","meta":{"_et_pb_use_builder":"","_et_pb_old_content":"","_et_gb_content_width":""},"product_brand":[],"product_cat":[156,187,98,131],"product_tag":[],"class_list":{"0":"post-5428","1":"product","2":"type-product","3":"status-publish","4":"has-post-thumbnail","6":"product_cat-evoluent-hiiret","7":"product_cat-vm4-vasen-osasto","8":"product_cat-hiiret","9":"product_cat-vasenkatisten-tuotteet","11":"first","12":"instock","13":"shipping-taxable","14":"product-type-simple"},"yoast_head":"<!-- This site is optimized with the Yoast SEO plugin v27.3 - https:\/\/yoast.com\/product\/yoast-seo-wordpress\/ -->\n<title>Evoluent-pystyhiiri VM4, vasenk\u00e4tinen - Offirex Oy<\/title>\n<meta name=\"description\" content=\"Evoluent VM4 vasenk\u00e4tinen ergonominen pystyhiiri tukee k\u00e4tt\u00e4 luonnollisessa asennossa, v\u00e4hent\u00e4en ranteen rasitusta ja parantaen k\u00e4ytt\u00f6mukavuutta.\" \/>\n<meta name=\"robots\" content=\"index, follow, max-snippet:-1, max-image-preview:large, max-video-preview:-1\" \/>\n<link rel=\"canonical\" href=\"https:\/\/www.offirex.fi\/product\/evoluent-pystyhiiri-vm4-vasenkatinen-2\/\" \/>\n<meta property=\"og:locale\" content=\"de_DE\" \/>\n<meta property=\"og:type\" content=\"article\" \/>\n<meta property=\"og:title\" content=\"Evoluent-pystyhiiri VM4, vasenk\u00e4tinen - Offirex Oy\" \/>\n<meta property=\"og:description\" content=\"Evoluent VM4 vasenk\u00e4tinen ergonominen pystyhiiri tukee k\u00e4tt\u00e4 luonnollisessa asennossa, v\u00e4hent\u00e4en ranteen rasitusta ja parantaen k\u00e4ytt\u00f6mukavuutta.\" \/>\n<meta property=\"og:url\" content=\"https:\/\/www.offirex.fi\/product\/evoluent-pystyhiiri-vm4-vasenkatinen-2\/\" \/>\n<meta property=\"og:site_name\" content=\"Offirex Oy\" \/>\n<meta property=\"article:modified_time\" content=\"2025-01-14T08:37:18+00:00\" \/>\n<meta property=\"og:image\" content=\"https:\/\/www.offirex.fi\/wp-content\/uploads\/2021\/05\/Evoluent-VM4L.jpg\" \/>\n\t<meta property=\"og:image:width\" content=\"900\" \/>\n\t<meta property=\"og:image:height\" content=\"900\" \/>\n\t<meta property=\"og:image:type\" content=\"image\/jpeg\" \/>\n<meta name=\"twitter:card\" content=\"summary_large_image\" \/>\n<meta name=\"twitter:label1\" content=\"Gesch\u00e4tzte Lesezeit\" \/>\n\t<meta name=\"twitter:data1\" content=\"1\u00a0Minute\" \/>\n<script type=\"application\/ld+json\" class=\"yoast-schema-graph\">{\"@context\":\"https:\\\/\\\/schema.org\",\"@graph\":[{\"@type\":\"WebPage\",\"@id\":\"https:\\\/\\\/www.offirex.fi\\\/product\\\/evoluent-pystyhiiri-vm4-vasenkatinen-2\\\/\",\"url\":\"https:\\\/\\\/www.offirex.fi\\\/product\\\/evoluent-pystyhiiri-vm4-vasenkatinen-2\\\/\",\"name\":\"Evoluent-pystyhiiri VM4, vasenk\u00e4tinen - Offirex Oy\",\"isPartOf\":{\"@id\":\"https:\\\/\\\/www.offirex.fi\\\/#website\"},\"primaryImageOfPage\":{\"@id\":\"https:\\\/\\\/www.offirex.fi\\\/product\\\/evoluent-pystyhiiri-vm4-vasenkatinen-2\\\/#primaryimage\"},\"image\":{\"@id\":\"https:\\\/\\\/www.offirex.fi\\\/product\\\/evoluent-pystyhiiri-vm4-vasenkatinen-2\\\/#primaryimage\"},\"thumbnailUrl\":\"https:\\\/\\\/www.offirex.fi\\\/wp-content\\\/uploads\\\/2021\\\/05\\\/Evoluent-VM4L.jpg\",\"datePublished\":\"2021-05-12T08:02:28+00:00\",\"dateModified\":\"2025-01-14T08:37:18+00:00\",\"description\":\"Evoluent VM4 vasenk\u00e4tinen ergonominen pystyhiiri tukee k\u00e4tt\u00e4 luonnollisessa asennossa, v\u00e4hent\u00e4en ranteen rasitusta ja parantaen k\u00e4ytt\u00f6mukavuutta.\",\"breadcrumb\":{\"@id\":\"https:\\\/\\\/www.offirex.fi\\\/product\\\/evoluent-pystyhiiri-vm4-vasenkatinen-2\\\/#breadcrumb\"},\"inLanguage\":\"de\",\"potentialAction\":[{\"@type\":\"ReadAction\",\"target\":[\"https:\\\/\\\/www.offirex.fi\\\/product\\\/evoluent-pystyhiiri-vm4-vasenkatinen-2\\\/\"]}]},{\"@type\":\"ImageObject\",\"inLanguage\":\"de\",\"@id\":\"https:\\\/\\\/www.offirex.fi\\\/product\\\/evoluent-pystyhiiri-vm4-vasenkatinen-2\\\/#primaryimage\",\"url\":\"https:\\\/\\\/www.offirex.fi\\\/wp-content\\\/uploads\\\/2021\\\/05\\\/Evoluent-VM4L.jpg\",\"contentUrl\":\"https:\\\/\\\/www.offirex.fi\\\/wp-content\\\/uploads\\\/2021\\\/05\\\/Evoluent-VM4L.jpg\",\"width\":900,\"height\":900},{\"@type\":\"BreadcrumbList\",\"@id\":\"https:\\\/\\\/www.offirex.fi\\\/product\\\/evoluent-pystyhiiri-vm4-vasenkatinen-2\\\/#breadcrumb\",\"itemListElement\":[{\"@type\":\"ListItem\",\"position\":1,\"name\":\"Etusivu\",\"item\":\"https:\\\/\\\/www.offirex.fi\\\/de\\\/\"},{\"@type\":\"ListItem\",\"position\":2,\"name\":\"Products\",\"item\":\"https:\\\/\\\/www.offirex.fi\\\/en\\\/products-page\\\/\"},{\"@type\":\"ListItem\",\"position\":3,\"name\":\"Evoluent-pystyhiiri VM4, vasenk\u00e4tinen\"}]},{\"@type\":\"WebSite\",\"@id\":\"https:\\\/\\\/www.offirex.fi\\\/#website\",\"url\":\"https:\\\/\\\/www.offirex.fi\\\/\",\"name\":\"Offirex Oy\",\"description\":\"Ergonomic Office Products\",\"publisher\":{\"@id\":\"https:\\\/\\\/www.offirex.fi\\\/#organization\"},\"potentialAction\":[{\"@type\":\"SearchAction\",\"target\":{\"@type\":\"EntryPoint\",\"urlTemplate\":\"https:\\\/\\\/www.offirex.fi\\\/?s={search_term_string}\"},\"query-input\":{\"@type\":\"PropertyValueSpecification\",\"valueRequired\":true,\"valueName\":\"search_term_string\"}}],\"inLanguage\":\"de\"},{\"@type\":\"Organization\",\"@id\":\"https:\\\/\\\/www.offirex.fi\\\/#organization\",\"name\":\"Offirex Oy\",\"url\":\"https:\\\/\\\/www.offirex.fi\\\/\",\"logo\":{\"@type\":\"ImageObject\",\"inLanguage\":\"de\",\"@id\":\"https:\\\/\\\/www.offirex.fi\\\/#\\\/schema\\\/logo\\\/image\\\/\",\"url\":\"https:\\\/\\\/www.offirex.fi\\\/wp-content\\\/uploads\\\/2020\\\/11\\\/offirex-logo.jpg\",\"contentUrl\":\"https:\\\/\\\/www.offirex.fi\\\/wp-content\\\/uploads\\\/2020\\\/11\\\/offirex-logo.jpg\",\"width\":320,\"height\":103,\"caption\":\"Offirex Oy\"},\"image\":{\"@id\":\"https:\\\/\\\/www.offirex.fi\\\/#\\\/schema\\\/logo\\\/image\\\/\"}}]}<\/script>\n<!-- \/ Yoast SEO plugin. -->","yoast_head_json":{"title":"Evoluent-pystyhiiri VM4, vasenk\u00e4tinen - Offirex Oy","description":"Evoluent VM4 vasenk\u00e4tinen ergonominen pystyhiiri tukee k\u00e4tt\u00e4 luonnollisessa asennossa, v\u00e4hent\u00e4en ranteen rasitusta ja parantaen k\u00e4ytt\u00f6mukavuutta.","robots":{"index":"index","follow":"follow","max-snippet":"max-snippet:-1","max-image-preview":"max-image-preview:large","max-video-preview":"max-video-preview:-1"},"canonical":"https:\/\/www.offirex.fi\/product\/evoluent-pystyhiiri-vm4-vasenkatinen-2\/","og_locale":"de_DE","og_type":"article","og_title":"Evoluent-pystyhiiri VM4, vasenk\u00e4tinen - Offirex Oy","og_description":"Evoluent VM4 vasenk\u00e4tinen ergonominen pystyhiiri tukee k\u00e4tt\u00e4 luonnollisessa asennossa, v\u00e4hent\u00e4en ranteen rasitusta ja parantaen k\u00e4ytt\u00f6mukavuutta.","og_url":"https:\/\/www.offirex.fi\/product\/evoluent-pystyhiiri-vm4-vasenkatinen-2\/","og_site_name":"Offirex Oy","article_modified_time":"2025-01-14T08:37:18+00:00","og_image":[{"width":900,"height":900,"url":"https:\/\/www.offirex.fi\/wp-content\/uploads\/2021\/05\/Evoluent-VM4L.jpg","type":"image\/jpeg"}],"twitter_card":"summary_large_image","twitter_misc":{"Gesch\u00e4tzte Lesezeit":"1\u00a0Minute"},"schema":{"@context":"https:\/\/schema.org","@graph":[{"@type":"WebPage","@id":"https:\/\/www.offirex.fi\/product\/evoluent-pystyhiiri-vm4-vasenkatinen-2\/","url":"https:\/\/www.offirex.fi\/product\/evoluent-pystyhiiri-vm4-vasenkatinen-2\/","name":"Evoluent-pystyhiiri VM4, vasenk\u00e4tinen - Offirex Oy","isPartOf":{"@id":"https:\/\/www.offirex.fi\/#website"},"primaryImageOfPage":{"@id":"https:\/\/www.offirex.fi\/product\/evoluent-pystyhiiri-vm4-vasenkatinen-2\/#primaryimage"},"image":{"@id":"https:\/\/www.offirex.fi\/product\/evoluent-pystyhiiri-vm4-vasenkatinen-2\/#primaryimage"},"thumbnailUrl":"https:\/\/www.offirex.fi\/wp-content\/uploads\/2021\/05\/Evoluent-VM4L.jpg","datePublished":"2021-05-12T08:02:28+00:00","dateModified":"2025-01-14T08:37:18+00:00","description":"Evoluent VM4 vasenk\u00e4tinen ergonominen pystyhiiri tukee k\u00e4tt\u00e4 luonnollisessa asennossa, v\u00e4hent\u00e4en ranteen rasitusta ja parantaen k\u00e4ytt\u00f6mukavuutta.","breadcrumb":{"@id":"https:\/\/www.offirex.fi\/product\/evoluent-pystyhiiri-vm4-vasenkatinen-2\/#breadcrumb"},"inLanguage":"de","potentialAction":[{"@type":"ReadAction","target":["https:\/\/www.offirex.fi\/product\/evoluent-pystyhiiri-vm4-vasenkatinen-2\/"]}]},{"@type":"ImageObject","inLanguage":"de","@id":"https:\/\/www.offirex.fi\/product\/evoluent-pystyhiiri-vm4-vasenkatinen-2\/#primaryimage","url":"https:\/\/www.offirex.fi\/wp-content\/uploads\/2021\/05\/Evoluent-VM4L.jpg","contentUrl":"https:\/\/www.offirex.fi\/wp-content\/uploads\/2021\/05\/Evoluent-VM4L.jpg","width":900,"height":900},{"@type":"BreadcrumbList","@id":"https:\/\/www.offirex.fi\/product\/evoluent-pystyhiiri-vm4-vasenkatinen-2\/#breadcrumb","itemListElement":[{"@type":"ListItem","position":1,"name":"Etusivu","item":"https:\/\/www.offirex.fi\/de\/"},{"@type":"ListItem","position":2,"name":"Products","item":"https:\/\/www.offirex.fi\/en\/products-page\/"},{"@type":"ListItem","position":3,"name":"Evoluent-pystyhiiri VM4, vasenk\u00e4tinen"}]},{"@type":"WebSite","@id":"https:\/\/www.offirex.fi\/#website","url":"https:\/\/www.offirex.fi\/","name":"Offirex Oy","description":"Ergonomic Office Products","publisher":{"@id":"https:\/\/www.offirex.fi\/#organization"},"potentialAction":[{"@type":"SearchAction","target":{"@type":"EntryPoint","urlTemplate":"https:\/\/www.offirex.fi\/?s={search_term_string}"},"query-input":{"@type":"PropertyValueSpecification","valueRequired":true,"valueName":"search_term_string"}}],"inLanguage":"de"},{"@type":"Organization","@id":"https:\/\/www.offirex.fi\/#organization","name":"Offirex Oy","url":"https:\/\/www.offirex.fi\/","logo":{"@type":"ImageObject","inLanguage":"de","@id":"https:\/\/www.offirex.fi\/#\/schema\/logo\/image\/","url":"https:\/\/www.offirex.fi\/wp-content\/uploads\/2020\/11\/offirex-logo.jpg","contentUrl":"https:\/\/www.offirex.fi\/wp-content\/uploads\/2020\/11\/offirex-logo.jpg","width":320,"height":103,"caption":"Offirex Oy"},"image":{"@id":"https:\/\/www.offirex.fi\/#\/schema\/logo\/image\/"}}]}},"_links":{"self":[{"href":"https:\/\/www.offirex.fi\/de\/wp-json\/wp\/v2\/product\/5428","targetHints":{"allow":["GET"]}}],"collection":[{"href":"https:\/\/www.offirex.fi\/de\/wp-json\/wp\/v2\/product"}],"about":[{"href":"https:\/\/www.offirex.fi\/de\/wp-json\/wp\/v2\/types\/product"}],"wp:featuredmedia":[{"embeddable":true,"href":"https:\/\/www.offirex.fi\/de\/wp-json\/wp\/v2\/media\/15090"}],"wp:attachment":[{"href":"https:\/\/www.offirex.fi\/de\/wp-json\/wp\/v2\/media?parent=5428"}],"wp:term":[{"taxonomy":"product_brand","embeddable":true,"href":"https:\/\/www.offirex.fi\/de\/wp-json\/wp\/v2\/product_brand?post=5428"},{"taxonomy":"product_cat","embeddable":true,"href":"https:\/\/www.offirex.fi\/de\/wp-json\/wp\/v2\/product_cat?post=5428"},{"taxonomy":"product_tag","embeddable":true,"href":"https:\/\/www.offirex.fi\/de\/wp-json\/wp\/v2\/product_tag?post=5428"}],"curies":[{"name":"wp","href":"https:\/\/api.w.org\/{rel}","templated":true}]}}