{"id":5430,"date":"2021-05-12T11:20:28","date_gmt":"2021-05-12T08:20:28","guid":{"rendered":"https:\/\/offirex.fi\/?post_type=product&#038;p=5430"},"modified":"2025-01-16T12:26:23","modified_gmt":"2025-01-16T10:26:23","slug":"keinuhiiri-rockstick-langaton","status":"publish","type":"product","link":"https:\/\/www.offirex.fi\/de\/product\/keinuhiiri-rockstick-langaton\/","title":{"rendered":"Keinuhiiri Rockstick 2, langaton"},"content":{"rendered":"","protected":false},"excerpt":{"rendered":"<p>Rock &#8217;n&#8216; scroll! Keinauta ja vierit\u00e4! Keinauta k\u00e4dell\u00e4, \u00e4l\u00e4 rasita sormia.<\/p>\n<p><a href=\"https:\/\/offirex.fi\/wp-content\/uploads\/2021\/02\/Rockstick2_fi.pdf\" target=\"_blank\" rel=\"noopener\"><img loading=\"lazy\" decoding=\"async\" class=\"alignnone wp-image-3973\" src=\"https:\/\/offirex.fi\/wp-content\/uploads\/2021\/02\/rda_winner-2014_cmyk-300x214.jpg\" alt=\"\" width=\"290\" height=\"207\" srcset=\"https:\/\/www.offirex.fi\/wp-content\/uploads\/2021\/02\/rda_winner-2014_cmyk-300x214.jpg 300w, https:\/\/www.offirex.fi\/wp-content\/uploads\/2021\/02\/rda_winner-2014_cmyk-900x641.jpg 900w, https:\/\/www.offirex.fi\/wp-content\/uploads\/2021\/02\/rda_winner-2014_cmyk-1024x729.jpg 1024w, https:\/\/www.offirex.fi\/wp-content\/uploads\/2021\/02\/rda_winner-2014_cmyk-768x547.jpg 768w, https:\/\/www.offirex.fi\/wp-content\/uploads\/2021\/02\/rda_winner-2014_cmyk-1536x1094.jpg 1536w, https:\/\/www.offirex.fi\/wp-content\/uploads\/2021\/02\/rda_winner-2014_cmyk-640x456.jpg 640w, https:\/\/www.offirex.fi\/wp-content\/uploads\/2021\/02\/rda_winner-2014_cmyk-400x285.jpg 400w, https:\/\/www.offirex.fi\/wp-content\/uploads\/2021\/02\/rda_winner-2014_cmyk-600x427.jpg 600w, https:\/\/www.offirex.fi\/wp-content\/uploads\/2021\/02\/rda_winner-2014_cmyk.jpg 1890w\" sizes=\"(max-width: 290px) 100vw, 290px\" \/><\/a><\/p>\n<p><a href=\"https:\/\/offirex.fi\/wp-content\/uploads\/2021\/05\/Rockstick2_fi.pdf\">Lataa PDF-esite<\/a><\/p>\n<p><a href=\"https:\/\/offirex.fi\/wp-content\/uploads\/2021\/02\/Rocker_Mouse_kayttokokemus.pdf\">K\u00e4ytt\u00e4j\u00e4n kokemuksia<\/a><\/p>\n","protected":false},"featured_media":14848,"template":"","meta":{"_et_pb_use_builder":"","_et_pb_old_content":"","_et_gb_content_width":""},"product_brand":[],"product_cat":[158,98],"product_tag":[],"class_list":{"0":"post-5430","1":"product","2":"type-product","3":"status-publish","4":"has-post-thumbnail","6":"product_cat-rocker-mouse-rockstick-2","7":"product_cat-hiiret","9":"first","10":"instock","11":"shipping-taxable","12":"product-type-simple"},"yoast_head":"<!-- This site is optimized with the Yoast SEO plugin v27.3 - https:\/\/yoast.com\/product\/yoast-seo-wordpress\/ -->\n<title>Keinuhiiri Rockstick 2, langaton - Offirex Oy<\/title>\n<meta name=\"description\" content=\"Keinuhiiri Rockstick 2 on ergonominen langaton hiiri, jossa klikkaus tapahtuu k\u00e4den keinautuksella, mik\u00e4 v\u00e4hent\u00e4\u00e4 sormien rasitusta.\" \/>\n<meta name=\"robots\" content=\"index, follow, max-snippet:-1, max-image-preview:large, max-video-preview:-1\" \/>\n<link rel=\"canonical\" href=\"https:\/\/www.offirex.fi\/product\/keinuhiiri-rockstick-langaton\/\" \/>\n<meta property=\"og:locale\" content=\"de_DE\" \/>\n<meta property=\"og:type\" content=\"article\" \/>\n<meta property=\"og:title\" content=\"Keinuhiiri Rockstick 2, langaton - Offirex Oy\" \/>\n<meta property=\"og:description\" content=\"Keinuhiiri Rockstick 2 on ergonominen langaton hiiri, jossa klikkaus tapahtuu k\u00e4den keinautuksella, mik\u00e4 v\u00e4hent\u00e4\u00e4 sormien rasitusta.\" \/>\n<meta property=\"og:url\" content=\"https:\/\/www.offirex.fi\/product\/keinuhiiri-rockstick-langaton\/\" \/>\n<meta property=\"og:site_name\" content=\"Offirex Oy\" \/>\n<meta property=\"article:modified_time\" content=\"2025-01-16T10:26:23+00:00\" \/>\n<meta property=\"og:image\" content=\"https:\/\/www.offirex.fi\/wp-content\/uploads\/2021\/05\/ROCKSTICK-RIGHT.png\" \/>\n\t<meta property=\"og:image:width\" content=\"1200\" \/>\n\t<meta property=\"og:image:height\" content=\"1200\" \/>\n\t<meta property=\"og:image:type\" content=\"image\/png\" \/>\n<meta name=\"twitter:card\" content=\"summary_large_image\" \/>\n<meta name=\"twitter:label1\" content=\"Gesch\u00e4tzte Lesezeit\" \/>\n\t<meta name=\"twitter:data1\" content=\"1\u00a0Minute\" \/>\n<script type=\"application\/ld+json\" class=\"yoast-schema-graph\">{\"@context\":\"https:\\\/\\\/schema.org\",\"@graph\":[{\"@type\":\"WebPage\",\"@id\":\"https:\\\/\\\/www.offirex.fi\\\/product\\\/keinuhiiri-rockstick-langaton\\\/\",\"url\":\"https:\\\/\\\/www.offirex.fi\\\/product\\\/keinuhiiri-rockstick-langaton\\\/\",\"name\":\"Keinuhiiri Rockstick 2, langaton - Offirex Oy\",\"isPartOf\":{\"@id\":\"https:\\\/\\\/www.offirex.fi\\\/#website\"},\"primaryImageOfPage\":{\"@id\":\"https:\\\/\\\/www.offirex.fi\\\/product\\\/keinuhiiri-rockstick-langaton\\\/#primaryimage\"},\"image\":{\"@id\":\"https:\\\/\\\/www.offirex.fi\\\/product\\\/keinuhiiri-rockstick-langaton\\\/#primaryimage\"},\"thumbnailUrl\":\"https:\\\/\\\/www.offirex.fi\\\/wp-content\\\/uploads\\\/2021\\\/05\\\/ROCKSTICK-RIGHT.png\",\"datePublished\":\"2021-05-12T08:20:28+00:00\",\"dateModified\":\"2025-01-16T10:26:23+00:00\",\"description\":\"Keinuhiiri Rockstick 2 on ergonominen langaton hiiri, jossa klikkaus tapahtuu k\u00e4den keinautuksella, mik\u00e4 v\u00e4hent\u00e4\u00e4 sormien rasitusta.\",\"breadcrumb\":{\"@id\":\"https:\\\/\\\/www.offirex.fi\\\/product\\\/keinuhiiri-rockstick-langaton\\\/#breadcrumb\"},\"inLanguage\":\"de\",\"potentialAction\":[{\"@type\":\"ReadAction\",\"target\":[\"https:\\\/\\\/www.offirex.fi\\\/product\\\/keinuhiiri-rockstick-langaton\\\/\"]}]},{\"@type\":\"ImageObject\",\"inLanguage\":\"de\",\"@id\":\"https:\\\/\\\/www.offirex.fi\\\/product\\\/keinuhiiri-rockstick-langaton\\\/#primaryimage\",\"url\":\"https:\\\/\\\/www.offirex.fi\\\/wp-content\\\/uploads\\\/2021\\\/05\\\/ROCKSTICK-RIGHT.png\",\"contentUrl\":\"https:\\\/\\\/www.offirex.fi\\\/wp-content\\\/uploads\\\/2021\\\/05\\\/ROCKSTICK-RIGHT.png\",\"width\":1200,\"height\":1200},{\"@type\":\"BreadcrumbList\",\"@id\":\"https:\\\/\\\/www.offirex.fi\\\/product\\\/keinuhiiri-rockstick-langaton\\\/#breadcrumb\",\"itemListElement\":[{\"@type\":\"ListItem\",\"position\":1,\"name\":\"Etusivu\",\"item\":\"https:\\\/\\\/www.offirex.fi\\\/de\\\/\"},{\"@type\":\"ListItem\",\"position\":2,\"name\":\"Products\",\"item\":\"https:\\\/\\\/www.offirex.fi\\\/en\\\/products-page\\\/\"},{\"@type\":\"ListItem\",\"position\":3,\"name\":\"Keinuhiiri Rockstick 2, langaton\"}]},{\"@type\":\"WebSite\",\"@id\":\"https:\\\/\\\/www.offirex.fi\\\/#website\",\"url\":\"https:\\\/\\\/www.offirex.fi\\\/\",\"name\":\"Offirex Oy\",\"description\":\"Ergonomic Office Products\",\"publisher\":{\"@id\":\"https:\\\/\\\/www.offirex.fi\\\/#organization\"},\"potentialAction\":[{\"@type\":\"SearchAction\",\"target\":{\"@type\":\"EntryPoint\",\"urlTemplate\":\"https:\\\/\\\/www.offirex.fi\\\/?s={search_term_string}\"},\"query-input\":{\"@type\":\"PropertyValueSpecification\",\"valueRequired\":true,\"valueName\":\"search_term_string\"}}],\"inLanguage\":\"de\"},{\"@type\":\"Organization\",\"@id\":\"https:\\\/\\\/www.offirex.fi\\\/#organization\",\"name\":\"Offirex Oy\",\"url\":\"https:\\\/\\\/www.offirex.fi\\\/\",\"logo\":{\"@type\":\"ImageObject\",\"inLanguage\":\"de\",\"@id\":\"https:\\\/\\\/www.offirex.fi\\\/#\\\/schema\\\/logo\\\/image\\\/\",\"url\":\"https:\\\/\\\/www.offirex.fi\\\/wp-content\\\/uploads\\\/2020\\\/11\\\/offirex-logo.jpg\",\"contentUrl\":\"https:\\\/\\\/www.offirex.fi\\\/wp-content\\\/uploads\\\/2020\\\/11\\\/offirex-logo.jpg\",\"width\":320,\"height\":103,\"caption\":\"Offirex Oy\"},\"image\":{\"@id\":\"https:\\\/\\\/www.offirex.fi\\\/#\\\/schema\\\/logo\\\/image\\\/\"}}]}<\/script>\n<!-- \/ Yoast SEO plugin. -->","yoast_head_json":{"title":"Keinuhiiri Rockstick 2, langaton - Offirex Oy","description":"Keinuhiiri Rockstick 2 on ergonominen langaton hiiri, jossa klikkaus tapahtuu k\u00e4den keinautuksella, mik\u00e4 v\u00e4hent\u00e4\u00e4 sormien rasitusta.","robots":{"index":"index","follow":"follow","max-snippet":"max-snippet:-1","max-image-preview":"max-image-preview:large","max-video-preview":"max-video-preview:-1"},"canonical":"https:\/\/www.offirex.fi\/product\/keinuhiiri-rockstick-langaton\/","og_locale":"de_DE","og_type":"article","og_title":"Keinuhiiri Rockstick 2, langaton - Offirex Oy","og_description":"Keinuhiiri Rockstick 2 on ergonominen langaton hiiri, jossa klikkaus tapahtuu k\u00e4den keinautuksella, mik\u00e4 v\u00e4hent\u00e4\u00e4 sormien rasitusta.","og_url":"https:\/\/www.offirex.fi\/product\/keinuhiiri-rockstick-langaton\/","og_site_name":"Offirex Oy","article_modified_time":"2025-01-16T10:26:23+00:00","og_image":[{"width":1200,"height":1200,"url":"https:\/\/www.offirex.fi\/wp-content\/uploads\/2021\/05\/ROCKSTICK-RIGHT.png","type":"image\/png"}],"twitter_card":"summary_large_image","twitter_misc":{"Gesch\u00e4tzte Lesezeit":"1\u00a0Minute"},"schema":{"@context":"https:\/\/schema.org","@graph":[{"@type":"WebPage","@id":"https:\/\/www.offirex.fi\/product\/keinuhiiri-rockstick-langaton\/","url":"https:\/\/www.offirex.fi\/product\/keinuhiiri-rockstick-langaton\/","name":"Keinuhiiri Rockstick 2, langaton - Offirex Oy","isPartOf":{"@id":"https:\/\/www.offirex.fi\/#website"},"primaryImageOfPage":{"@id":"https:\/\/www.offirex.fi\/product\/keinuhiiri-rockstick-langaton\/#primaryimage"},"image":{"@id":"https:\/\/www.offirex.fi\/product\/keinuhiiri-rockstick-langaton\/#primaryimage"},"thumbnailUrl":"https:\/\/www.offirex.fi\/wp-content\/uploads\/2021\/05\/ROCKSTICK-RIGHT.png","datePublished":"2021-05-12T08:20:28+00:00","dateModified":"2025-01-16T10:26:23+00:00","description":"Keinuhiiri Rockstick 2 on ergonominen langaton hiiri, jossa klikkaus tapahtuu k\u00e4den keinautuksella, mik\u00e4 v\u00e4hent\u00e4\u00e4 sormien rasitusta.","breadcrumb":{"@id":"https:\/\/www.offirex.fi\/product\/keinuhiiri-rockstick-langaton\/#breadcrumb"},"inLanguage":"de","potentialAction":[{"@type":"ReadAction","target":["https:\/\/www.offirex.fi\/product\/keinuhiiri-rockstick-langaton\/"]}]},{"@type":"ImageObject","inLanguage":"de","@id":"https:\/\/www.offirex.fi\/product\/keinuhiiri-rockstick-langaton\/#primaryimage","url":"https:\/\/www.offirex.fi\/wp-content\/uploads\/2021\/05\/ROCKSTICK-RIGHT.png","contentUrl":"https:\/\/www.offirex.fi\/wp-content\/uploads\/2021\/05\/ROCKSTICK-RIGHT.png","width":1200,"height":1200},{"@type":"BreadcrumbList","@id":"https:\/\/www.offirex.fi\/product\/keinuhiiri-rockstick-langaton\/#breadcrumb","itemListElement":[{"@type":"ListItem","position":1,"name":"Etusivu","item":"https:\/\/www.offirex.fi\/de\/"},{"@type":"ListItem","position":2,"name":"Products","item":"https:\/\/www.offirex.fi\/en\/products-page\/"},{"@type":"ListItem","position":3,"name":"Keinuhiiri Rockstick 2, langaton"}]},{"@type":"WebSite","@id":"https:\/\/www.offirex.fi\/#website","url":"https:\/\/www.offirex.fi\/","name":"Offirex Oy","description":"Ergonomic Office Products","publisher":{"@id":"https:\/\/www.offirex.fi\/#organization"},"potentialAction":[{"@type":"SearchAction","target":{"@type":"EntryPoint","urlTemplate":"https:\/\/www.offirex.fi\/?s={search_term_string}"},"query-input":{"@type":"PropertyValueSpecification","valueRequired":true,"valueName":"search_term_string"}}],"inLanguage":"de"},{"@type":"Organization","@id":"https:\/\/www.offirex.fi\/#organization","name":"Offirex Oy","url":"https:\/\/www.offirex.fi\/","logo":{"@type":"ImageObject","inLanguage":"de","@id":"https:\/\/www.offirex.fi\/#\/schema\/logo\/image\/","url":"https:\/\/www.offirex.fi\/wp-content\/uploads\/2020\/11\/offirex-logo.jpg","contentUrl":"https:\/\/www.offirex.fi\/wp-content\/uploads\/2020\/11\/offirex-logo.jpg","width":320,"height":103,"caption":"Offirex Oy"},"image":{"@id":"https:\/\/www.offirex.fi\/#\/schema\/logo\/image\/"}}]}},"_links":{"self":[{"href":"https:\/\/www.offirex.fi\/de\/wp-json\/wp\/v2\/product\/5430","targetHints":{"allow":["GET"]}}],"collection":[{"href":"https:\/\/www.offirex.fi\/de\/wp-json\/wp\/v2\/product"}],"about":[{"href":"https:\/\/www.offirex.fi\/de\/wp-json\/wp\/v2\/types\/product"}],"wp:featuredmedia":[{"embeddable":true,"href":"https:\/\/www.offirex.fi\/de\/wp-json\/wp\/v2\/media\/14848"}],"wp:attachment":[{"href":"https:\/\/www.offirex.fi\/de\/wp-json\/wp\/v2\/media?parent=5430"}],"wp:term":[{"taxonomy":"product_brand","embeddable":true,"href":"https:\/\/www.offirex.fi\/de\/wp-json\/wp\/v2\/product_brand?post=5430"},{"taxonomy":"product_cat","embeddable":true,"href":"https:\/\/www.offirex.fi\/de\/wp-json\/wp\/v2\/product_cat?post=5430"},{"taxonomy":"product_tag","embeddable":true,"href":"https:\/\/www.offirex.fi\/de\/wp-json\/wp\/v2\/product_tag?post=5430"}],"curies":[{"name":"wp","href":"https:\/\/api.w.org\/{rel}","templated":true}]}}