{"id":3065,"date":"2020-11-10T07:48:11","date_gmt":"2020-11-10T05:48:11","guid":{"rendered":"https:\/\/offirex.fi\/tuotteet\/"},"modified":"2021-08-05T11:52:18","modified_gmt":"2021-08-05T08:52:18","slug":"tuotteet","status":"publish","type":"page","link":"https:\/\/www.offirex.fi\/sv\/tuotteet\/","title":{"rendered":"Home"},"content":{"rendered":"<p>[vc_row wrap_container=&#8221;yes&#8221; el_class=&#8221;pt-5&#8243; css=&#8221;.vc_custom_1609326328181{padding-bottom: 50px !important;}&#8221;][vc_column width=&#8221;1\/2&#8243; css=&#8221;.vc_custom_1609326583046{background-color: #e3e3e3 !important;}&#8221;][vc_column_text css=&#8221;.vc_custom_1609326707032{padding-top: 20px !important;padding-right: 20px !important;padding-bottom: 20px !important;padding-left: 20px !important;}&#8221;]Vi betj\u00e4nar ocks\u00e5 p\u00e5 svenska.<\/p>\n<p>V\u00e4nligen kontakta:<br \/>\nJuha Ryyn\u00e4nen (direkt: +358 9 3158 4411, mobil: +358 40 718 750,<\/p>\n<p>e-post: juha@offirex.com ) [\/vc_column_text][\/vc_column][vc_column width=&#8221;1\/2&#8243;][\/vc_column][\/vc_row][vc_row disable_element=&#8221;yes&#8221; wrap_container=&#8221;yes&#8221; el_class=&#8221;pt-5&#8243; css=&#8221;.vc_custom_1609326204574{padding-bottom: 50px !important;}&#8221;][vc_column][vc_custom_heading text=&#8221;TUOTERYHM\u00c4T&#8221; font_container=&#8221;tag:h2|font_size:1.125rem|text_align:center|line_height:1&#8243; use_theme_fonts=&#8221;yes&#8221; font_weight=&#8221;600&#8243; show_border=&#8221;yes&#8221; border_type=&#8221;middle-border-center&#8221; border_size=&#8221;xl&#8221; animation_delay=&#8221;400&#8243; border_color=&#8221;#00599d&#8221; el_class=&#8221;mb-5&#8243;][porto_product_categories text_position=&#8221;outside-center&#8221; overlay_bg_opacity=&#8221;0&#8243; text_color=&#8221;dark&#8221; orderby=&#8221;none&#8221; hide_empty=&#8221;yes&#8221; hide_count=&#8221;yes&#8221; image_size=&#8221;2048&#215;2048&#8243; animation_delay=&#8221;600&#8243; number=&#8221;20&#8243; el_class=&#8221;mb-3&#8243; ids=&#8221;37, 101, 52, 128, 55, 135, 96, 97, 133, 99, 15, 125, 129, 127, 126, 134, 98, 132, 131, 130&#8243;][porto_recent_products title_border_style=&#8221;border-middle&#8221; title_align=&#8221;center&#8221; view=&#8221;products-slider&#8221; per_page=&#8221;6&#8243; columns=&#8221;5&#8243; nav_pos=&#8221;nav-center-images-only&#8221; nav_pos2=&#8221;nav-pos-outside&#8221; nav_type=&#8221;nav-style-4&#8243; show_nav_hover=&#8221;yes&#8221; autoplay=&#8221;no&#8221; animation_delay=&#8221;200&#8243; title=&#8221;UUSIMMAT TUOTTEET&#8221; el_class=&#8221;mb-3&#8243;][\/vc_column][\/vc_row][vc_row disable_element=&#8221;yes&#8221; wrap_container=&#8221;yes&#8221; el_class=&#8221;pt-5 pb-4&#8243; css=&#8221;.vc_custom_1607804821634{background-color: #f6f7f9 !important;}&#8221;][vc_column width=&#8221;1\/3&#8243;][porto_info_box icon_type=&#8221;porto&#8221; icon_size=&#8221;40&#8243; icon_style=&#8221;advanced&#8221; icon_color_bg=&#8221;&#8221; icon_border_style=&#8221;solid&#8221; icon_color_border=&#8221;#dddddd&#8221; icon_border_size=&#8221;2&#8243; icon_border_radius=&#8221;40&#8243; icon_border_spacing=&#8221;76&#8243; title=&#8221;Nopea toimitus&#8221; subtitle=&#8221;Jopa saman vuorokauden aikana&#8221; pos=&#8221;top&#8221; title_font_style=&#8221;700&#8243; subtitle_font_style=&#8221;500&#8243; icon_color=&#8221;#0088cc&#8221; title_font_size=&#8221;16&#8243; subtitle_font_size=&#8221;14&#8243; subtitle_font_line_height=&#8221;22&#8243; subtitle_font_color=&#8221;#555555&#8243; desc_font_size=&#8221;13&#8243; el_class=&#8221;px-4&#8243; icon_porto=&#8221;porto-icon-shipping&#8221;]Contrary to popular belief, Lorem Ipsum is not simply random text. It has roots in a piece of classical Latin literature from 45 BC, making it over 2000 years old.[\/porto_info_box][\/vc_column][vc_column width=&#8221;1\/3&#8243;][porto_info_box icon_type=&#8221;porto&#8221; icon_size=&#8221;40&#8243; icon_style=&#8221;advanced&#8221; icon_color_bg=&#8221;&#8221; icon_border_style=&#8221;solid&#8221; icon_color_border=&#8221;#dddddd&#8221; icon_border_size=&#8221;2&#8243; icon_border_radius=&#8221;40&#8243; icon_border_spacing=&#8221;76&#8243; title=&#8221;Edulliset hinnat&#8221; subtitle=&#8221;Maailmanlaajuisesti&#8221; pos=&#8221;top&#8221; title_font_style=&#8221;700&#8243; subtitle_font_style=&#8221;500&#8243; icon_color=&#8221;#0088cc&#8221; title_font_size=&#8221;16&#8243; subtitle_font_size=&#8221;14&#8243; subtitle_font_line_height=&#8221;22&#8243; subtitle_font_color=&#8221;#555555&#8243; desc_font_size=&#8221;13&#8243; el_class=&#8221;px-4&#8243; icon_porto=&#8221;porto-icon-money&#8221;]Contrary to popular belief, Lorem Ipsum is not simply random text. It has roots in a piece of classical Latin literature from 45 BC, making it over 2000 years old.[\/porto_info_box][\/vc_column][vc_column width=&#8221;1\/3&#8243;][porto_info_box icon_type=&#8221;porto&#8221; icon_size=&#8221;40&#8243; icon_style=&#8221;advanced&#8221; icon_color_bg=&#8221;&#8221; icon_border_style=&#8221;solid&#8221; icon_color_border=&#8221;#dddddd&#8221; icon_border_size=&#8221;2&#8243; icon_border_radius=&#8221;40&#8243; icon_border_spacing=&#8221;76&#8243; title=&#8221;Yst\u00e4v\u00e4llinen asiakaspalvelu&#8221; subtitle=&#8221;Laadukasta palvelua&#8221; pos=&#8221;top&#8221; title_font_style=&#8221;700&#8243; subtitle_font_style=&#8221;500&#8243; icon_color=&#8221;#0088cc&#8221; title_font_size=&#8221;16&#8243; subtitle_font_size=&#8221;14&#8243; subtitle_font_line_height=&#8221;22&#8243; subtitle_font_color=&#8221;#555555&#8243; desc_font_size=&#8221;13&#8243; el_class=&#8221;px-4&#8243; icon_porto=&#8221;porto-icon-support&#8221;]Contrary to popular belief, Lorem Ipsum is not simply random text. It has roots in a piece of classical Latin literature from 45 BC, making it over 2000 years old.[\/porto_info_box][\/vc_column][\/vc_row][vc_row disable_element=&#8221;yes&#8221; wrap_container=&#8221;yes&#8221; is_section=&#8221;yes&#8221; section_skin=&#8221;parallax&#8221; remove_margin_top=&#8221;yes&#8221; remove_margin_bottom=&#8221;yes&#8221; remove_border=&#8221;yes&#8221;][vc_column][vc_custom_heading text=&#8221;UUTISET&#8221; font_container=&#8221;tag:h2|font_size:1.125rem|text_align:center|line_height:1&#8243; use_theme_fonts=&#8221;yes&#8221; text_transform=&#8221;text-uppercase&#8221; show_border=&#8221;yes&#8221; border_type=&#8221;middle-border-center&#8221; border_size=&#8221;xl&#8221; border_color=&#8221;#00599d&#8221; el_class=&#8221;mb-4&#8243;][porto_blog post_layout=&#8221;grid&#8221; number=&#8221;4&#8243; excerpt_length=&#8221;18&#8243; el_class=&#8221;mb-2&#8243;][vc_separator color=&#8221;custom&#8221; style=&#8221;solid&#8221;][porto_carousel stage_padding=&#8221;0&#8243; margin=&#8221;0&#8243; items=&#8221;6&#8243; items_lg=&#8221;4&#8243; items_md=&#8221;3&#8243; items_sm=&#8221;2&#8243; items_xs=&#8221;1&#8243; loop=&#8221;yes&#8221; animation_delay=&#8221;400&#8243; el_class=&#8221;brand-slider py-4&#8243;][vc_single_image image=&#8221;1953&#8243; img_size=&#8221;full&#8221; alignment=&#8221;center&#8221; k=&#8221;#&#8221;][vc_single_image image=&#8221;1954&#8243; img_size=&#8221;full&#8221; alignment=&#8221;center&#8221; k=&#8221;#&#8221;][vc_single_image image=&#8221;1949&#8243; img_size=&#8221;full&#8221; alignment=&#8221;center&#8221; k=&#8221;#&#8221;][vc_single_image image=&#8221;1950&#8243; img_size=&#8221;full&#8221; alignment=&#8221;center&#8221; k=&#8221;#&#8221;][vc_single_image image=&#8221;1951&#8243; img_size=&#8221;full&#8221; alignment=&#8221;center&#8221; k=&#8221;#&#8221;][vc_single_image image=&#8221;1952&#8243; img_size=&#8221;full&#8221; alignment=&#8221;center&#8221; k=&#8221;#&#8221;][\/porto_carousel][vc_separator color=&#8221;custom&#8221; style=&#8221;solid&#8221; el_class=&#8221;mb-5&#8243;][\/vc_column][\/vc_row]<\/p>\n","protected":false},"excerpt":{"rendered":"<p>[vc_row wrap_container=&#8221;yes&#8221; el_class=&#8221;pt-5&#8243; css=&#8221;.vc_custom_1609326328181{padding-bottom: 50px !important;}&#8221;][vc_column width=&#8221;1\/2&#8243; css=&#8221;.vc_custom_1609326583046{background-color: #e3e3e3 !important;}&#8221;][vc_column_text css=&#8221;.vc_custom_1609326707032{padding-top: 20px !important;padding-right: 20px !important;padding-bottom: 20px !important;padding-left: 20px !important;}&#8221;]Vi betj\u00e4nar ocks\u00e5 p\u00e5 svenska. V\u00e4nligen kontakta: Juha Ryyn\u00e4nen (direkt: +358 9 3158 4411, mobil: +358 40 718 750, e-post: juha@offirex.com ) [\/vc_column_text][\/vc_column][vc_column width=&#8221;1\/2&#8243;][\/vc_column][\/vc_row][vc_row disable_element=&#8221;yes&#8221; wrap_container=&#8221;yes&#8221; el_class=&#8221;pt-5&#8243; css=&#8221;.vc_custom_1609326204574{padding-bottom: 50px !important;}&#8221;][vc_column][vc_custom_heading text=&#8221;TUOTERYHM\u00c4T&#8221; font_container=&#8221;tag:h2|font_size:1.125rem|text_align:center|line_height:1&#8243; use_theme_fonts=&#8221;yes&#8221; font_weight=&#8221;600&#8243; show_border=&#8221;yes&#8221; border_type=&#8221;middle-border-center&#8221; border_size=&#8221;xl&#8221; [&hellip;]<\/p>\n","protected":false},"author":8,"featured_media":0,"parent":0,"menu_order":0,"comment_status":"closed","ping_status":"closed","template":"","meta":{"_et_pb_use_builder":"on","_et_pb_old_content":"","_et_gb_content_width":"","footnotes":""},"class_list":["post-3065","page","type-page","status-publish","hentry"],"yoast_head":"<!-- This site is optimized with the Yoast SEO plugin v27.3 - https:\/\/yoast.com\/product\/yoast-seo-wordpress\/ -->\n<title>Home - Offirex Oy<\/title>\n<meta name=\"robots\" content=\"index, follow, max-snippet:-1, max-image-preview:large, max-video-preview:-1\" \/>\n<link rel=\"canonical\" href=\"https:\/\/www.offirex.fi\/sv\/tuotteet\/\" \/>\n<meta property=\"og:locale\" content=\"sv_SE\" \/>\n<meta property=\"og:type\" content=\"article\" \/>\n<meta property=\"og:title\" content=\"Home - Offirex Oy\" \/>\n<meta property=\"og:description\" content=\"[vc_row wrap_container=&quot;yes&quot; el_class=&quot;pt-5&quot; css=&quot;.vc_custom_1609326328181{padding-bottom: 50px !important;}&quot;][vc_column width=&quot;1\/2&quot; css=&quot;.vc_custom_1609326583046{background-color: #e3e3e3 !important;}&quot;][vc_column_text css=&quot;.vc_custom_1609326707032{padding-top: 20px !important;padding-right: 20px !important;padding-bottom: 20px !important;padding-left: 20px !important;}&quot;]Vi betj\u00e4nar ocks\u00e5 p\u00e5 svenska. V\u00e4nligen kontakta: Juha Ryyn\u00e4nen (direkt: +358 9 3158 4411, mobil: +358 40 718 750, e-post: juha@offirex.com ) [\/vc_column_text][\/vc_column][vc_column width=&quot;1\/2&quot;][\/vc_column][\/vc_row][vc_row disable_element=&quot;yes&quot; wrap_container=&quot;yes&quot; el_class=&quot;pt-5&quot; css=&quot;.vc_custom_1609326204574{padding-bottom: 50px !important;}&quot;][vc_column][vc_custom_heading text=&quot;TUOTERYHM\u00c4T&quot; font_container=&quot;tag:h2|font_size:1.125rem|text_align:center|line_height:1&quot; use_theme_fonts=&quot;yes&quot; font_weight=&quot;600&quot; show_border=&quot;yes&quot; border_type=&quot;middle-border-center&quot; border_size=&quot;xl&quot; [&hellip;]\" \/>\n<meta property=\"og:url\" content=\"https:\/\/www.offirex.fi\/sv\/tuotteet\/\" \/>\n<meta property=\"og:site_name\" content=\"Offirex Oy\" \/>\n<meta property=\"article:modified_time\" content=\"2021-08-05T08:52:18+00:00\" \/>\n<meta property=\"og:image\" content=\"https:\/\/www.offirex.fi\/wp-content\/uploads\/2022\/12\/offrex-plogo.png\" \/>\n\t<meta property=\"og:image:width\" content=\"523\" \/>\n\t<meta property=\"og:image:height\" content=\"164\" \/>\n\t<meta property=\"og:image:type\" content=\"image\/png\" \/>\n<meta name=\"twitter:card\" content=\"summary_large_image\" \/>\n<meta name=\"twitter:label1\" content=\"Ber\u00e4knad l\u00e4stid\" \/>\n\t<meta name=\"twitter:data1\" content=\"4 minuter\" \/>\n<script type=\"application\/ld+json\" class=\"yoast-schema-graph\">{\"@context\":\"https:\\\/\\\/schema.org\",\"@graph\":[{\"@type\":\"WebPage\",\"@id\":\"https:\\\/\\\/www.offirex.fi\\\/sv\\\/tuotteet\\\/\",\"url\":\"https:\\\/\\\/www.offirex.fi\\\/sv\\\/tuotteet\\\/\",\"name\":\"Home - Offirex Oy\",\"isPartOf\":{\"@id\":\"https:\\\/\\\/www.offirex.fi\\\/#website\"},\"datePublished\":\"2020-11-10T05:48:11+00:00\",\"dateModified\":\"2021-08-05T08:52:18+00:00\",\"breadcrumb\":{\"@id\":\"https:\\\/\\\/www.offirex.fi\\\/sv\\\/tuotteet\\\/#breadcrumb\"},\"inLanguage\":\"sv-SE\",\"potentialAction\":[{\"@type\":\"ReadAction\",\"target\":[\"https:\\\/\\\/www.offirex.fi\\\/sv\\\/tuotteet\\\/\"]}]},{\"@type\":\"BreadcrumbList\",\"@id\":\"https:\\\/\\\/www.offirex.fi\\\/sv\\\/tuotteet\\\/#breadcrumb\",\"itemListElement\":[{\"@type\":\"ListItem\",\"position\":1,\"name\":\"Etusivu\",\"item\":\"https:\\\/\\\/www.offirex.fi\\\/sv\\\/\"},{\"@type\":\"ListItem\",\"position\":2,\"name\":\"Home\"}]},{\"@type\":\"WebSite\",\"@id\":\"https:\\\/\\\/www.offirex.fi\\\/#website\",\"url\":\"https:\\\/\\\/www.offirex.fi\\\/\",\"name\":\"Offirex Oy\",\"description\":\"Ergonomic Office Products\",\"publisher\":{\"@id\":\"https:\\\/\\\/www.offirex.fi\\\/#organization\"},\"potentialAction\":[{\"@type\":\"SearchAction\",\"target\":{\"@type\":\"EntryPoint\",\"urlTemplate\":\"https:\\\/\\\/www.offirex.fi\\\/?s={search_term_string}\"},\"query-input\":{\"@type\":\"PropertyValueSpecification\",\"valueRequired\":true,\"valueName\":\"search_term_string\"}}],\"inLanguage\":\"sv-SE\"},{\"@type\":\"Organization\",\"@id\":\"https:\\\/\\\/www.offirex.fi\\\/#organization\",\"name\":\"Offirex Oy\",\"url\":\"https:\\\/\\\/www.offirex.fi\\\/\",\"logo\":{\"@type\":\"ImageObject\",\"inLanguage\":\"sv-SE\",\"@id\":\"https:\\\/\\\/www.offirex.fi\\\/#\\\/schema\\\/logo\\\/image\\\/\",\"url\":\"https:\\\/\\\/www.offirex.fi\\\/wp-content\\\/uploads\\\/2020\\\/11\\\/offirex-logo.jpg\",\"contentUrl\":\"https:\\\/\\\/www.offirex.fi\\\/wp-content\\\/uploads\\\/2020\\\/11\\\/offirex-logo.jpg\",\"width\":320,\"height\":103,\"caption\":\"Offirex Oy\"},\"image\":{\"@id\":\"https:\\\/\\\/www.offirex.fi\\\/#\\\/schema\\\/logo\\\/image\\\/\"}}]}<\/script>\n<!-- \/ Yoast SEO plugin. -->","yoast_head_json":{"title":"Home - Offirex Oy","robots":{"index":"index","follow":"follow","max-snippet":"max-snippet:-1","max-image-preview":"max-image-preview:large","max-video-preview":"max-video-preview:-1"},"canonical":"https:\/\/www.offirex.fi\/sv\/tuotteet\/","og_locale":"sv_SE","og_type":"article","og_title":"Home - Offirex Oy","og_description":"[vc_row wrap_container=\"yes\" el_class=\"pt-5\" css=\".vc_custom_1609326328181{padding-bottom: 50px !important;}\"][vc_column width=\"1\/2\" css=\".vc_custom_1609326583046{background-color: #e3e3e3 !important;}\"][vc_column_text css=\".vc_custom_1609326707032{padding-top: 20px !important;padding-right: 20px !important;padding-bottom: 20px !important;padding-left: 20px !important;}\"]Vi betj\u00e4nar ocks\u00e5 p\u00e5 svenska. V\u00e4nligen kontakta: Juha Ryyn\u00e4nen (direkt: +358 9 3158 4411, mobil: +358 40 718 750, e-post: juha@offirex.com ) [\/vc_column_text][\/vc_column][vc_column width=\"1\/2\"][\/vc_column][\/vc_row][vc_row disable_element=\"yes\" wrap_container=\"yes\" el_class=\"pt-5\" css=\".vc_custom_1609326204574{padding-bottom: 50px !important;}\"][vc_column][vc_custom_heading text=\"TUOTERYHM\u00c4T\" font_container=\"tag:h2|font_size:1.125rem|text_align:center|line_height:1\" use_theme_fonts=\"yes\" font_weight=\"600\" show_border=\"yes\" border_type=\"middle-border-center\" border_size=\"xl\" [&hellip;]","og_url":"https:\/\/www.offirex.fi\/sv\/tuotteet\/","og_site_name":"Offirex Oy","article_modified_time":"2021-08-05T08:52:18+00:00","og_image":[{"width":523,"height":164,"url":"https:\/\/www.offirex.fi\/wp-content\/uploads\/2022\/12\/offrex-plogo.png","type":"image\/png"}],"twitter_card":"summary_large_image","twitter_misc":{"Ber\u00e4knad l\u00e4stid":"4 minuter"},"schema":{"@context":"https:\/\/schema.org","@graph":[{"@type":"WebPage","@id":"https:\/\/www.offirex.fi\/sv\/tuotteet\/","url":"https:\/\/www.offirex.fi\/sv\/tuotteet\/","name":"Home - Offirex Oy","isPartOf":{"@id":"https:\/\/www.offirex.fi\/#website"},"datePublished":"2020-11-10T05:48:11+00:00","dateModified":"2021-08-05T08:52:18+00:00","breadcrumb":{"@id":"https:\/\/www.offirex.fi\/sv\/tuotteet\/#breadcrumb"},"inLanguage":"sv-SE","potentialAction":[{"@type":"ReadAction","target":["https:\/\/www.offirex.fi\/sv\/tuotteet\/"]}]},{"@type":"BreadcrumbList","@id":"https:\/\/www.offirex.fi\/sv\/tuotteet\/#breadcrumb","itemListElement":[{"@type":"ListItem","position":1,"name":"Etusivu","item":"https:\/\/www.offirex.fi\/sv\/"},{"@type":"ListItem","position":2,"name":"Home"}]},{"@type":"WebSite","@id":"https:\/\/www.offirex.fi\/#website","url":"https:\/\/www.offirex.fi\/","name":"Offirex Oy","description":"Ergonomic Office Products","publisher":{"@id":"https:\/\/www.offirex.fi\/#organization"},"potentialAction":[{"@type":"SearchAction","target":{"@type":"EntryPoint","urlTemplate":"https:\/\/www.offirex.fi\/?s={search_term_string}"},"query-input":{"@type":"PropertyValueSpecification","valueRequired":true,"valueName":"search_term_string"}}],"inLanguage":"sv-SE"},{"@type":"Organization","@id":"https:\/\/www.offirex.fi\/#organization","name":"Offirex Oy","url":"https:\/\/www.offirex.fi\/","logo":{"@type":"ImageObject","inLanguage":"sv-SE","@id":"https:\/\/www.offirex.fi\/#\/schema\/logo\/image\/","url":"https:\/\/www.offirex.fi\/wp-content\/uploads\/2020\/11\/offirex-logo.jpg","contentUrl":"https:\/\/www.offirex.fi\/wp-content\/uploads\/2020\/11\/offirex-logo.jpg","width":320,"height":103,"caption":"Offirex Oy"},"image":{"@id":"https:\/\/www.offirex.fi\/#\/schema\/logo\/image\/"}}]}},"_links":{"self":[{"href":"https:\/\/www.offirex.fi\/sv\/wp-json\/wp\/v2\/pages\/3065","targetHints":{"allow":["GET"]}}],"collection":[{"href":"https:\/\/www.offirex.fi\/sv\/wp-json\/wp\/v2\/pages"}],"about":[{"href":"https:\/\/www.offirex.fi\/sv\/wp-json\/wp\/v2\/types\/page"}],"author":[{"embeddable":true,"href":"https:\/\/www.offirex.fi\/sv\/wp-json\/wp\/v2\/users\/8"}],"replies":[{"embeddable":true,"href":"https:\/\/www.offirex.fi\/sv\/wp-json\/wp\/v2\/comments?post=3065"}],"version-history":[{"count":2,"href":"https:\/\/www.offirex.fi\/sv\/wp-json\/wp\/v2\/pages\/3065\/revisions"}],"predecessor-version":[{"id":6618,"href":"https:\/\/www.offirex.fi\/sv\/wp-json\/wp\/v2\/pages\/3065\/revisions\/6618"}],"wp:attachment":[{"href":"https:\/\/www.offirex.fi\/sv\/wp-json\/wp\/v2\/media?parent=3065"}],"curies":[{"name":"wp","href":"https:\/\/api.w.org\/{rel}","templated":true}]}}