{"id":15822,"date":"2025-05-16T09:30:38","date_gmt":"2025-05-16T06:30:38","guid":{"rendered":"https:\/\/www.offirex.fi\/product\/evoluent-vertical-mouse-vm4-bluetooth-mac-musta\/"},"modified":"2025-06-11T14:25:38","modified_gmt":"2025-06-11T11:25:38","slug":"evoluent-vertical-mouse-vm4-bluetooth-mac-musta","status":"publish","type":"product","link":"https:\/\/www.offirex.fi\/sv\/product\/evoluent-vertical-mouse-vm4-bluetooth-mac-musta\/","title":{"rendered":"Evoluent Vertical Mouse VM4 Bluetooth Mac Musta"},"content":{"rendered":"","protected":false},"excerpt":{"rendered":"<p>Evoluent &#8211; maailman ensimm\u00e4inen ja alkuper\u00e4inen k\u00e4ttelyotehiiri<br \/>\n<a href=\"https:\/\/www.offirex.fi\/wp-content\/uploads\/2025\/05\/Evoluent-VM4RW-fi-pdf.pdf.pdf\">Lataa PDF-esite<\/a><br \/>\n<a href=\"https:\/\/offirex.fi\/wp-content\/uploads\/2021\/02\/VM4-Bluetooth-Mac-Troubleshooting.pdf\">Troubleshooting<\/a><\/p>\n","protected":false},"featured_media":15743,"template":"","meta":{"_et_pb_use_builder":"","_et_pb_old_content":"","_et_gb_content_width":""},"product_brand":[],"product_cat":[299,300],"product_tag":[],"class_list":{"0":"post-15822","1":"product","2":"type-product","3":"status-publish","4":"has-post-thumbnail","6":"product_cat-evoluent-hiiret-sv","7":"product_cat-hiiret-sv","9":"first","10":"instock","11":"shipping-taxable","12":"product-type-simple"},"yoast_head":"<!-- This site is optimized with the Yoast SEO plugin v27.3 - https:\/\/yoast.com\/product\/yoast-seo-wordpress\/ -->\n<title>Evoluent Vertical Mouse VM4 Bluetooth Mac Musta - Offirex Oy<\/title>\n<meta name=\"description\" content=\"Evoluent VerticalMouse 4 Bluetooth Mac on ergonominen pystyhiiri, jolla v\u00e4ltet\u00e4\u00e4n kyyn\u00e4rvarren kiertyminen ja joka yhdistyy langattomasti Mac-laitteisiin.\" \/>\n<meta name=\"robots\" content=\"index, follow, max-snippet:-1, max-image-preview:large, max-video-preview:-1\" \/>\n<link rel=\"canonical\" href=\"https:\/\/www.offirex.fi\/sv\/product\/evoluent-vertical-mouse-vm4-bluetooth-mac-musta\/\" \/>\n<meta property=\"og:locale\" content=\"sv_SE\" \/>\n<meta property=\"og:type\" content=\"article\" \/>\n<meta property=\"og:title\" content=\"Evoluent Vertical Mouse VM4 Bluetooth Mac Musta - Offirex Oy\" \/>\n<meta property=\"og:description\" content=\"Evoluent VerticalMouse 4 Bluetooth Mac on ergonominen pystyhiiri, jolla v\u00e4ltet\u00e4\u00e4n kyyn\u00e4rvarren kiertyminen ja joka yhdistyy langattomasti Mac-laitteisiin.\" \/>\n<meta property=\"og:url\" content=\"https:\/\/www.offirex.fi\/sv\/product\/evoluent-vertical-mouse-vm4-bluetooth-mac-musta\/\" \/>\n<meta property=\"og:site_name\" content=\"Offirex Oy\" \/>\n<meta property=\"article:modified_time\" content=\"2025-06-11T11:25:38+00:00\" \/>\n<meta property=\"og:image\" content=\"https:\/\/www.offirex.fi\/wp-content\/uploads\/2025\/05\/VM4RM-right-e1747377683876.jpg\" \/>\n\t<meta property=\"og:image:width\" content=\"1200\" \/>\n\t<meta property=\"og:image:height\" content=\"1200\" \/>\n\t<meta property=\"og:image:type\" content=\"image\/jpeg\" \/>\n<meta name=\"twitter:card\" content=\"summary_large_image\" \/>\n<meta name=\"twitter:label1\" content=\"Ber\u00e4knad l\u00e4stid\" \/>\n\t<meta name=\"twitter:data1\" content=\"1 minut\" \/>\n<script type=\"application\/ld+json\" class=\"yoast-schema-graph\">{\"@context\":\"https:\\\/\\\/schema.org\",\"@graph\":[{\"@type\":\"WebPage\",\"@id\":\"https:\\\/\\\/www.offirex.fi\\\/sv\\\/product\\\/evoluent-vertical-mouse-vm4-bluetooth-mac-musta\\\/\",\"url\":\"https:\\\/\\\/www.offirex.fi\\\/sv\\\/product\\\/evoluent-vertical-mouse-vm4-bluetooth-mac-musta\\\/\",\"name\":\"Evoluent Vertical Mouse VM4 Bluetooth Mac Musta - Offirex Oy\",\"isPartOf\":{\"@id\":\"https:\\\/\\\/www.offirex.fi\\\/#website\"},\"primaryImageOfPage\":{\"@id\":\"https:\\\/\\\/www.offirex.fi\\\/sv\\\/product\\\/evoluent-vertical-mouse-vm4-bluetooth-mac-musta\\\/#primaryimage\"},\"image\":{\"@id\":\"https:\\\/\\\/www.offirex.fi\\\/sv\\\/product\\\/evoluent-vertical-mouse-vm4-bluetooth-mac-musta\\\/#primaryimage\"},\"thumbnailUrl\":\"https:\\\/\\\/www.offirex.fi\\\/wp-content\\\/uploads\\\/2025\\\/05\\\/VM4RM-right-e1747377683876.jpg\",\"datePublished\":\"2025-05-16T06:30:38+00:00\",\"dateModified\":\"2025-06-11T11:25:38+00:00\",\"description\":\"Evoluent VerticalMouse 4 Bluetooth Mac on ergonominen pystyhiiri, jolla v\u00e4ltet\u00e4\u00e4n kyyn\u00e4rvarren kiertyminen ja joka yhdistyy langattomasti Mac-laitteisiin.\",\"breadcrumb\":{\"@id\":\"https:\\\/\\\/www.offirex.fi\\\/sv\\\/product\\\/evoluent-vertical-mouse-vm4-bluetooth-mac-musta\\\/#breadcrumb\"},\"inLanguage\":\"sv-SE\",\"potentialAction\":[{\"@type\":\"ReadAction\",\"target\":[\"https:\\\/\\\/www.offirex.fi\\\/sv\\\/product\\\/evoluent-vertical-mouse-vm4-bluetooth-mac-musta\\\/\"]}]},{\"@type\":\"ImageObject\",\"inLanguage\":\"sv-SE\",\"@id\":\"https:\\\/\\\/www.offirex.fi\\\/sv\\\/product\\\/evoluent-vertical-mouse-vm4-bluetooth-mac-musta\\\/#primaryimage\",\"url\":\"https:\\\/\\\/www.offirex.fi\\\/wp-content\\\/uploads\\\/2025\\\/05\\\/VM4RM-right-e1747377683876.jpg\",\"contentUrl\":\"https:\\\/\\\/www.offirex.fi\\\/wp-content\\\/uploads\\\/2025\\\/05\\\/VM4RM-right-e1747377683876.jpg\",\"width\":1200,\"height\":1200},{\"@type\":\"BreadcrumbList\",\"@id\":\"https:\\\/\\\/www.offirex.fi\\\/sv\\\/product\\\/evoluent-vertical-mouse-vm4-bluetooth-mac-musta\\\/#breadcrumb\",\"itemListElement\":[{\"@type\":\"ListItem\",\"position\":1,\"name\":\"Etusivu\",\"item\":\"https:\\\/\\\/www.offirex.fi\\\/sv\\\/\"},{\"@type\":\"ListItem\",\"position\":2,\"name\":\"Products\",\"item\":\"https:\\\/\\\/www.offirex.fi\\\/en\\\/products-page\\\/\"},{\"@type\":\"ListItem\",\"position\":3,\"name\":\"Evoluent Vertical Mouse VM4 Bluetooth Mac Musta\"}]},{\"@type\":\"WebSite\",\"@id\":\"https:\\\/\\\/www.offirex.fi\\\/#website\",\"url\":\"https:\\\/\\\/www.offirex.fi\\\/\",\"name\":\"Offirex Oy\",\"description\":\"Ergonomic Office Products\",\"publisher\":{\"@id\":\"https:\\\/\\\/www.offirex.fi\\\/#organization\"},\"potentialAction\":[{\"@type\":\"SearchAction\",\"target\":{\"@type\":\"EntryPoint\",\"urlTemplate\":\"https:\\\/\\\/www.offirex.fi\\\/?s={search_term_string}\"},\"query-input\":{\"@type\":\"PropertyValueSpecification\",\"valueRequired\":true,\"valueName\":\"search_term_string\"}}],\"inLanguage\":\"sv-SE\"},{\"@type\":\"Organization\",\"@id\":\"https:\\\/\\\/www.offirex.fi\\\/#organization\",\"name\":\"Offirex Oy\",\"url\":\"https:\\\/\\\/www.offirex.fi\\\/\",\"logo\":{\"@type\":\"ImageObject\",\"inLanguage\":\"sv-SE\",\"@id\":\"https:\\\/\\\/www.offirex.fi\\\/#\\\/schema\\\/logo\\\/image\\\/\",\"url\":\"https:\\\/\\\/www.offirex.fi\\\/wp-content\\\/uploads\\\/2020\\\/11\\\/offirex-logo.jpg\",\"contentUrl\":\"https:\\\/\\\/www.offirex.fi\\\/wp-content\\\/uploads\\\/2020\\\/11\\\/offirex-logo.jpg\",\"width\":320,\"height\":103,\"caption\":\"Offirex Oy\"},\"image\":{\"@id\":\"https:\\\/\\\/www.offirex.fi\\\/#\\\/schema\\\/logo\\\/image\\\/\"}}]}<\/script>\n<!-- \/ Yoast SEO plugin. -->","yoast_head_json":{"title":"Evoluent Vertical Mouse VM4 Bluetooth Mac Musta - Offirex Oy","description":"Evoluent VerticalMouse 4 Bluetooth Mac on ergonominen pystyhiiri, jolla v\u00e4ltet\u00e4\u00e4n kyyn\u00e4rvarren kiertyminen ja joka yhdistyy langattomasti Mac-laitteisiin.","robots":{"index":"index","follow":"follow","max-snippet":"max-snippet:-1","max-image-preview":"max-image-preview:large","max-video-preview":"max-video-preview:-1"},"canonical":"https:\/\/www.offirex.fi\/sv\/product\/evoluent-vertical-mouse-vm4-bluetooth-mac-musta\/","og_locale":"sv_SE","og_type":"article","og_title":"Evoluent Vertical Mouse VM4 Bluetooth Mac Musta - Offirex Oy","og_description":"Evoluent VerticalMouse 4 Bluetooth Mac on ergonominen pystyhiiri, jolla v\u00e4ltet\u00e4\u00e4n kyyn\u00e4rvarren kiertyminen ja joka yhdistyy langattomasti Mac-laitteisiin.","og_url":"https:\/\/www.offirex.fi\/sv\/product\/evoluent-vertical-mouse-vm4-bluetooth-mac-musta\/","og_site_name":"Offirex Oy","article_modified_time":"2025-06-11T11:25:38+00:00","og_image":[{"width":1200,"height":1200,"url":"https:\/\/www.offirex.fi\/wp-content\/uploads\/2025\/05\/VM4RM-right-e1747377683876.jpg","type":"image\/jpeg"}],"twitter_card":"summary_large_image","twitter_misc":{"Ber\u00e4knad l\u00e4stid":"1 minut"},"schema":{"@context":"https:\/\/schema.org","@graph":[{"@type":"WebPage","@id":"https:\/\/www.offirex.fi\/sv\/product\/evoluent-vertical-mouse-vm4-bluetooth-mac-musta\/","url":"https:\/\/www.offirex.fi\/sv\/product\/evoluent-vertical-mouse-vm4-bluetooth-mac-musta\/","name":"Evoluent Vertical Mouse VM4 Bluetooth Mac Musta - Offirex Oy","isPartOf":{"@id":"https:\/\/www.offirex.fi\/#website"},"primaryImageOfPage":{"@id":"https:\/\/www.offirex.fi\/sv\/product\/evoluent-vertical-mouse-vm4-bluetooth-mac-musta\/#primaryimage"},"image":{"@id":"https:\/\/www.offirex.fi\/sv\/product\/evoluent-vertical-mouse-vm4-bluetooth-mac-musta\/#primaryimage"},"thumbnailUrl":"https:\/\/www.offirex.fi\/wp-content\/uploads\/2025\/05\/VM4RM-right-e1747377683876.jpg","datePublished":"2025-05-16T06:30:38+00:00","dateModified":"2025-06-11T11:25:38+00:00","description":"Evoluent VerticalMouse 4 Bluetooth Mac on ergonominen pystyhiiri, jolla v\u00e4ltet\u00e4\u00e4n kyyn\u00e4rvarren kiertyminen ja joka yhdistyy langattomasti Mac-laitteisiin.","breadcrumb":{"@id":"https:\/\/www.offirex.fi\/sv\/product\/evoluent-vertical-mouse-vm4-bluetooth-mac-musta\/#breadcrumb"},"inLanguage":"sv-SE","potentialAction":[{"@type":"ReadAction","target":["https:\/\/www.offirex.fi\/sv\/product\/evoluent-vertical-mouse-vm4-bluetooth-mac-musta\/"]}]},{"@type":"ImageObject","inLanguage":"sv-SE","@id":"https:\/\/www.offirex.fi\/sv\/product\/evoluent-vertical-mouse-vm4-bluetooth-mac-musta\/#primaryimage","url":"https:\/\/www.offirex.fi\/wp-content\/uploads\/2025\/05\/VM4RM-right-e1747377683876.jpg","contentUrl":"https:\/\/www.offirex.fi\/wp-content\/uploads\/2025\/05\/VM4RM-right-e1747377683876.jpg","width":1200,"height":1200},{"@type":"BreadcrumbList","@id":"https:\/\/www.offirex.fi\/sv\/product\/evoluent-vertical-mouse-vm4-bluetooth-mac-musta\/#breadcrumb","itemListElement":[{"@type":"ListItem","position":1,"name":"Etusivu","item":"https:\/\/www.offirex.fi\/sv\/"},{"@type":"ListItem","position":2,"name":"Products","item":"https:\/\/www.offirex.fi\/en\/products-page\/"},{"@type":"ListItem","position":3,"name":"Evoluent Vertical Mouse VM4 Bluetooth Mac Musta"}]},{"@type":"WebSite","@id":"https:\/\/www.offirex.fi\/#website","url":"https:\/\/www.offirex.fi\/","name":"Offirex Oy","description":"Ergonomic Office Products","publisher":{"@id":"https:\/\/www.offirex.fi\/#organization"},"potentialAction":[{"@type":"SearchAction","target":{"@type":"EntryPoint","urlTemplate":"https:\/\/www.offirex.fi\/?s={search_term_string}"},"query-input":{"@type":"PropertyValueSpecification","valueRequired":true,"valueName":"search_term_string"}}],"inLanguage":"sv-SE"},{"@type":"Organization","@id":"https:\/\/www.offirex.fi\/#organization","name":"Offirex Oy","url":"https:\/\/www.offirex.fi\/","logo":{"@type":"ImageObject","inLanguage":"sv-SE","@id":"https:\/\/www.offirex.fi\/#\/schema\/logo\/image\/","url":"https:\/\/www.offirex.fi\/wp-content\/uploads\/2020\/11\/offirex-logo.jpg","contentUrl":"https:\/\/www.offirex.fi\/wp-content\/uploads\/2020\/11\/offirex-logo.jpg","width":320,"height":103,"caption":"Offirex Oy"},"image":{"@id":"https:\/\/www.offirex.fi\/#\/schema\/logo\/image\/"}}]}},"_links":{"self":[{"href":"https:\/\/www.offirex.fi\/sv\/wp-json\/wp\/v2\/product\/15822","targetHints":{"allow":["GET"]}}],"collection":[{"href":"https:\/\/www.offirex.fi\/sv\/wp-json\/wp\/v2\/product"}],"about":[{"href":"https:\/\/www.offirex.fi\/sv\/wp-json\/wp\/v2\/types\/product"}],"wp:featuredmedia":[{"embeddable":true,"href":"https:\/\/www.offirex.fi\/sv\/wp-json\/wp\/v2\/media\/15743"}],"wp:attachment":[{"href":"https:\/\/www.offirex.fi\/sv\/wp-json\/wp\/v2\/media?parent=15822"}],"wp:term":[{"taxonomy":"product_brand","embeddable":true,"href":"https:\/\/www.offirex.fi\/sv\/wp-json\/wp\/v2\/product_brand?post=15822"},{"taxonomy":"product_cat","embeddable":true,"href":"https:\/\/www.offirex.fi\/sv\/wp-json\/wp\/v2\/product_cat?post=15822"},{"taxonomy":"product_tag","embeddable":true,"href":"https:\/\/www.offirex.fi\/sv\/wp-json\/wp\/v2\/product_tag?post=15822"}],"curies":[{"name":"wp","href":"https:\/\/api.w.org\/{rel}","templated":true}]}}