{"id":3141,"date":"2021-01-18T12:28:50","date_gmt":"2021-01-18T10:28:50","guid":{"rendered":"https:\/\/offirex.fi\/?post_type=product&#038;p=3141"},"modified":"2025-05-08T13:11:52","modified_gmt":"2025-05-08T10:11:52","slug":"monitorivarsi-usbarm","status":"publish","type":"product","link":"https:\/\/www.offirex.fi\/sv\/product\/monitorivarsi-usbarm\/","title":{"rendered":"Monitorivarsi USBARM"},"content":{"rendered":"","protected":false},"excerpt":{"rendered":"<p>Kaasujousella ja kahdella SuperSpeed USB-portilla 3.0<br \/>\n<a href=\"https:\/\/www.offirex.fi\/wp-content\/uploads\/2025\/05\/Monitorivarsi-USBARM-2-1.pdf\">Lataa PDF-esite<\/a><\/p>\n","protected":false},"featured_media":14715,"template":"","meta":{"_et_pb_use_builder":"","_et_pb_old_content":"","_et_gb_content_width":""},"product_brand":[],"product_cat":[99],"product_tag":[],"class_list":{"0":"post-3141","1":"product","2":"type-product","3":"status-publish","4":"has-post-thumbnail","6":"product_cat-monitorivarsi","8":"first","9":"instock","10":"shipping-taxable","11":"product-type-simple"},"yoast_head":"<!-- This site is optimized with the Yoast SEO plugin v27.3 - https:\/\/yoast.com\/product\/yoast-seo-wordpress\/ -->\n<title>Monitorivarsi USBARM - Offirex Oy<\/title>\n<meta name=\"description\" content=\"Monitorivarsi USBARM s\u00e4\u00e4st\u00e4\u00e4 tilaa ty\u00f6p\u00f6yd\u00e4ll\u00e4. N\u00e4yt\u00f6n asennon s\u00e4\u00e4t\u00e4minen on todella helppoa. Kaksi USB-porttia.\" \/>\n<meta name=\"robots\" content=\"index, follow, max-snippet:-1, max-image-preview:large, max-video-preview:-1\" \/>\n<link rel=\"canonical\" href=\"https:\/\/www.offirex.fi\/product\/monitorivarsi-usbarm\/\" \/>\n<meta property=\"og:locale\" content=\"sv_SE\" \/>\n<meta property=\"og:type\" content=\"article\" \/>\n<meta property=\"og:title\" content=\"Monitorivarsi USBARM - Offirex Oy\" \/>\n<meta property=\"og:description\" content=\"Monitorivarsi USBARM s\u00e4\u00e4st\u00e4\u00e4 tilaa ty\u00f6p\u00f6yd\u00e4ll\u00e4. N\u00e4yt\u00f6n asennon s\u00e4\u00e4t\u00e4minen on todella helppoa. Kaksi USB-porttia.\" \/>\n<meta property=\"og:url\" content=\"https:\/\/www.offirex.fi\/product\/monitorivarsi-usbarm\/\" \/>\n<meta property=\"og:site_name\" content=\"Offirex Oy\" \/>\n<meta property=\"article:modified_time\" content=\"2025-05-08T10:11:52+00:00\" \/>\n<meta property=\"og:image\" content=\"https:\/\/www.offirex.fi\/wp-content\/uploads\/2021\/01\/USBARM-cover-photo.jpg\" \/>\n\t<meta property=\"og:image:width\" content=\"1400\" \/>\n\t<meta property=\"og:image:height\" content=\"1400\" \/>\n\t<meta property=\"og:image:type\" content=\"image\/jpeg\" \/>\n<meta name=\"twitter:card\" content=\"summary_large_image\" \/>\n<meta name=\"twitter:label1\" content=\"Ber\u00e4knad l\u00e4stid\" \/>\n\t<meta name=\"twitter:data1\" content=\"1 minut\" \/>\n<script type=\"application\/ld+json\" class=\"yoast-schema-graph\">{\"@context\":\"https:\\\/\\\/schema.org\",\"@graph\":[{\"@type\":\"WebPage\",\"@id\":\"https:\\\/\\\/www.offirex.fi\\\/product\\\/monitorivarsi-usbarm\\\/\",\"url\":\"https:\\\/\\\/www.offirex.fi\\\/product\\\/monitorivarsi-usbarm\\\/\",\"name\":\"Monitorivarsi USBARM - Offirex Oy\",\"isPartOf\":{\"@id\":\"https:\\\/\\\/www.offirex.fi\\\/#website\"},\"primaryImageOfPage\":{\"@id\":\"https:\\\/\\\/www.offirex.fi\\\/product\\\/monitorivarsi-usbarm\\\/#primaryimage\"},\"image\":{\"@id\":\"https:\\\/\\\/www.offirex.fi\\\/product\\\/monitorivarsi-usbarm\\\/#primaryimage\"},\"thumbnailUrl\":\"https:\\\/\\\/www.offirex.fi\\\/wp-content\\\/uploads\\\/2021\\\/01\\\/USBARM-cover-photo.jpg\",\"datePublished\":\"2021-01-18T10:28:50+00:00\",\"dateModified\":\"2025-05-08T10:11:52+00:00\",\"description\":\"Monitorivarsi USBARM s\u00e4\u00e4st\u00e4\u00e4 tilaa ty\u00f6p\u00f6yd\u00e4ll\u00e4. N\u00e4yt\u00f6n asennon s\u00e4\u00e4t\u00e4minen on todella helppoa. Kaksi USB-porttia.\",\"breadcrumb\":{\"@id\":\"https:\\\/\\\/www.offirex.fi\\\/product\\\/monitorivarsi-usbarm\\\/#breadcrumb\"},\"inLanguage\":\"sv-SE\",\"potentialAction\":[{\"@type\":\"ReadAction\",\"target\":[\"https:\\\/\\\/www.offirex.fi\\\/product\\\/monitorivarsi-usbarm\\\/\"]}]},{\"@type\":\"ImageObject\",\"inLanguage\":\"sv-SE\",\"@id\":\"https:\\\/\\\/www.offirex.fi\\\/product\\\/monitorivarsi-usbarm\\\/#primaryimage\",\"url\":\"https:\\\/\\\/www.offirex.fi\\\/wp-content\\\/uploads\\\/2021\\\/01\\\/USBARM-cover-photo.jpg\",\"contentUrl\":\"https:\\\/\\\/www.offirex.fi\\\/wp-content\\\/uploads\\\/2021\\\/01\\\/USBARM-cover-photo.jpg\",\"width\":1400,\"height\":1400},{\"@type\":\"BreadcrumbList\",\"@id\":\"https:\\\/\\\/www.offirex.fi\\\/product\\\/monitorivarsi-usbarm\\\/#breadcrumb\",\"itemListElement\":[{\"@type\":\"ListItem\",\"position\":1,\"name\":\"Etusivu\",\"item\":\"https:\\\/\\\/www.offirex.fi\\\/sv\\\/\"},{\"@type\":\"ListItem\",\"position\":2,\"name\":\"Products\",\"item\":\"https:\\\/\\\/www.offirex.fi\\\/en\\\/products-page\\\/\"},{\"@type\":\"ListItem\",\"position\":3,\"name\":\"Monitorivarsi USBARM\"}]},{\"@type\":\"WebSite\",\"@id\":\"https:\\\/\\\/www.offirex.fi\\\/#website\",\"url\":\"https:\\\/\\\/www.offirex.fi\\\/\",\"name\":\"Offirex Oy\",\"description\":\"Ergonomic Office Products\",\"publisher\":{\"@id\":\"https:\\\/\\\/www.offirex.fi\\\/#organization\"},\"potentialAction\":[{\"@type\":\"SearchAction\",\"target\":{\"@type\":\"EntryPoint\",\"urlTemplate\":\"https:\\\/\\\/www.offirex.fi\\\/?s={search_term_string}\"},\"query-input\":{\"@type\":\"PropertyValueSpecification\",\"valueRequired\":true,\"valueName\":\"search_term_string\"}}],\"inLanguage\":\"sv-SE\"},{\"@type\":\"Organization\",\"@id\":\"https:\\\/\\\/www.offirex.fi\\\/#organization\",\"name\":\"Offirex Oy\",\"url\":\"https:\\\/\\\/www.offirex.fi\\\/\",\"logo\":{\"@type\":\"ImageObject\",\"inLanguage\":\"sv-SE\",\"@id\":\"https:\\\/\\\/www.offirex.fi\\\/#\\\/schema\\\/logo\\\/image\\\/\",\"url\":\"https:\\\/\\\/www.offirex.fi\\\/wp-content\\\/uploads\\\/2020\\\/11\\\/offirex-logo.jpg\",\"contentUrl\":\"https:\\\/\\\/www.offirex.fi\\\/wp-content\\\/uploads\\\/2020\\\/11\\\/offirex-logo.jpg\",\"width\":320,\"height\":103,\"caption\":\"Offirex Oy\"},\"image\":{\"@id\":\"https:\\\/\\\/www.offirex.fi\\\/#\\\/schema\\\/logo\\\/image\\\/\"}}]}<\/script>\n<!-- \/ Yoast SEO plugin. -->","yoast_head_json":{"title":"Monitorivarsi USBARM - Offirex Oy","description":"Monitorivarsi USBARM s\u00e4\u00e4st\u00e4\u00e4 tilaa ty\u00f6p\u00f6yd\u00e4ll\u00e4. N\u00e4yt\u00f6n asennon s\u00e4\u00e4t\u00e4minen on todella helppoa. Kaksi USB-porttia.","robots":{"index":"index","follow":"follow","max-snippet":"max-snippet:-1","max-image-preview":"max-image-preview:large","max-video-preview":"max-video-preview:-1"},"canonical":"https:\/\/www.offirex.fi\/product\/monitorivarsi-usbarm\/","og_locale":"sv_SE","og_type":"article","og_title":"Monitorivarsi USBARM - Offirex Oy","og_description":"Monitorivarsi USBARM s\u00e4\u00e4st\u00e4\u00e4 tilaa ty\u00f6p\u00f6yd\u00e4ll\u00e4. N\u00e4yt\u00f6n asennon s\u00e4\u00e4t\u00e4minen on todella helppoa. Kaksi USB-porttia.","og_url":"https:\/\/www.offirex.fi\/product\/monitorivarsi-usbarm\/","og_site_name":"Offirex Oy","article_modified_time":"2025-05-08T10:11:52+00:00","og_image":[{"width":1400,"height":1400,"url":"https:\/\/www.offirex.fi\/wp-content\/uploads\/2021\/01\/USBARM-cover-photo.jpg","type":"image\/jpeg"}],"twitter_card":"summary_large_image","twitter_misc":{"Ber\u00e4knad l\u00e4stid":"1 minut"},"schema":{"@context":"https:\/\/schema.org","@graph":[{"@type":"WebPage","@id":"https:\/\/www.offirex.fi\/product\/monitorivarsi-usbarm\/","url":"https:\/\/www.offirex.fi\/product\/monitorivarsi-usbarm\/","name":"Monitorivarsi USBARM - Offirex Oy","isPartOf":{"@id":"https:\/\/www.offirex.fi\/#website"},"primaryImageOfPage":{"@id":"https:\/\/www.offirex.fi\/product\/monitorivarsi-usbarm\/#primaryimage"},"image":{"@id":"https:\/\/www.offirex.fi\/product\/monitorivarsi-usbarm\/#primaryimage"},"thumbnailUrl":"https:\/\/www.offirex.fi\/wp-content\/uploads\/2021\/01\/USBARM-cover-photo.jpg","datePublished":"2021-01-18T10:28:50+00:00","dateModified":"2025-05-08T10:11:52+00:00","description":"Monitorivarsi USBARM s\u00e4\u00e4st\u00e4\u00e4 tilaa ty\u00f6p\u00f6yd\u00e4ll\u00e4. N\u00e4yt\u00f6n asennon s\u00e4\u00e4t\u00e4minen on todella helppoa. Kaksi USB-porttia.","breadcrumb":{"@id":"https:\/\/www.offirex.fi\/product\/monitorivarsi-usbarm\/#breadcrumb"},"inLanguage":"sv-SE","potentialAction":[{"@type":"ReadAction","target":["https:\/\/www.offirex.fi\/product\/monitorivarsi-usbarm\/"]}]},{"@type":"ImageObject","inLanguage":"sv-SE","@id":"https:\/\/www.offirex.fi\/product\/monitorivarsi-usbarm\/#primaryimage","url":"https:\/\/www.offirex.fi\/wp-content\/uploads\/2021\/01\/USBARM-cover-photo.jpg","contentUrl":"https:\/\/www.offirex.fi\/wp-content\/uploads\/2021\/01\/USBARM-cover-photo.jpg","width":1400,"height":1400},{"@type":"BreadcrumbList","@id":"https:\/\/www.offirex.fi\/product\/monitorivarsi-usbarm\/#breadcrumb","itemListElement":[{"@type":"ListItem","position":1,"name":"Etusivu","item":"https:\/\/www.offirex.fi\/sv\/"},{"@type":"ListItem","position":2,"name":"Products","item":"https:\/\/www.offirex.fi\/en\/products-page\/"},{"@type":"ListItem","position":3,"name":"Monitorivarsi USBARM"}]},{"@type":"WebSite","@id":"https:\/\/www.offirex.fi\/#website","url":"https:\/\/www.offirex.fi\/","name":"Offirex Oy","description":"Ergonomic Office Products","publisher":{"@id":"https:\/\/www.offirex.fi\/#organization"},"potentialAction":[{"@type":"SearchAction","target":{"@type":"EntryPoint","urlTemplate":"https:\/\/www.offirex.fi\/?s={search_term_string}"},"query-input":{"@type":"PropertyValueSpecification","valueRequired":true,"valueName":"search_term_string"}}],"inLanguage":"sv-SE"},{"@type":"Organization","@id":"https:\/\/www.offirex.fi\/#organization","name":"Offirex Oy","url":"https:\/\/www.offirex.fi\/","logo":{"@type":"ImageObject","inLanguage":"sv-SE","@id":"https:\/\/www.offirex.fi\/#\/schema\/logo\/image\/","url":"https:\/\/www.offirex.fi\/wp-content\/uploads\/2020\/11\/offirex-logo.jpg","contentUrl":"https:\/\/www.offirex.fi\/wp-content\/uploads\/2020\/11\/offirex-logo.jpg","width":320,"height":103,"caption":"Offirex Oy"},"image":{"@id":"https:\/\/www.offirex.fi\/#\/schema\/logo\/image\/"}}]}},"_links":{"self":[{"href":"https:\/\/www.offirex.fi\/sv\/wp-json\/wp\/v2\/product\/3141","targetHints":{"allow":["GET"]}}],"collection":[{"href":"https:\/\/www.offirex.fi\/sv\/wp-json\/wp\/v2\/product"}],"about":[{"href":"https:\/\/www.offirex.fi\/sv\/wp-json\/wp\/v2\/types\/product"}],"wp:featuredmedia":[{"embeddable":true,"href":"https:\/\/www.offirex.fi\/sv\/wp-json\/wp\/v2\/media\/14715"}],"wp:attachment":[{"href":"https:\/\/www.offirex.fi\/sv\/wp-json\/wp\/v2\/media?parent=3141"}],"wp:term":[{"taxonomy":"product_brand","embeddable":true,"href":"https:\/\/www.offirex.fi\/sv\/wp-json\/wp\/v2\/product_brand?post=3141"},{"taxonomy":"product_cat","embeddable":true,"href":"https:\/\/www.offirex.fi\/sv\/wp-json\/wp\/v2\/product_cat?post=3141"},{"taxonomy":"product_tag","embeddable":true,"href":"https:\/\/www.offirex.fi\/sv\/wp-json\/wp\/v2\/product_tag?post=3141"}],"curies":[{"name":"wp","href":"https:\/\/api.w.org\/{rel}","templated":true}]}}