{"id":3331,"date":"2021-01-27T11:32:58","date_gmt":"2021-01-27T09:32:58","guid":{"rendered":"https:\/\/offirex.fi\/?post_type=product&#038;p=3331"},"modified":"2024-11-14T12:53:24","modified_gmt":"2024-11-14T10:53:24","slug":"seisomatuoli-restand","status":"publish","type":"product","link":"https:\/\/www.offirex.fi\/sv\/product\/seisomatuoli-restand\/","title":{"rendered":"Seisomatuoli ReSTand"},"content":{"rendered":"","protected":false},"excerpt":{"rendered":"<p>Ergonomiseen istumiseen puoliksi seisovassa asennossa<br \/>\n<a href=\"https:\/\/offirex.fi\/wp-content\/uploads\/2021\/01\/ReSTand_fi20.pdf\" target=\"_blank\" rel=\"noopener\">Lataa PDF-esite<\/a><\/p>\n","protected":false},"featured_media":4519,"template":"","meta":{"_et_pb_use_builder":"","_et_pb_old_content":"","_et_gb_content_width":""},"product_brand":[],"product_cat":[173,55],"product_tag":[],"class_list":{"0":"post-3331","1":"product","2":"type-product","3":"status-publish","4":"has-post-thumbnail","6":"product_cat-seisomatuoli-restand-osasto","7":"product_cat-tuolit","9":"first","10":"instock","11":"shipping-taxable","12":"product-type-simple"},"yoast_head":"<!-- This site is optimized with the Yoast SEO plugin v27.3 - https:\/\/yoast.com\/product\/yoast-seo-wordpress\/ -->\n<title>Seisomatuoli ReSTand - Offirex Oy<\/title>\n<meta name=\"description\" content=\"Seisomatuoli ReStand ergonomiseen istumiseen puoliksi seisovassa asennossa. V\u00e4hent\u00e4\u00e4 jalkoihin kohdistuvaa painetta.\" \/>\n<meta name=\"robots\" content=\"index, follow, max-snippet:-1, max-image-preview:large, max-video-preview:-1\" \/>\n<link rel=\"canonical\" href=\"https:\/\/www.offirex.fi\/product\/seisomatuoli-restand\/\" \/>\n<meta property=\"og:locale\" content=\"sv_SE\" \/>\n<meta property=\"og:type\" content=\"article\" \/>\n<meta property=\"og:title\" content=\"Seisomatuoli ReSTand - Offirex Oy\" \/>\n<meta property=\"og:description\" content=\"Seisomatuoli ReStand ergonomiseen istumiseen puoliksi seisovassa asennossa. V\u00e4hent\u00e4\u00e4 jalkoihin kohdistuvaa painetta.\" \/>\n<meta property=\"og:url\" content=\"https:\/\/www.offirex.fi\/product\/seisomatuoli-restand\/\" \/>\n<meta property=\"og:site_name\" content=\"Offirex Oy\" \/>\n<meta property=\"article:modified_time\" content=\"2024-11-14T10:53:24+00:00\" \/>\n<meta property=\"og:image\" content=\"https:\/\/www.offirex.fi\/wp-content\/uploads\/2021\/01\/restand-basic-\u2013-kopio-1024x772.png\" \/>\n\t<meta property=\"og:image:width\" content=\"1024\" \/>\n\t<meta property=\"og:image:height\" content=\"772\" \/>\n\t<meta property=\"og:image:type\" content=\"image\/png\" \/>\n<meta name=\"twitter:card\" content=\"summary_large_image\" \/>\n<meta name=\"twitter:label1\" content=\"Ber\u00e4knad l\u00e4stid\" \/>\n\t<meta name=\"twitter:data1\" content=\"1 minut\" \/>\n<script type=\"application\/ld+json\" class=\"yoast-schema-graph\">{\"@context\":\"https:\\\/\\\/schema.org\",\"@graph\":[{\"@type\":\"WebPage\",\"@id\":\"https:\\\/\\\/www.offirex.fi\\\/product\\\/seisomatuoli-restand\\\/\",\"url\":\"https:\\\/\\\/www.offirex.fi\\\/product\\\/seisomatuoli-restand\\\/\",\"name\":\"Seisomatuoli ReSTand - Offirex Oy\",\"isPartOf\":{\"@id\":\"https:\\\/\\\/www.offirex.fi\\\/#website\"},\"primaryImageOfPage\":{\"@id\":\"https:\\\/\\\/www.offirex.fi\\\/product\\\/seisomatuoli-restand\\\/#primaryimage\"},\"image\":{\"@id\":\"https:\\\/\\\/www.offirex.fi\\\/product\\\/seisomatuoli-restand\\\/#primaryimage\"},\"thumbnailUrl\":\"https:\\\/\\\/www.offirex.fi\\\/wp-content\\\/uploads\\\/2021\\\/01\\\/restand-basic-\u2013-kopio.png\",\"datePublished\":\"2021-01-27T09:32:58+00:00\",\"dateModified\":\"2024-11-14T10:53:24+00:00\",\"description\":\"Seisomatuoli ReStand ergonomiseen istumiseen puoliksi seisovassa asennossa. V\u00e4hent\u00e4\u00e4 jalkoihin kohdistuvaa painetta.\",\"breadcrumb\":{\"@id\":\"https:\\\/\\\/www.offirex.fi\\\/product\\\/seisomatuoli-restand\\\/#breadcrumb\"},\"inLanguage\":\"sv-SE\",\"potentialAction\":[{\"@type\":\"ReadAction\",\"target\":[\"https:\\\/\\\/www.offirex.fi\\\/product\\\/seisomatuoli-restand\\\/\"]}]},{\"@type\":\"ImageObject\",\"inLanguage\":\"sv-SE\",\"@id\":\"https:\\\/\\\/www.offirex.fi\\\/product\\\/seisomatuoli-restand\\\/#primaryimage\",\"url\":\"https:\\\/\\\/www.offirex.fi\\\/wp-content\\\/uploads\\\/2021\\\/01\\\/restand-basic-\u2013-kopio.png\",\"contentUrl\":\"https:\\\/\\\/www.offirex.fi\\\/wp-content\\\/uploads\\\/2021\\\/01\\\/restand-basic-\u2013-kopio.png\",\"width\":5136,\"height\":3872},{\"@type\":\"BreadcrumbList\",\"@id\":\"https:\\\/\\\/www.offirex.fi\\\/product\\\/seisomatuoli-restand\\\/#breadcrumb\",\"itemListElement\":[{\"@type\":\"ListItem\",\"position\":1,\"name\":\"Etusivu\",\"item\":\"https:\\\/\\\/www.offirex.fi\\\/sv\\\/\"},{\"@type\":\"ListItem\",\"position\":2,\"name\":\"Products\",\"item\":\"https:\\\/\\\/www.offirex.fi\\\/en\\\/products-page\\\/\"},{\"@type\":\"ListItem\",\"position\":3,\"name\":\"Seisomatuoli ReSTand\"}]},{\"@type\":\"WebSite\",\"@id\":\"https:\\\/\\\/www.offirex.fi\\\/#website\",\"url\":\"https:\\\/\\\/www.offirex.fi\\\/\",\"name\":\"Offirex Oy\",\"description\":\"Ergonomic Office Products\",\"publisher\":{\"@id\":\"https:\\\/\\\/www.offirex.fi\\\/#organization\"},\"potentialAction\":[{\"@type\":\"SearchAction\",\"target\":{\"@type\":\"EntryPoint\",\"urlTemplate\":\"https:\\\/\\\/www.offirex.fi\\\/?s={search_term_string}\"},\"query-input\":{\"@type\":\"PropertyValueSpecification\",\"valueRequired\":true,\"valueName\":\"search_term_string\"}}],\"inLanguage\":\"sv-SE\"},{\"@type\":\"Organization\",\"@id\":\"https:\\\/\\\/www.offirex.fi\\\/#organization\",\"name\":\"Offirex Oy\",\"url\":\"https:\\\/\\\/www.offirex.fi\\\/\",\"logo\":{\"@type\":\"ImageObject\",\"inLanguage\":\"sv-SE\",\"@id\":\"https:\\\/\\\/www.offirex.fi\\\/#\\\/schema\\\/logo\\\/image\\\/\",\"url\":\"https:\\\/\\\/www.offirex.fi\\\/wp-content\\\/uploads\\\/2020\\\/11\\\/offirex-logo.jpg\",\"contentUrl\":\"https:\\\/\\\/www.offirex.fi\\\/wp-content\\\/uploads\\\/2020\\\/11\\\/offirex-logo.jpg\",\"width\":320,\"height\":103,\"caption\":\"Offirex Oy\"},\"image\":{\"@id\":\"https:\\\/\\\/www.offirex.fi\\\/#\\\/schema\\\/logo\\\/image\\\/\"}}]}<\/script>\n<!-- \/ Yoast SEO plugin. -->","yoast_head_json":{"title":"Seisomatuoli ReSTand - Offirex Oy","description":"Seisomatuoli ReStand ergonomiseen istumiseen puoliksi seisovassa asennossa. V\u00e4hent\u00e4\u00e4 jalkoihin kohdistuvaa painetta.","robots":{"index":"index","follow":"follow","max-snippet":"max-snippet:-1","max-image-preview":"max-image-preview:large","max-video-preview":"max-video-preview:-1"},"canonical":"https:\/\/www.offirex.fi\/product\/seisomatuoli-restand\/","og_locale":"sv_SE","og_type":"article","og_title":"Seisomatuoli ReSTand - Offirex Oy","og_description":"Seisomatuoli ReStand ergonomiseen istumiseen puoliksi seisovassa asennossa. V\u00e4hent\u00e4\u00e4 jalkoihin kohdistuvaa painetta.","og_url":"https:\/\/www.offirex.fi\/product\/seisomatuoli-restand\/","og_site_name":"Offirex Oy","article_modified_time":"2024-11-14T10:53:24+00:00","og_image":[{"width":1024,"height":772,"url":"https:\/\/www.offirex.fi\/wp-content\/uploads\/2021\/01\/restand-basic-\u2013-kopio-1024x772.png","type":"image\/png"}],"twitter_card":"summary_large_image","twitter_misc":{"Ber\u00e4knad l\u00e4stid":"1 minut"},"schema":{"@context":"https:\/\/schema.org","@graph":[{"@type":"WebPage","@id":"https:\/\/www.offirex.fi\/product\/seisomatuoli-restand\/","url":"https:\/\/www.offirex.fi\/product\/seisomatuoli-restand\/","name":"Seisomatuoli ReSTand - Offirex Oy","isPartOf":{"@id":"https:\/\/www.offirex.fi\/#website"},"primaryImageOfPage":{"@id":"https:\/\/www.offirex.fi\/product\/seisomatuoli-restand\/#primaryimage"},"image":{"@id":"https:\/\/www.offirex.fi\/product\/seisomatuoli-restand\/#primaryimage"},"thumbnailUrl":"https:\/\/www.offirex.fi\/wp-content\/uploads\/2021\/01\/restand-basic-\u2013-kopio.png","datePublished":"2021-01-27T09:32:58+00:00","dateModified":"2024-11-14T10:53:24+00:00","description":"Seisomatuoli ReStand ergonomiseen istumiseen puoliksi seisovassa asennossa. V\u00e4hent\u00e4\u00e4 jalkoihin kohdistuvaa painetta.","breadcrumb":{"@id":"https:\/\/www.offirex.fi\/product\/seisomatuoli-restand\/#breadcrumb"},"inLanguage":"sv-SE","potentialAction":[{"@type":"ReadAction","target":["https:\/\/www.offirex.fi\/product\/seisomatuoli-restand\/"]}]},{"@type":"ImageObject","inLanguage":"sv-SE","@id":"https:\/\/www.offirex.fi\/product\/seisomatuoli-restand\/#primaryimage","url":"https:\/\/www.offirex.fi\/wp-content\/uploads\/2021\/01\/restand-basic-\u2013-kopio.png","contentUrl":"https:\/\/www.offirex.fi\/wp-content\/uploads\/2021\/01\/restand-basic-\u2013-kopio.png","width":5136,"height":3872},{"@type":"BreadcrumbList","@id":"https:\/\/www.offirex.fi\/product\/seisomatuoli-restand\/#breadcrumb","itemListElement":[{"@type":"ListItem","position":1,"name":"Etusivu","item":"https:\/\/www.offirex.fi\/sv\/"},{"@type":"ListItem","position":2,"name":"Products","item":"https:\/\/www.offirex.fi\/en\/products-page\/"},{"@type":"ListItem","position":3,"name":"Seisomatuoli ReSTand"}]},{"@type":"WebSite","@id":"https:\/\/www.offirex.fi\/#website","url":"https:\/\/www.offirex.fi\/","name":"Offirex Oy","description":"Ergonomic Office Products","publisher":{"@id":"https:\/\/www.offirex.fi\/#organization"},"potentialAction":[{"@type":"SearchAction","target":{"@type":"EntryPoint","urlTemplate":"https:\/\/www.offirex.fi\/?s={search_term_string}"},"query-input":{"@type":"PropertyValueSpecification","valueRequired":true,"valueName":"search_term_string"}}],"inLanguage":"sv-SE"},{"@type":"Organization","@id":"https:\/\/www.offirex.fi\/#organization","name":"Offirex Oy","url":"https:\/\/www.offirex.fi\/","logo":{"@type":"ImageObject","inLanguage":"sv-SE","@id":"https:\/\/www.offirex.fi\/#\/schema\/logo\/image\/","url":"https:\/\/www.offirex.fi\/wp-content\/uploads\/2020\/11\/offirex-logo.jpg","contentUrl":"https:\/\/www.offirex.fi\/wp-content\/uploads\/2020\/11\/offirex-logo.jpg","width":320,"height":103,"caption":"Offirex Oy"},"image":{"@id":"https:\/\/www.offirex.fi\/#\/schema\/logo\/image\/"}}]}},"_links":{"self":[{"href":"https:\/\/www.offirex.fi\/sv\/wp-json\/wp\/v2\/product\/3331","targetHints":{"allow":["GET"]}}],"collection":[{"href":"https:\/\/www.offirex.fi\/sv\/wp-json\/wp\/v2\/product"}],"about":[{"href":"https:\/\/www.offirex.fi\/sv\/wp-json\/wp\/v2\/types\/product"}],"wp:featuredmedia":[{"embeddable":true,"href":"https:\/\/www.offirex.fi\/sv\/wp-json\/wp\/v2\/media\/4519"}],"wp:attachment":[{"href":"https:\/\/www.offirex.fi\/sv\/wp-json\/wp\/v2\/media?parent=3331"}],"wp:term":[{"taxonomy":"product_brand","embeddable":true,"href":"https:\/\/www.offirex.fi\/sv\/wp-json\/wp\/v2\/product_brand?post=3331"},{"taxonomy":"product_cat","embeddable":true,"href":"https:\/\/www.offirex.fi\/sv\/wp-json\/wp\/v2\/product_cat?post=3331"},{"taxonomy":"product_tag","embeddable":true,"href":"https:\/\/www.offirex.fi\/sv\/wp-json\/wp\/v2\/product_tag?post=3331"}],"curies":[{"name":"wp","href":"https:\/\/api.w.org\/{rel}","templated":true}]}}