{"id":3466,"date":"2021-01-29T09:30:29","date_gmt":"2021-01-29T07:30:29","guid":{"rendered":"https:\/\/offirex.fi\/?post_type=product&#038;p=3466"},"modified":"2025-05-28T10:30:56","modified_gmt":"2025-05-28T07:30:56","slug":"kasinojapehmusteet-betteron","status":"publish","type":"product","link":"https:\/\/www.offirex.fi\/sv\/product\/kasinojapehmusteet-betteron\/","title":{"rendered":"K\u00e4sinojapehmusteet Betteron"},"content":{"rendered":"","protected":false},"excerpt":{"rendered":"<p><a href=\"https:\/\/www.offirex.fi\/wp-content\/uploads\/2025\/05\/Betteron_fi_2025.pdf\">Lataa PDF-esite<\/a><\/p>\n","protected":false},"featured_media":15141,"template":"","meta":{"_et_pb_use_builder":"","_et_pb_old_content":"","_et_gb_content_width":""},"product_brand":[],"product_cat":[96],"product_tag":[],"class_list":{"0":"post-3466","1":"product","2":"type-product","3":"status-publish","4":"has-post-thumbnail","6":"product_cat-kasinojapehmusteet","8":"first","9":"instock","10":"shipping-taxable","11":"product-type-simple"},"yoast_head":"<!-- This site is optimized with the Yoast SEO plugin v27.3 - https:\/\/yoast.com\/product\/yoast-seo-wordpress\/ -->\n<title>K\u00e4sinojapehmusteet Betteron - Offirex Oy<\/title>\n<meta name=\"description\" content=\"K\u00e4sinojapehmusteet ty\u00f6tuoliin lis\u00e4\u00e4v\u00e4t mukavuutta ja sallivat paremman verenkierron ja aineenvaihdunnan verrattuna tuoleihin ilman pehmusteita.\" \/>\n<meta name=\"robots\" content=\"index, follow, max-snippet:-1, max-image-preview:large, max-video-preview:-1\" \/>\n<link rel=\"canonical\" href=\"https:\/\/www.offirex.fi\/product\/kasinojapehmusteet-betteron\/\" \/>\n<meta property=\"og:locale\" content=\"sv_SE\" \/>\n<meta property=\"og:type\" content=\"article\" \/>\n<meta property=\"og:title\" content=\"K\u00e4sinojapehmusteet Betteron - Offirex Oy\" \/>\n<meta property=\"og:description\" content=\"K\u00e4sinojapehmusteet ty\u00f6tuoliin lis\u00e4\u00e4v\u00e4t mukavuutta ja sallivat paremman verenkierron ja aineenvaihdunnan verrattuna tuoleihin ilman pehmusteita.\" \/>\n<meta property=\"og:url\" content=\"https:\/\/www.offirex.fi\/product\/kasinojapehmusteet-betteron\/\" \/>\n<meta property=\"og:site_name\" content=\"Offirex Oy\" \/>\n<meta property=\"article:modified_time\" content=\"2025-05-28T07:30:56+00:00\" \/>\n<meta property=\"og:image\" content=\"https:\/\/www.offirex.fi\/wp-content\/uploads\/2021\/01\/Betteron_blue-chair-13.5.2022-lo-res.jpg\" \/>\n\t<meta property=\"og:image:width\" content=\"1500\" \/>\n\t<meta property=\"og:image:height\" content=\"1000\" \/>\n\t<meta property=\"og:image:type\" content=\"image\/jpeg\" \/>\n<meta name=\"twitter:card\" content=\"summary_large_image\" \/>\n<meta name=\"twitter:label1\" content=\"Ber\u00e4knad l\u00e4stid\" \/>\n\t<meta name=\"twitter:data1\" content=\"1 minut\" \/>\n<script type=\"application\/ld+json\" class=\"yoast-schema-graph\">{\"@context\":\"https:\\\/\\\/schema.org\",\"@graph\":[{\"@type\":\"WebPage\",\"@id\":\"https:\\\/\\\/www.offirex.fi\\\/product\\\/kasinojapehmusteet-betteron\\\/\",\"url\":\"https:\\\/\\\/www.offirex.fi\\\/product\\\/kasinojapehmusteet-betteron\\\/\",\"name\":\"K\u00e4sinojapehmusteet Betteron - Offirex Oy\",\"isPartOf\":{\"@id\":\"https:\\\/\\\/www.offirex.fi\\\/#website\"},\"primaryImageOfPage\":{\"@id\":\"https:\\\/\\\/www.offirex.fi\\\/product\\\/kasinojapehmusteet-betteron\\\/#primaryimage\"},\"image\":{\"@id\":\"https:\\\/\\\/www.offirex.fi\\\/product\\\/kasinojapehmusteet-betteron\\\/#primaryimage\"},\"thumbnailUrl\":\"https:\\\/\\\/www.offirex.fi\\\/wp-content\\\/uploads\\\/2021\\\/01\\\/Betteron_blue-chair-13.5.2022-lo-res.jpg\",\"datePublished\":\"2021-01-29T07:30:29+00:00\",\"dateModified\":\"2025-05-28T07:30:56+00:00\",\"description\":\"K\u00e4sinojapehmusteet ty\u00f6tuoliin lis\u00e4\u00e4v\u00e4t mukavuutta ja sallivat paremman verenkierron ja aineenvaihdunnan verrattuna tuoleihin ilman pehmusteita.\",\"breadcrumb\":{\"@id\":\"https:\\\/\\\/www.offirex.fi\\\/product\\\/kasinojapehmusteet-betteron\\\/#breadcrumb\"},\"inLanguage\":\"sv-SE\",\"potentialAction\":[{\"@type\":\"ReadAction\",\"target\":[\"https:\\\/\\\/www.offirex.fi\\\/product\\\/kasinojapehmusteet-betteron\\\/\"]}]},{\"@type\":\"ImageObject\",\"inLanguage\":\"sv-SE\",\"@id\":\"https:\\\/\\\/www.offirex.fi\\\/product\\\/kasinojapehmusteet-betteron\\\/#primaryimage\",\"url\":\"https:\\\/\\\/www.offirex.fi\\\/wp-content\\\/uploads\\\/2021\\\/01\\\/Betteron_blue-chair-13.5.2022-lo-res.jpg\",\"contentUrl\":\"https:\\\/\\\/www.offirex.fi\\\/wp-content\\\/uploads\\\/2021\\\/01\\\/Betteron_blue-chair-13.5.2022-lo-res.jpg\",\"width\":1500,\"height\":1000},{\"@type\":\"BreadcrumbList\",\"@id\":\"https:\\\/\\\/www.offirex.fi\\\/product\\\/kasinojapehmusteet-betteron\\\/#breadcrumb\",\"itemListElement\":[{\"@type\":\"ListItem\",\"position\":1,\"name\":\"Etusivu\",\"item\":\"https:\\\/\\\/www.offirex.fi\\\/sv\\\/\"},{\"@type\":\"ListItem\",\"position\":2,\"name\":\"Products\",\"item\":\"https:\\\/\\\/www.offirex.fi\\\/en\\\/products-page\\\/\"},{\"@type\":\"ListItem\",\"position\":3,\"name\":\"K\u00e4sinojapehmusteet Betteron\"}]},{\"@type\":\"WebSite\",\"@id\":\"https:\\\/\\\/www.offirex.fi\\\/#website\",\"url\":\"https:\\\/\\\/www.offirex.fi\\\/\",\"name\":\"Offirex Oy\",\"description\":\"Ergonomic Office Products\",\"publisher\":{\"@id\":\"https:\\\/\\\/www.offirex.fi\\\/#organization\"},\"potentialAction\":[{\"@type\":\"SearchAction\",\"target\":{\"@type\":\"EntryPoint\",\"urlTemplate\":\"https:\\\/\\\/www.offirex.fi\\\/?s={search_term_string}\"},\"query-input\":{\"@type\":\"PropertyValueSpecification\",\"valueRequired\":true,\"valueName\":\"search_term_string\"}}],\"inLanguage\":\"sv-SE\"},{\"@type\":\"Organization\",\"@id\":\"https:\\\/\\\/www.offirex.fi\\\/#organization\",\"name\":\"Offirex Oy\",\"url\":\"https:\\\/\\\/www.offirex.fi\\\/\",\"logo\":{\"@type\":\"ImageObject\",\"inLanguage\":\"sv-SE\",\"@id\":\"https:\\\/\\\/www.offirex.fi\\\/#\\\/schema\\\/logo\\\/image\\\/\",\"url\":\"https:\\\/\\\/www.offirex.fi\\\/wp-content\\\/uploads\\\/2020\\\/11\\\/offirex-logo.jpg\",\"contentUrl\":\"https:\\\/\\\/www.offirex.fi\\\/wp-content\\\/uploads\\\/2020\\\/11\\\/offirex-logo.jpg\",\"width\":320,\"height\":103,\"caption\":\"Offirex Oy\"},\"image\":{\"@id\":\"https:\\\/\\\/www.offirex.fi\\\/#\\\/schema\\\/logo\\\/image\\\/\"}}]}<\/script>\n<!-- \/ Yoast SEO plugin. -->","yoast_head_json":{"title":"K\u00e4sinojapehmusteet Betteron - Offirex Oy","description":"K\u00e4sinojapehmusteet ty\u00f6tuoliin lis\u00e4\u00e4v\u00e4t mukavuutta ja sallivat paremman verenkierron ja aineenvaihdunnan verrattuna tuoleihin ilman pehmusteita.","robots":{"index":"index","follow":"follow","max-snippet":"max-snippet:-1","max-image-preview":"max-image-preview:large","max-video-preview":"max-video-preview:-1"},"canonical":"https:\/\/www.offirex.fi\/product\/kasinojapehmusteet-betteron\/","og_locale":"sv_SE","og_type":"article","og_title":"K\u00e4sinojapehmusteet Betteron - Offirex Oy","og_description":"K\u00e4sinojapehmusteet ty\u00f6tuoliin lis\u00e4\u00e4v\u00e4t mukavuutta ja sallivat paremman verenkierron ja aineenvaihdunnan verrattuna tuoleihin ilman pehmusteita.","og_url":"https:\/\/www.offirex.fi\/product\/kasinojapehmusteet-betteron\/","og_site_name":"Offirex Oy","article_modified_time":"2025-05-28T07:30:56+00:00","og_image":[{"width":1500,"height":1000,"url":"https:\/\/www.offirex.fi\/wp-content\/uploads\/2021\/01\/Betteron_blue-chair-13.5.2022-lo-res.jpg","type":"image\/jpeg"}],"twitter_card":"summary_large_image","twitter_misc":{"Ber\u00e4knad l\u00e4stid":"1 minut"},"schema":{"@context":"https:\/\/schema.org","@graph":[{"@type":"WebPage","@id":"https:\/\/www.offirex.fi\/product\/kasinojapehmusteet-betteron\/","url":"https:\/\/www.offirex.fi\/product\/kasinojapehmusteet-betteron\/","name":"K\u00e4sinojapehmusteet Betteron - Offirex Oy","isPartOf":{"@id":"https:\/\/www.offirex.fi\/#website"},"primaryImageOfPage":{"@id":"https:\/\/www.offirex.fi\/product\/kasinojapehmusteet-betteron\/#primaryimage"},"image":{"@id":"https:\/\/www.offirex.fi\/product\/kasinojapehmusteet-betteron\/#primaryimage"},"thumbnailUrl":"https:\/\/www.offirex.fi\/wp-content\/uploads\/2021\/01\/Betteron_blue-chair-13.5.2022-lo-res.jpg","datePublished":"2021-01-29T07:30:29+00:00","dateModified":"2025-05-28T07:30:56+00:00","description":"K\u00e4sinojapehmusteet ty\u00f6tuoliin lis\u00e4\u00e4v\u00e4t mukavuutta ja sallivat paremman verenkierron ja aineenvaihdunnan verrattuna tuoleihin ilman pehmusteita.","breadcrumb":{"@id":"https:\/\/www.offirex.fi\/product\/kasinojapehmusteet-betteron\/#breadcrumb"},"inLanguage":"sv-SE","potentialAction":[{"@type":"ReadAction","target":["https:\/\/www.offirex.fi\/product\/kasinojapehmusteet-betteron\/"]}]},{"@type":"ImageObject","inLanguage":"sv-SE","@id":"https:\/\/www.offirex.fi\/product\/kasinojapehmusteet-betteron\/#primaryimage","url":"https:\/\/www.offirex.fi\/wp-content\/uploads\/2021\/01\/Betteron_blue-chair-13.5.2022-lo-res.jpg","contentUrl":"https:\/\/www.offirex.fi\/wp-content\/uploads\/2021\/01\/Betteron_blue-chair-13.5.2022-lo-res.jpg","width":1500,"height":1000},{"@type":"BreadcrumbList","@id":"https:\/\/www.offirex.fi\/product\/kasinojapehmusteet-betteron\/#breadcrumb","itemListElement":[{"@type":"ListItem","position":1,"name":"Etusivu","item":"https:\/\/www.offirex.fi\/sv\/"},{"@type":"ListItem","position":2,"name":"Products","item":"https:\/\/www.offirex.fi\/en\/products-page\/"},{"@type":"ListItem","position":3,"name":"K\u00e4sinojapehmusteet Betteron"}]},{"@type":"WebSite","@id":"https:\/\/www.offirex.fi\/#website","url":"https:\/\/www.offirex.fi\/","name":"Offirex Oy","description":"Ergonomic Office Products","publisher":{"@id":"https:\/\/www.offirex.fi\/#organization"},"potentialAction":[{"@type":"SearchAction","target":{"@type":"EntryPoint","urlTemplate":"https:\/\/www.offirex.fi\/?s={search_term_string}"},"query-input":{"@type":"PropertyValueSpecification","valueRequired":true,"valueName":"search_term_string"}}],"inLanguage":"sv-SE"},{"@type":"Organization","@id":"https:\/\/www.offirex.fi\/#organization","name":"Offirex Oy","url":"https:\/\/www.offirex.fi\/","logo":{"@type":"ImageObject","inLanguage":"sv-SE","@id":"https:\/\/www.offirex.fi\/#\/schema\/logo\/image\/","url":"https:\/\/www.offirex.fi\/wp-content\/uploads\/2020\/11\/offirex-logo.jpg","contentUrl":"https:\/\/www.offirex.fi\/wp-content\/uploads\/2020\/11\/offirex-logo.jpg","width":320,"height":103,"caption":"Offirex Oy"},"image":{"@id":"https:\/\/www.offirex.fi\/#\/schema\/logo\/image\/"}}]}},"_links":{"self":[{"href":"https:\/\/www.offirex.fi\/sv\/wp-json\/wp\/v2\/product\/3466","targetHints":{"allow":["GET"]}}],"collection":[{"href":"https:\/\/www.offirex.fi\/sv\/wp-json\/wp\/v2\/product"}],"about":[{"href":"https:\/\/www.offirex.fi\/sv\/wp-json\/wp\/v2\/types\/product"}],"wp:featuredmedia":[{"embeddable":true,"href":"https:\/\/www.offirex.fi\/sv\/wp-json\/wp\/v2\/media\/15141"}],"wp:attachment":[{"href":"https:\/\/www.offirex.fi\/sv\/wp-json\/wp\/v2\/media?parent=3466"}],"wp:term":[{"taxonomy":"product_brand","embeddable":true,"href":"https:\/\/www.offirex.fi\/sv\/wp-json\/wp\/v2\/product_brand?post=3466"},{"taxonomy":"product_cat","embeddable":true,"href":"https:\/\/www.offirex.fi\/sv\/wp-json\/wp\/v2\/product_cat?post=3466"},{"taxonomy":"product_tag","embeddable":true,"href":"https:\/\/www.offirex.fi\/sv\/wp-json\/wp\/v2\/product_tag?post=3466"}],"curies":[{"name":"wp","href":"https:\/\/api.w.org\/{rel}","templated":true}]}}