{"id":3761,"date":"2021-02-03T15:30:40","date_gmt":"2021-02-03T13:30:40","guid":{"rendered":"https:\/\/offirex.fi\/?post_type=product&#038;p=3761"},"modified":"2024-07-02T09:01:38","modified_gmt":"2024-07-02T06:01:38","slug":"tablettiteline-slimcool","status":"publish","type":"product","link":"https:\/\/www.offirex.fi\/sv\/product\/tablettiteline-slimcool\/","title":{"rendered":"Tablettiteline SlimCool"},"content":{"rendered":"","protected":false},"excerpt":{"rendered":"<p>Tyylik\u00e4s, kevytrakenteinen alumiiniteline<br \/>\n<a href=\"https:\/\/www.offirex.fi\/wp-content\/uploads\/2022\/08\/SlimCool_Tabletti_Fi_8_22.pdf\">Lataa PDF-esite<\/a><\/p>\n","protected":false},"featured_media":5012,"template":"","meta":{"_et_pb_use_builder":"","_et_pb_old_content":"","_et_gb_content_width":""},"product_brand":[],"product_cat":[182,127],"product_tag":[],"class_list":{"0":"post-3761","1":"product","2":"type-product","3":"status-publish","4":"has-post-thumbnail","6":"product_cat-tablettiteline-slimcool-osasto","7":"product_cat-tabletin-telineet","9":"first","10":"instock","11":"shipping-taxable","12":"product-type-simple"},"yoast_head":"<!-- This site is optimized with the Yoast SEO plugin v27.3 - https:\/\/yoast.com\/product\/yoast-seo-wordpress\/ -->\n<title>Tablettiteline SlimCool - Offirex Oy<\/title>\n<meta name=\"description\" content=\"Ergonominen tablettiteline SlimCool pit\u00e4\u00e4 tabletin ergonomisessa asennossa ehk\u00e4isten niskavaivoja. S\u00e4\u00e4dett\u00e4v\u00e4 leveys.\" \/>\n<meta name=\"robots\" content=\"index, follow, max-snippet:-1, max-image-preview:large, max-video-preview:-1\" \/>\n<link rel=\"canonical\" href=\"https:\/\/www.offirex.fi\/product\/tablettiteline-slimcool\/\" \/>\n<meta property=\"og:locale\" content=\"sv_SE\" \/>\n<meta property=\"og:type\" content=\"article\" \/>\n<meta property=\"og:title\" content=\"Tablettiteline SlimCool - Offirex Oy\" \/>\n<meta property=\"og:description\" content=\"Ergonominen tablettiteline SlimCool pit\u00e4\u00e4 tabletin ergonomisessa asennossa ehk\u00e4isten niskavaivoja. S\u00e4\u00e4dett\u00e4v\u00e4 leveys.\" \/>\n<meta property=\"og:url\" content=\"https:\/\/www.offirex.fi\/product\/tablettiteline-slimcool\/\" \/>\n<meta property=\"og:site_name\" content=\"Offirex Oy\" \/>\n<meta property=\"article:modified_time\" content=\"2024-07-02T06:01:38+00:00\" \/>\n<meta property=\"og:image\" content=\"https:\/\/www.offirex.fi\/wp-content\/uploads\/2021\/02\/EGNB-100-Laptop-Stand-with-tablets.jpg\" \/>\n\t<meta property=\"og:image:width\" content=\"1600\" \/>\n\t<meta property=\"og:image:height\" content=\"1430\" \/>\n\t<meta property=\"og:image:type\" content=\"image\/jpeg\" \/>\n<meta name=\"twitter:card\" content=\"summary_large_image\" \/>\n<meta name=\"twitter:label1\" content=\"Ber\u00e4knad l\u00e4stid\" \/>\n\t<meta name=\"twitter:data1\" content=\"1 minut\" \/>\n<script type=\"application\/ld+json\" class=\"yoast-schema-graph\">{\"@context\":\"https:\\\/\\\/schema.org\",\"@graph\":[{\"@type\":\"WebPage\",\"@id\":\"https:\\\/\\\/www.offirex.fi\\\/product\\\/tablettiteline-slimcool\\\/\",\"url\":\"https:\\\/\\\/www.offirex.fi\\\/product\\\/tablettiteline-slimcool\\\/\",\"name\":\"Tablettiteline SlimCool - Offirex Oy\",\"isPartOf\":{\"@id\":\"https:\\\/\\\/www.offirex.fi\\\/#website\"},\"primaryImageOfPage\":{\"@id\":\"https:\\\/\\\/www.offirex.fi\\\/product\\\/tablettiteline-slimcool\\\/#primaryimage\"},\"image\":{\"@id\":\"https:\\\/\\\/www.offirex.fi\\\/product\\\/tablettiteline-slimcool\\\/#primaryimage\"},\"thumbnailUrl\":\"https:\\\/\\\/www.offirex.fi\\\/wp-content\\\/uploads\\\/2021\\\/02\\\/EGNB-100-Laptop-Stand-with-tablets.jpg\",\"datePublished\":\"2021-02-03T13:30:40+00:00\",\"dateModified\":\"2024-07-02T06:01:38+00:00\",\"description\":\"Ergonominen tablettiteline SlimCool pit\u00e4\u00e4 tabletin ergonomisessa asennossa ehk\u00e4isten niskavaivoja. S\u00e4\u00e4dett\u00e4v\u00e4 leveys.\",\"breadcrumb\":{\"@id\":\"https:\\\/\\\/www.offirex.fi\\\/product\\\/tablettiteline-slimcool\\\/#breadcrumb\"},\"inLanguage\":\"sv-SE\",\"potentialAction\":[{\"@type\":\"ReadAction\",\"target\":[\"https:\\\/\\\/www.offirex.fi\\\/product\\\/tablettiteline-slimcool\\\/\"]}]},{\"@type\":\"ImageObject\",\"inLanguage\":\"sv-SE\",\"@id\":\"https:\\\/\\\/www.offirex.fi\\\/product\\\/tablettiteline-slimcool\\\/#primaryimage\",\"url\":\"https:\\\/\\\/www.offirex.fi\\\/wp-content\\\/uploads\\\/2021\\\/02\\\/EGNB-100-Laptop-Stand-with-tablets.jpg\",\"contentUrl\":\"https:\\\/\\\/www.offirex.fi\\\/wp-content\\\/uploads\\\/2021\\\/02\\\/EGNB-100-Laptop-Stand-with-tablets.jpg\",\"width\":1600,\"height\":1430},{\"@type\":\"BreadcrumbList\",\"@id\":\"https:\\\/\\\/www.offirex.fi\\\/product\\\/tablettiteline-slimcool\\\/#breadcrumb\",\"itemListElement\":[{\"@type\":\"ListItem\",\"position\":1,\"name\":\"Etusivu\",\"item\":\"https:\\\/\\\/www.offirex.fi\\\/sv\\\/\"},{\"@type\":\"ListItem\",\"position\":2,\"name\":\"Products\",\"item\":\"https:\\\/\\\/www.offirex.fi\\\/en\\\/products-page\\\/\"},{\"@type\":\"ListItem\",\"position\":3,\"name\":\"Tablettiteline SlimCool\"}]},{\"@type\":\"WebSite\",\"@id\":\"https:\\\/\\\/www.offirex.fi\\\/#website\",\"url\":\"https:\\\/\\\/www.offirex.fi\\\/\",\"name\":\"Offirex Oy\",\"description\":\"Ergonomic Office Products\",\"publisher\":{\"@id\":\"https:\\\/\\\/www.offirex.fi\\\/#organization\"},\"potentialAction\":[{\"@type\":\"SearchAction\",\"target\":{\"@type\":\"EntryPoint\",\"urlTemplate\":\"https:\\\/\\\/www.offirex.fi\\\/?s={search_term_string}\"},\"query-input\":{\"@type\":\"PropertyValueSpecification\",\"valueRequired\":true,\"valueName\":\"search_term_string\"}}],\"inLanguage\":\"sv-SE\"},{\"@type\":\"Organization\",\"@id\":\"https:\\\/\\\/www.offirex.fi\\\/#organization\",\"name\":\"Offirex Oy\",\"url\":\"https:\\\/\\\/www.offirex.fi\\\/\",\"logo\":{\"@type\":\"ImageObject\",\"inLanguage\":\"sv-SE\",\"@id\":\"https:\\\/\\\/www.offirex.fi\\\/#\\\/schema\\\/logo\\\/image\\\/\",\"url\":\"https:\\\/\\\/www.offirex.fi\\\/wp-content\\\/uploads\\\/2020\\\/11\\\/offirex-logo.jpg\",\"contentUrl\":\"https:\\\/\\\/www.offirex.fi\\\/wp-content\\\/uploads\\\/2020\\\/11\\\/offirex-logo.jpg\",\"width\":320,\"height\":103,\"caption\":\"Offirex Oy\"},\"image\":{\"@id\":\"https:\\\/\\\/www.offirex.fi\\\/#\\\/schema\\\/logo\\\/image\\\/\"}}]}<\/script>\n<!-- \/ Yoast SEO plugin. -->","yoast_head_json":{"title":"Tablettiteline SlimCool - Offirex Oy","description":"Ergonominen tablettiteline SlimCool pit\u00e4\u00e4 tabletin ergonomisessa asennossa ehk\u00e4isten niskavaivoja. S\u00e4\u00e4dett\u00e4v\u00e4 leveys.","robots":{"index":"index","follow":"follow","max-snippet":"max-snippet:-1","max-image-preview":"max-image-preview:large","max-video-preview":"max-video-preview:-1"},"canonical":"https:\/\/www.offirex.fi\/product\/tablettiteline-slimcool\/","og_locale":"sv_SE","og_type":"article","og_title":"Tablettiteline SlimCool - Offirex Oy","og_description":"Ergonominen tablettiteline SlimCool pit\u00e4\u00e4 tabletin ergonomisessa asennossa ehk\u00e4isten niskavaivoja. S\u00e4\u00e4dett\u00e4v\u00e4 leveys.","og_url":"https:\/\/www.offirex.fi\/product\/tablettiteline-slimcool\/","og_site_name":"Offirex Oy","article_modified_time":"2024-07-02T06:01:38+00:00","og_image":[{"width":1600,"height":1430,"url":"https:\/\/www.offirex.fi\/wp-content\/uploads\/2021\/02\/EGNB-100-Laptop-Stand-with-tablets.jpg","type":"image\/jpeg"}],"twitter_card":"summary_large_image","twitter_misc":{"Ber\u00e4knad l\u00e4stid":"1 minut"},"schema":{"@context":"https:\/\/schema.org","@graph":[{"@type":"WebPage","@id":"https:\/\/www.offirex.fi\/product\/tablettiteline-slimcool\/","url":"https:\/\/www.offirex.fi\/product\/tablettiteline-slimcool\/","name":"Tablettiteline SlimCool - Offirex Oy","isPartOf":{"@id":"https:\/\/www.offirex.fi\/#website"},"primaryImageOfPage":{"@id":"https:\/\/www.offirex.fi\/product\/tablettiteline-slimcool\/#primaryimage"},"image":{"@id":"https:\/\/www.offirex.fi\/product\/tablettiteline-slimcool\/#primaryimage"},"thumbnailUrl":"https:\/\/www.offirex.fi\/wp-content\/uploads\/2021\/02\/EGNB-100-Laptop-Stand-with-tablets.jpg","datePublished":"2021-02-03T13:30:40+00:00","dateModified":"2024-07-02T06:01:38+00:00","description":"Ergonominen tablettiteline SlimCool pit\u00e4\u00e4 tabletin ergonomisessa asennossa ehk\u00e4isten niskavaivoja. S\u00e4\u00e4dett\u00e4v\u00e4 leveys.","breadcrumb":{"@id":"https:\/\/www.offirex.fi\/product\/tablettiteline-slimcool\/#breadcrumb"},"inLanguage":"sv-SE","potentialAction":[{"@type":"ReadAction","target":["https:\/\/www.offirex.fi\/product\/tablettiteline-slimcool\/"]}]},{"@type":"ImageObject","inLanguage":"sv-SE","@id":"https:\/\/www.offirex.fi\/product\/tablettiteline-slimcool\/#primaryimage","url":"https:\/\/www.offirex.fi\/wp-content\/uploads\/2021\/02\/EGNB-100-Laptop-Stand-with-tablets.jpg","contentUrl":"https:\/\/www.offirex.fi\/wp-content\/uploads\/2021\/02\/EGNB-100-Laptop-Stand-with-tablets.jpg","width":1600,"height":1430},{"@type":"BreadcrumbList","@id":"https:\/\/www.offirex.fi\/product\/tablettiteline-slimcool\/#breadcrumb","itemListElement":[{"@type":"ListItem","position":1,"name":"Etusivu","item":"https:\/\/www.offirex.fi\/sv\/"},{"@type":"ListItem","position":2,"name":"Products","item":"https:\/\/www.offirex.fi\/en\/products-page\/"},{"@type":"ListItem","position":3,"name":"Tablettiteline SlimCool"}]},{"@type":"WebSite","@id":"https:\/\/www.offirex.fi\/#website","url":"https:\/\/www.offirex.fi\/","name":"Offirex Oy","description":"Ergonomic Office Products","publisher":{"@id":"https:\/\/www.offirex.fi\/#organization"},"potentialAction":[{"@type":"SearchAction","target":{"@type":"EntryPoint","urlTemplate":"https:\/\/www.offirex.fi\/?s={search_term_string}"},"query-input":{"@type":"PropertyValueSpecification","valueRequired":true,"valueName":"search_term_string"}}],"inLanguage":"sv-SE"},{"@type":"Organization","@id":"https:\/\/www.offirex.fi\/#organization","name":"Offirex Oy","url":"https:\/\/www.offirex.fi\/","logo":{"@type":"ImageObject","inLanguage":"sv-SE","@id":"https:\/\/www.offirex.fi\/#\/schema\/logo\/image\/","url":"https:\/\/www.offirex.fi\/wp-content\/uploads\/2020\/11\/offirex-logo.jpg","contentUrl":"https:\/\/www.offirex.fi\/wp-content\/uploads\/2020\/11\/offirex-logo.jpg","width":320,"height":103,"caption":"Offirex Oy"},"image":{"@id":"https:\/\/www.offirex.fi\/#\/schema\/logo\/image\/"}}]}},"_links":{"self":[{"href":"https:\/\/www.offirex.fi\/sv\/wp-json\/wp\/v2\/product\/3761","targetHints":{"allow":["GET"]}}],"collection":[{"href":"https:\/\/www.offirex.fi\/sv\/wp-json\/wp\/v2\/product"}],"about":[{"href":"https:\/\/www.offirex.fi\/sv\/wp-json\/wp\/v2\/types\/product"}],"wp:featuredmedia":[{"embeddable":true,"href":"https:\/\/www.offirex.fi\/sv\/wp-json\/wp\/v2\/media\/5012"}],"wp:attachment":[{"href":"https:\/\/www.offirex.fi\/sv\/wp-json\/wp\/v2\/media?parent=3761"}],"wp:term":[{"taxonomy":"product_brand","embeddable":true,"href":"https:\/\/www.offirex.fi\/sv\/wp-json\/wp\/v2\/product_brand?post=3761"},{"taxonomy":"product_cat","embeddable":true,"href":"https:\/\/www.offirex.fi\/sv\/wp-json\/wp\/v2\/product_cat?post=3761"},{"taxonomy":"product_tag","embeddable":true,"href":"https:\/\/www.offirex.fi\/sv\/wp-json\/wp\/v2\/product_tag?post=3761"}],"curies":[{"name":"wp","href":"https:\/\/api.w.org\/{rel}","templated":true}]}}