{"id":4131,"date":"2021-02-11T15:03:52","date_gmt":"2021-02-11T13:03:52","guid":{"rendered":"https:\/\/offirex.fi\/?post_type=product&#038;p=4131"},"modified":"2025-01-16T12:38:14","modified_gmt":"2025-01-16T10:38:14","slug":"evoluent-vm4-pieni-langaton","status":"publish","type":"product","link":"https:\/\/www.offirex.fi\/sv\/product\/evoluent-vm4-pieni-langaton\/","title":{"rendered":"Evoluent VM4 pieni, langaton"},"content":{"rendered":"","protected":false},"excerpt":{"rendered":"<p>Evoluent &#8211; maailman ensimm\u00e4inen ja alkuper\u00e4inen k\u00e4ttelyotehiiri<br \/>\n<a href=\"https:\/\/offirex.fi\/wp-content\/uploads\/2021\/02\/Evoluent4_small_Wireless_FI_6_21.pdf\">Lataa PDF-esite<\/a><br \/>\n<a href=\"https:\/\/offirex.fi\/wp-content\/uploads\/2021\/02\/VM4-small-wireless-Troubleshooting.pdf\">Troubleshooting<\/a><\/p>\n<p>Evoluent-pystyhiiri VM4SW Pieni on tarkoitettu pienille, alle 17,8 cm pitkille k\u00e4sille (mitattuna keskisormen p\u00e4\u00e4st\u00e4 ranteeseen). Tulostamalla\u00a0<a href=\"https:\/\/offirex.fi\/wp-content\/uploads\/2021\/02\/hand_for_printing.pdf\" target=\"_blank\" rel=\"noopener\">t\u00e4m\u00e4n pdf-dokumentin\u00a0<\/a>koko sivun kokoisena voi kokeilla mallin soveltuvuutta. Mik\u00e4li k\u00e4si on pienempi tai yht\u00e4 suuri kuin piirros, pieni malli voi soveltua paremmin kuin tavallinen.<\/p>\n","protected":false},"featured_media":14828,"template":"","meta":{"_et_pb_use_builder":"","_et_pb_old_content":"","_et_gb_content_width":""},"product_brand":[],"product_cat":[156,98],"product_tag":[],"class_list":{"0":"post-4131","1":"product","2":"type-product","3":"status-publish","4":"has-post-thumbnail","6":"product_cat-evoluent-hiiret","7":"product_cat-hiiret","9":"first","10":"instock","11":"shipping-taxable","12":"product-type-simple"},"yoast_head":"<!-- This site is optimized with the Yoast SEO plugin v27.3 - https:\/\/yoast.com\/product\/yoast-seo-wordpress\/ -->\n<title>Evoluent VM4 pieni, langaton - Offirex Oy<\/title>\n<meta name=\"description\" content=\"Evoluent VM4SW on pieni ergonominen langaton pystyhiiri, joka tukee k\u00e4tt\u00e4 luonnollisessa asennossa, ja jolla v\u00e4ltet\u00e4\u00e4n kyyn\u00e4rvarren kiertyminen\" \/>\n<meta name=\"robots\" content=\"index, follow, max-snippet:-1, max-image-preview:large, max-video-preview:-1\" \/>\n<link rel=\"canonical\" href=\"https:\/\/www.offirex.fi\/product\/evoluent-vm4-pieni-langaton\/\" \/>\n<meta property=\"og:locale\" content=\"sv_SE\" \/>\n<meta property=\"og:type\" content=\"article\" \/>\n<meta property=\"og:title\" content=\"Evoluent VM4 pieni, langaton - Offirex Oy\" \/>\n<meta property=\"og:description\" content=\"Evoluent VM4SW on pieni ergonominen langaton pystyhiiri, joka tukee k\u00e4tt\u00e4 luonnollisessa asennossa, ja jolla v\u00e4ltet\u00e4\u00e4n kyyn\u00e4rvarren kiertyminen\" \/>\n<meta property=\"og:url\" content=\"https:\/\/www.offirex.fi\/product\/evoluent-vm4-pieni-langaton\/\" \/>\n<meta property=\"og:site_name\" content=\"Offirex Oy\" \/>\n<meta property=\"article:modified_time\" content=\"2025-01-16T10:38:14+00:00\" \/>\n<meta property=\"og:image\" content=\"https:\/\/www.offirex.fi\/wp-content\/uploads\/2021\/02\/Evoluent-VM4SW.png\" \/>\n\t<meta property=\"og:image:width\" content=\"1200\" \/>\n\t<meta property=\"og:image:height\" content=\"1200\" \/>\n\t<meta property=\"og:image:type\" content=\"image\/png\" \/>\n<meta name=\"twitter:card\" content=\"summary_large_image\" \/>\n<meta name=\"twitter:label1\" content=\"Ber\u00e4knad l\u00e4stid\" \/>\n\t<meta name=\"twitter:data1\" content=\"1 minut\" \/>\n<script type=\"application\/ld+json\" class=\"yoast-schema-graph\">{\"@context\":\"https:\\\/\\\/schema.org\",\"@graph\":[{\"@type\":\"WebPage\",\"@id\":\"https:\\\/\\\/www.offirex.fi\\\/product\\\/evoluent-vm4-pieni-langaton\\\/\",\"url\":\"https:\\\/\\\/www.offirex.fi\\\/product\\\/evoluent-vm4-pieni-langaton\\\/\",\"name\":\"Evoluent VM4 pieni, langaton - Offirex Oy\",\"isPartOf\":{\"@id\":\"https:\\\/\\\/www.offirex.fi\\\/#website\"},\"primaryImageOfPage\":{\"@id\":\"https:\\\/\\\/www.offirex.fi\\\/product\\\/evoluent-vm4-pieni-langaton\\\/#primaryimage\"},\"image\":{\"@id\":\"https:\\\/\\\/www.offirex.fi\\\/product\\\/evoluent-vm4-pieni-langaton\\\/#primaryimage\"},\"thumbnailUrl\":\"https:\\\/\\\/www.offirex.fi\\\/wp-content\\\/uploads\\\/2021\\\/02\\\/Evoluent-VM4SW.png\",\"datePublished\":\"2021-02-11T13:03:52+00:00\",\"dateModified\":\"2025-01-16T10:38:14+00:00\",\"description\":\"Evoluent VM4SW on pieni ergonominen langaton pystyhiiri, joka tukee k\u00e4tt\u00e4 luonnollisessa asennossa, ja jolla v\u00e4ltet\u00e4\u00e4n kyyn\u00e4rvarren kiertyminen\",\"breadcrumb\":{\"@id\":\"https:\\\/\\\/www.offirex.fi\\\/product\\\/evoluent-vm4-pieni-langaton\\\/#breadcrumb\"},\"inLanguage\":\"sv-SE\",\"potentialAction\":[{\"@type\":\"ReadAction\",\"target\":[\"https:\\\/\\\/www.offirex.fi\\\/product\\\/evoluent-vm4-pieni-langaton\\\/\"]}]},{\"@type\":\"ImageObject\",\"inLanguage\":\"sv-SE\",\"@id\":\"https:\\\/\\\/www.offirex.fi\\\/product\\\/evoluent-vm4-pieni-langaton\\\/#primaryimage\",\"url\":\"https:\\\/\\\/www.offirex.fi\\\/wp-content\\\/uploads\\\/2021\\\/02\\\/Evoluent-VM4SW.png\",\"contentUrl\":\"https:\\\/\\\/www.offirex.fi\\\/wp-content\\\/uploads\\\/2021\\\/02\\\/Evoluent-VM4SW.png\",\"width\":1200,\"height\":1200},{\"@type\":\"BreadcrumbList\",\"@id\":\"https:\\\/\\\/www.offirex.fi\\\/product\\\/evoluent-vm4-pieni-langaton\\\/#breadcrumb\",\"itemListElement\":[{\"@type\":\"ListItem\",\"position\":1,\"name\":\"Etusivu\",\"item\":\"https:\\\/\\\/www.offirex.fi\\\/sv\\\/\"},{\"@type\":\"ListItem\",\"position\":2,\"name\":\"Products\",\"item\":\"https:\\\/\\\/www.offirex.fi\\\/en\\\/products-page\\\/\"},{\"@type\":\"ListItem\",\"position\":3,\"name\":\"Evoluent VM4 pieni, langaton\"}]},{\"@type\":\"WebSite\",\"@id\":\"https:\\\/\\\/www.offirex.fi\\\/#website\",\"url\":\"https:\\\/\\\/www.offirex.fi\\\/\",\"name\":\"Offirex Oy\",\"description\":\"Ergonomic Office Products\",\"publisher\":{\"@id\":\"https:\\\/\\\/www.offirex.fi\\\/#organization\"},\"potentialAction\":[{\"@type\":\"SearchAction\",\"target\":{\"@type\":\"EntryPoint\",\"urlTemplate\":\"https:\\\/\\\/www.offirex.fi\\\/?s={search_term_string}\"},\"query-input\":{\"@type\":\"PropertyValueSpecification\",\"valueRequired\":true,\"valueName\":\"search_term_string\"}}],\"inLanguage\":\"sv-SE\"},{\"@type\":\"Organization\",\"@id\":\"https:\\\/\\\/www.offirex.fi\\\/#organization\",\"name\":\"Offirex Oy\",\"url\":\"https:\\\/\\\/www.offirex.fi\\\/\",\"logo\":{\"@type\":\"ImageObject\",\"inLanguage\":\"sv-SE\",\"@id\":\"https:\\\/\\\/www.offirex.fi\\\/#\\\/schema\\\/logo\\\/image\\\/\",\"url\":\"https:\\\/\\\/www.offirex.fi\\\/wp-content\\\/uploads\\\/2020\\\/11\\\/offirex-logo.jpg\",\"contentUrl\":\"https:\\\/\\\/www.offirex.fi\\\/wp-content\\\/uploads\\\/2020\\\/11\\\/offirex-logo.jpg\",\"width\":320,\"height\":103,\"caption\":\"Offirex Oy\"},\"image\":{\"@id\":\"https:\\\/\\\/www.offirex.fi\\\/#\\\/schema\\\/logo\\\/image\\\/\"}}]}<\/script>\n<!-- \/ Yoast SEO plugin. -->","yoast_head_json":{"title":"Evoluent VM4 pieni, langaton - Offirex Oy","description":"Evoluent VM4SW on pieni ergonominen langaton pystyhiiri, joka tukee k\u00e4tt\u00e4 luonnollisessa asennossa, ja jolla v\u00e4ltet\u00e4\u00e4n kyyn\u00e4rvarren kiertyminen","robots":{"index":"index","follow":"follow","max-snippet":"max-snippet:-1","max-image-preview":"max-image-preview:large","max-video-preview":"max-video-preview:-1"},"canonical":"https:\/\/www.offirex.fi\/product\/evoluent-vm4-pieni-langaton\/","og_locale":"sv_SE","og_type":"article","og_title":"Evoluent VM4 pieni, langaton - Offirex Oy","og_description":"Evoluent VM4SW on pieni ergonominen langaton pystyhiiri, joka tukee k\u00e4tt\u00e4 luonnollisessa asennossa, ja jolla v\u00e4ltet\u00e4\u00e4n kyyn\u00e4rvarren kiertyminen","og_url":"https:\/\/www.offirex.fi\/product\/evoluent-vm4-pieni-langaton\/","og_site_name":"Offirex Oy","article_modified_time":"2025-01-16T10:38:14+00:00","og_image":[{"width":1200,"height":1200,"url":"https:\/\/www.offirex.fi\/wp-content\/uploads\/2021\/02\/Evoluent-VM4SW.png","type":"image\/png"}],"twitter_card":"summary_large_image","twitter_misc":{"Ber\u00e4knad l\u00e4stid":"1 minut"},"schema":{"@context":"https:\/\/schema.org","@graph":[{"@type":"WebPage","@id":"https:\/\/www.offirex.fi\/product\/evoluent-vm4-pieni-langaton\/","url":"https:\/\/www.offirex.fi\/product\/evoluent-vm4-pieni-langaton\/","name":"Evoluent VM4 pieni, langaton - Offirex Oy","isPartOf":{"@id":"https:\/\/www.offirex.fi\/#website"},"primaryImageOfPage":{"@id":"https:\/\/www.offirex.fi\/product\/evoluent-vm4-pieni-langaton\/#primaryimage"},"image":{"@id":"https:\/\/www.offirex.fi\/product\/evoluent-vm4-pieni-langaton\/#primaryimage"},"thumbnailUrl":"https:\/\/www.offirex.fi\/wp-content\/uploads\/2021\/02\/Evoluent-VM4SW.png","datePublished":"2021-02-11T13:03:52+00:00","dateModified":"2025-01-16T10:38:14+00:00","description":"Evoluent VM4SW on pieni ergonominen langaton pystyhiiri, joka tukee k\u00e4tt\u00e4 luonnollisessa asennossa, ja jolla v\u00e4ltet\u00e4\u00e4n kyyn\u00e4rvarren kiertyminen","breadcrumb":{"@id":"https:\/\/www.offirex.fi\/product\/evoluent-vm4-pieni-langaton\/#breadcrumb"},"inLanguage":"sv-SE","potentialAction":[{"@type":"ReadAction","target":["https:\/\/www.offirex.fi\/product\/evoluent-vm4-pieni-langaton\/"]}]},{"@type":"ImageObject","inLanguage":"sv-SE","@id":"https:\/\/www.offirex.fi\/product\/evoluent-vm4-pieni-langaton\/#primaryimage","url":"https:\/\/www.offirex.fi\/wp-content\/uploads\/2021\/02\/Evoluent-VM4SW.png","contentUrl":"https:\/\/www.offirex.fi\/wp-content\/uploads\/2021\/02\/Evoluent-VM4SW.png","width":1200,"height":1200},{"@type":"BreadcrumbList","@id":"https:\/\/www.offirex.fi\/product\/evoluent-vm4-pieni-langaton\/#breadcrumb","itemListElement":[{"@type":"ListItem","position":1,"name":"Etusivu","item":"https:\/\/www.offirex.fi\/sv\/"},{"@type":"ListItem","position":2,"name":"Products","item":"https:\/\/www.offirex.fi\/en\/products-page\/"},{"@type":"ListItem","position":3,"name":"Evoluent VM4 pieni, langaton"}]},{"@type":"WebSite","@id":"https:\/\/www.offirex.fi\/#website","url":"https:\/\/www.offirex.fi\/","name":"Offirex Oy","description":"Ergonomic Office Products","publisher":{"@id":"https:\/\/www.offirex.fi\/#organization"},"potentialAction":[{"@type":"SearchAction","target":{"@type":"EntryPoint","urlTemplate":"https:\/\/www.offirex.fi\/?s={search_term_string}"},"query-input":{"@type":"PropertyValueSpecification","valueRequired":true,"valueName":"search_term_string"}}],"inLanguage":"sv-SE"},{"@type":"Organization","@id":"https:\/\/www.offirex.fi\/#organization","name":"Offirex Oy","url":"https:\/\/www.offirex.fi\/","logo":{"@type":"ImageObject","inLanguage":"sv-SE","@id":"https:\/\/www.offirex.fi\/#\/schema\/logo\/image\/","url":"https:\/\/www.offirex.fi\/wp-content\/uploads\/2020\/11\/offirex-logo.jpg","contentUrl":"https:\/\/www.offirex.fi\/wp-content\/uploads\/2020\/11\/offirex-logo.jpg","width":320,"height":103,"caption":"Offirex Oy"},"image":{"@id":"https:\/\/www.offirex.fi\/#\/schema\/logo\/image\/"}}]}},"_links":{"self":[{"href":"https:\/\/www.offirex.fi\/sv\/wp-json\/wp\/v2\/product\/4131","targetHints":{"allow":["GET"]}}],"collection":[{"href":"https:\/\/www.offirex.fi\/sv\/wp-json\/wp\/v2\/product"}],"about":[{"href":"https:\/\/www.offirex.fi\/sv\/wp-json\/wp\/v2\/types\/product"}],"wp:featuredmedia":[{"embeddable":true,"href":"https:\/\/www.offirex.fi\/sv\/wp-json\/wp\/v2\/media\/14828"}],"wp:attachment":[{"href":"https:\/\/www.offirex.fi\/sv\/wp-json\/wp\/v2\/media?parent=4131"}],"wp:term":[{"taxonomy":"product_brand","embeddable":true,"href":"https:\/\/www.offirex.fi\/sv\/wp-json\/wp\/v2\/product_brand?post=4131"},{"taxonomy":"product_cat","embeddable":true,"href":"https:\/\/www.offirex.fi\/sv\/wp-json\/wp\/v2\/product_cat?post=4131"},{"taxonomy":"product_tag","embeddable":true,"href":"https:\/\/www.offirex.fi\/sv\/wp-json\/wp\/v2\/product_tag?post=4131"}],"curies":[{"name":"wp","href":"https:\/\/api.w.org\/{rel}","templated":true}]}}