{"id":6253,"date":"2021-06-24T10:57:14","date_gmt":"2021-06-24T07:57:14","guid":{"rendered":"https:\/\/offirex.fi\/?post_type=product&#038;p=6253"},"modified":"2025-03-14T14:49:47","modified_gmt":"2025-03-14T12:49:47","slug":"ohjelmoitava-ergonominen-puolipystyhiiri-newtral-3-langaton-vasenkatinen","status":"publish","type":"product","link":"https:\/\/www.offirex.fi\/sv\/product\/ohjelmoitava-ergonominen-puolipystyhiiri-newtral-3-langaton-vasenkatinen\/","title":{"rendered":"Ohjelmoitava ergonominen puolipystyhiiri NEWTRAL 3, vas."},"content":{"rendered":"","protected":false},"excerpt":{"rendered":"<p>Langaton\u00a0puolipystyhiiri\u00a0erikoisen\u00a0suurella k\u00e4mmentuella ja ohjelmoitavilla painikkeilla<br \/>\n<a href=\"https:\/\/offirex-fi.hel8.wp-cloud.dev\/wp-content\/uploads\/2021\/06\/Newtral3_fi_vasen.pdf\">Lataa PDF-esite<\/a><\/p>\n","protected":false},"featured_media":15008,"template":"","meta":{"_et_pb_use_builder":"","_et_pb_old_content":"","_et_gb_content_width":""},"product_brand":[],"product_cat":[218,131],"product_tag":[],"class_list":{"0":"post-6253","1":"product","2":"type-product","3":"status-publish","4":"has-post-thumbnail","6":"product_cat-newtral-vasen","7":"product_cat-vasenkatisten-tuotteet","9":"first","10":"instock","11":"shipping-taxable","12":"product-type-simple"},"yoast_head":"<!-- This site is optimized with the Yoast SEO plugin v27.3 - https:\/\/yoast.com\/product\/yoast-seo-wordpress\/ -->\n<title>Ohjelmoitava ergonominen puolipystyhiiri NEWTRAL 3, vas. - Offirex Oy<\/title>\n<meta name=\"description\" content=\"Vasenk\u00e4tisille suunniteltu Newtral 3 on langaton ohjelmoitava puolipystyhiiri, joka v\u00e4hent\u00e4\u00e4 ranteen rasitusta ergonomisella muotoilullaan.\" \/>\n<meta name=\"robots\" content=\"index, follow, max-snippet:-1, max-image-preview:large, max-video-preview:-1\" \/>\n<link rel=\"canonical\" href=\"https:\/\/www.offirex.fi\/product\/ohjelmoitava-ergonominen-puolipystyhiiri-newtral-3-langaton-vasenkatinen\/\" \/>\n<meta property=\"og:locale\" content=\"sv_SE\" \/>\n<meta property=\"og:type\" content=\"article\" \/>\n<meta property=\"og:title\" content=\"Ohjelmoitava ergonominen puolipystyhiiri NEWTRAL 3, vas. - Offirex Oy\" \/>\n<meta property=\"og:description\" content=\"Vasenk\u00e4tisille suunniteltu Newtral 3 on langaton ohjelmoitava puolipystyhiiri, joka v\u00e4hent\u00e4\u00e4 ranteen rasitusta ergonomisella muotoilullaan.\" \/>\n<meta property=\"og:url\" content=\"https:\/\/www.offirex.fi\/product\/ohjelmoitava-ergonominen-puolipystyhiiri-newtral-3-langaton-vasenkatinen\/\" \/>\n<meta property=\"og:site_name\" content=\"Offirex Oy\" \/>\n<meta property=\"article:modified_time\" content=\"2025-03-14T12:49:47+00:00\" \/>\n<meta property=\"og:image\" content=\"https:\/\/www.offirex.fi\/wp-content\/uploads\/2021\/06\/NEWTRAL-3-LEFT.jpg\" \/>\n\t<meta property=\"og:image:width\" content=\"900\" \/>\n\t<meta property=\"og:image:height\" content=\"900\" \/>\n\t<meta property=\"og:image:type\" content=\"image\/jpeg\" \/>\n<meta name=\"twitter:card\" content=\"summary_large_image\" \/>\n<meta name=\"twitter:label1\" content=\"Ber\u00e4knad l\u00e4stid\" \/>\n\t<meta name=\"twitter:data1\" content=\"1 minut\" \/>\n<script type=\"application\/ld+json\" class=\"yoast-schema-graph\">{\"@context\":\"https:\\\/\\\/schema.org\",\"@graph\":[{\"@type\":\"WebPage\",\"@id\":\"https:\\\/\\\/www.offirex.fi\\\/product\\\/ohjelmoitava-ergonominen-puolipystyhiiri-newtral-3-langaton-vasenkatinen\\\/\",\"url\":\"https:\\\/\\\/www.offirex.fi\\\/product\\\/ohjelmoitava-ergonominen-puolipystyhiiri-newtral-3-langaton-vasenkatinen\\\/\",\"name\":\"Ohjelmoitava ergonominen puolipystyhiiri NEWTRAL 3, vas. - Offirex Oy\",\"isPartOf\":{\"@id\":\"https:\\\/\\\/www.offirex.fi\\\/#website\"},\"primaryImageOfPage\":{\"@id\":\"https:\\\/\\\/www.offirex.fi\\\/product\\\/ohjelmoitava-ergonominen-puolipystyhiiri-newtral-3-langaton-vasenkatinen\\\/#primaryimage\"},\"image\":{\"@id\":\"https:\\\/\\\/www.offirex.fi\\\/product\\\/ohjelmoitava-ergonominen-puolipystyhiiri-newtral-3-langaton-vasenkatinen\\\/#primaryimage\"},\"thumbnailUrl\":\"https:\\\/\\\/www.offirex.fi\\\/wp-content\\\/uploads\\\/2021\\\/06\\\/NEWTRAL-3-LEFT.jpg\",\"datePublished\":\"2021-06-24T07:57:14+00:00\",\"dateModified\":\"2025-03-14T12:49:47+00:00\",\"description\":\"Vasenk\u00e4tisille suunniteltu Newtral 3 on langaton ohjelmoitava puolipystyhiiri, joka v\u00e4hent\u00e4\u00e4 ranteen rasitusta ergonomisella muotoilullaan.\",\"breadcrumb\":{\"@id\":\"https:\\\/\\\/www.offirex.fi\\\/product\\\/ohjelmoitava-ergonominen-puolipystyhiiri-newtral-3-langaton-vasenkatinen\\\/#breadcrumb\"},\"inLanguage\":\"sv-SE\",\"potentialAction\":[{\"@type\":\"ReadAction\",\"target\":[\"https:\\\/\\\/www.offirex.fi\\\/product\\\/ohjelmoitava-ergonominen-puolipystyhiiri-newtral-3-langaton-vasenkatinen\\\/\"]}]},{\"@type\":\"ImageObject\",\"inLanguage\":\"sv-SE\",\"@id\":\"https:\\\/\\\/www.offirex.fi\\\/product\\\/ohjelmoitava-ergonominen-puolipystyhiiri-newtral-3-langaton-vasenkatinen\\\/#primaryimage\",\"url\":\"https:\\\/\\\/www.offirex.fi\\\/wp-content\\\/uploads\\\/2021\\\/06\\\/NEWTRAL-3-LEFT.jpg\",\"contentUrl\":\"https:\\\/\\\/www.offirex.fi\\\/wp-content\\\/uploads\\\/2021\\\/06\\\/NEWTRAL-3-LEFT.jpg\",\"width\":900,\"height\":900},{\"@type\":\"BreadcrumbList\",\"@id\":\"https:\\\/\\\/www.offirex.fi\\\/product\\\/ohjelmoitava-ergonominen-puolipystyhiiri-newtral-3-langaton-vasenkatinen\\\/#breadcrumb\",\"itemListElement\":[{\"@type\":\"ListItem\",\"position\":1,\"name\":\"Etusivu\",\"item\":\"https:\\\/\\\/www.offirex.fi\\\/sv\\\/\"},{\"@type\":\"ListItem\",\"position\":2,\"name\":\"Products\",\"item\":\"https:\\\/\\\/www.offirex.fi\\\/en\\\/products-page\\\/\"},{\"@type\":\"ListItem\",\"position\":3,\"name\":\"Ohjelmoitava ergonominen puolipystyhiiri NEWTRAL 3, vas.\"}]},{\"@type\":\"WebSite\",\"@id\":\"https:\\\/\\\/www.offirex.fi\\\/#website\",\"url\":\"https:\\\/\\\/www.offirex.fi\\\/\",\"name\":\"Offirex Oy\",\"description\":\"Ergonomic Office Products\",\"publisher\":{\"@id\":\"https:\\\/\\\/www.offirex.fi\\\/#organization\"},\"potentialAction\":[{\"@type\":\"SearchAction\",\"target\":{\"@type\":\"EntryPoint\",\"urlTemplate\":\"https:\\\/\\\/www.offirex.fi\\\/?s={search_term_string}\"},\"query-input\":{\"@type\":\"PropertyValueSpecification\",\"valueRequired\":true,\"valueName\":\"search_term_string\"}}],\"inLanguage\":\"sv-SE\"},{\"@type\":\"Organization\",\"@id\":\"https:\\\/\\\/www.offirex.fi\\\/#organization\",\"name\":\"Offirex Oy\",\"url\":\"https:\\\/\\\/www.offirex.fi\\\/\",\"logo\":{\"@type\":\"ImageObject\",\"inLanguage\":\"sv-SE\",\"@id\":\"https:\\\/\\\/www.offirex.fi\\\/#\\\/schema\\\/logo\\\/image\\\/\",\"url\":\"https:\\\/\\\/www.offirex.fi\\\/wp-content\\\/uploads\\\/2020\\\/11\\\/offirex-logo.jpg\",\"contentUrl\":\"https:\\\/\\\/www.offirex.fi\\\/wp-content\\\/uploads\\\/2020\\\/11\\\/offirex-logo.jpg\",\"width\":320,\"height\":103,\"caption\":\"Offirex Oy\"},\"image\":{\"@id\":\"https:\\\/\\\/www.offirex.fi\\\/#\\\/schema\\\/logo\\\/image\\\/\"}}]}<\/script>\n<!-- \/ Yoast SEO plugin. -->","yoast_head_json":{"title":"Ohjelmoitava ergonominen puolipystyhiiri NEWTRAL 3, vas. - Offirex Oy","description":"Vasenk\u00e4tisille suunniteltu Newtral 3 on langaton ohjelmoitava puolipystyhiiri, joka v\u00e4hent\u00e4\u00e4 ranteen rasitusta ergonomisella muotoilullaan.","robots":{"index":"index","follow":"follow","max-snippet":"max-snippet:-1","max-image-preview":"max-image-preview:large","max-video-preview":"max-video-preview:-1"},"canonical":"https:\/\/www.offirex.fi\/product\/ohjelmoitava-ergonominen-puolipystyhiiri-newtral-3-langaton-vasenkatinen\/","og_locale":"sv_SE","og_type":"article","og_title":"Ohjelmoitava ergonominen puolipystyhiiri NEWTRAL 3, vas. - Offirex Oy","og_description":"Vasenk\u00e4tisille suunniteltu Newtral 3 on langaton ohjelmoitava puolipystyhiiri, joka v\u00e4hent\u00e4\u00e4 ranteen rasitusta ergonomisella muotoilullaan.","og_url":"https:\/\/www.offirex.fi\/product\/ohjelmoitava-ergonominen-puolipystyhiiri-newtral-3-langaton-vasenkatinen\/","og_site_name":"Offirex Oy","article_modified_time":"2025-03-14T12:49:47+00:00","og_image":[{"width":900,"height":900,"url":"https:\/\/www.offirex.fi\/wp-content\/uploads\/2021\/06\/NEWTRAL-3-LEFT.jpg","type":"image\/jpeg"}],"twitter_card":"summary_large_image","twitter_misc":{"Ber\u00e4knad l\u00e4stid":"1 minut"},"schema":{"@context":"https:\/\/schema.org","@graph":[{"@type":"WebPage","@id":"https:\/\/www.offirex.fi\/product\/ohjelmoitava-ergonominen-puolipystyhiiri-newtral-3-langaton-vasenkatinen\/","url":"https:\/\/www.offirex.fi\/product\/ohjelmoitava-ergonominen-puolipystyhiiri-newtral-3-langaton-vasenkatinen\/","name":"Ohjelmoitava ergonominen puolipystyhiiri NEWTRAL 3, vas. - Offirex Oy","isPartOf":{"@id":"https:\/\/www.offirex.fi\/#website"},"primaryImageOfPage":{"@id":"https:\/\/www.offirex.fi\/product\/ohjelmoitava-ergonominen-puolipystyhiiri-newtral-3-langaton-vasenkatinen\/#primaryimage"},"image":{"@id":"https:\/\/www.offirex.fi\/product\/ohjelmoitava-ergonominen-puolipystyhiiri-newtral-3-langaton-vasenkatinen\/#primaryimage"},"thumbnailUrl":"https:\/\/www.offirex.fi\/wp-content\/uploads\/2021\/06\/NEWTRAL-3-LEFT.jpg","datePublished":"2021-06-24T07:57:14+00:00","dateModified":"2025-03-14T12:49:47+00:00","description":"Vasenk\u00e4tisille suunniteltu Newtral 3 on langaton ohjelmoitava puolipystyhiiri, joka v\u00e4hent\u00e4\u00e4 ranteen rasitusta ergonomisella muotoilullaan.","breadcrumb":{"@id":"https:\/\/www.offirex.fi\/product\/ohjelmoitava-ergonominen-puolipystyhiiri-newtral-3-langaton-vasenkatinen\/#breadcrumb"},"inLanguage":"sv-SE","potentialAction":[{"@type":"ReadAction","target":["https:\/\/www.offirex.fi\/product\/ohjelmoitava-ergonominen-puolipystyhiiri-newtral-3-langaton-vasenkatinen\/"]}]},{"@type":"ImageObject","inLanguage":"sv-SE","@id":"https:\/\/www.offirex.fi\/product\/ohjelmoitava-ergonominen-puolipystyhiiri-newtral-3-langaton-vasenkatinen\/#primaryimage","url":"https:\/\/www.offirex.fi\/wp-content\/uploads\/2021\/06\/NEWTRAL-3-LEFT.jpg","contentUrl":"https:\/\/www.offirex.fi\/wp-content\/uploads\/2021\/06\/NEWTRAL-3-LEFT.jpg","width":900,"height":900},{"@type":"BreadcrumbList","@id":"https:\/\/www.offirex.fi\/product\/ohjelmoitava-ergonominen-puolipystyhiiri-newtral-3-langaton-vasenkatinen\/#breadcrumb","itemListElement":[{"@type":"ListItem","position":1,"name":"Etusivu","item":"https:\/\/www.offirex.fi\/sv\/"},{"@type":"ListItem","position":2,"name":"Products","item":"https:\/\/www.offirex.fi\/en\/products-page\/"},{"@type":"ListItem","position":3,"name":"Ohjelmoitava ergonominen puolipystyhiiri NEWTRAL 3, vas."}]},{"@type":"WebSite","@id":"https:\/\/www.offirex.fi\/#website","url":"https:\/\/www.offirex.fi\/","name":"Offirex Oy","description":"Ergonomic Office Products","publisher":{"@id":"https:\/\/www.offirex.fi\/#organization"},"potentialAction":[{"@type":"SearchAction","target":{"@type":"EntryPoint","urlTemplate":"https:\/\/www.offirex.fi\/?s={search_term_string}"},"query-input":{"@type":"PropertyValueSpecification","valueRequired":true,"valueName":"search_term_string"}}],"inLanguage":"sv-SE"},{"@type":"Organization","@id":"https:\/\/www.offirex.fi\/#organization","name":"Offirex Oy","url":"https:\/\/www.offirex.fi\/","logo":{"@type":"ImageObject","inLanguage":"sv-SE","@id":"https:\/\/www.offirex.fi\/#\/schema\/logo\/image\/","url":"https:\/\/www.offirex.fi\/wp-content\/uploads\/2020\/11\/offirex-logo.jpg","contentUrl":"https:\/\/www.offirex.fi\/wp-content\/uploads\/2020\/11\/offirex-logo.jpg","width":320,"height":103,"caption":"Offirex Oy"},"image":{"@id":"https:\/\/www.offirex.fi\/#\/schema\/logo\/image\/"}}]}},"_links":{"self":[{"href":"https:\/\/www.offirex.fi\/sv\/wp-json\/wp\/v2\/product\/6253","targetHints":{"allow":["GET"]}}],"collection":[{"href":"https:\/\/www.offirex.fi\/sv\/wp-json\/wp\/v2\/product"}],"about":[{"href":"https:\/\/www.offirex.fi\/sv\/wp-json\/wp\/v2\/types\/product"}],"wp:featuredmedia":[{"embeddable":true,"href":"https:\/\/www.offirex.fi\/sv\/wp-json\/wp\/v2\/media\/15008"}],"wp:attachment":[{"href":"https:\/\/www.offirex.fi\/sv\/wp-json\/wp\/v2\/media?parent=6253"}],"wp:term":[{"taxonomy":"product_brand","embeddable":true,"href":"https:\/\/www.offirex.fi\/sv\/wp-json\/wp\/v2\/product_brand?post=6253"},{"taxonomy":"product_cat","embeddable":true,"href":"https:\/\/www.offirex.fi\/sv\/wp-json\/wp\/v2\/product_cat?post=6253"},{"taxonomy":"product_tag","embeddable":true,"href":"https:\/\/www.offirex.fi\/sv\/wp-json\/wp\/v2\/product_tag?post=6253"}],"curies":[{"name":"wp","href":"https:\/\/api.w.org\/{rel}","templated":true}]}}