{"id":6375,"date":"2021-06-29T08:38:44","date_gmt":"2021-06-29T05:38:44","guid":{"rendered":"https:\/\/offirex-fi.hel8.wp-cloud.dev\/?post_type=product&#038;p=6375"},"modified":"2025-06-09T12:55:56","modified_gmt":"2025-06-09T09:55:56","slug":"keinuhiiri-rockstick-2-langaton-vasenkatinen","status":"publish","type":"product","link":"https:\/\/www.offirex.fi\/sv\/product\/keinuhiiri-rockstick-2-langaton-vasenkatinen\/","title":{"rendered":"Keinuhiiri Rockstick 2, langaton, vasenk\u00e4tinen"},"content":{"rendered":"","protected":false},"excerpt":{"rendered":"<p>Rock &#8217;n&#8217; scroll! Keinauta ja vierit\u00e4! Keinauta k\u00e4dell\u00e4, \u00e4l\u00e4 rasita sormia.<\/p>\n<p><a href=\"https:\/\/offirex.fi\/wp-content\/uploads\/2021\/02\/Rockstick2_fi.pdf\" target=\"_blank\" rel=\"noopener\"><img loading=\"lazy\" decoding=\"async\" class=\"alignnone wp-image-3973\" src=\"https:\/\/offirex.fi\/wp-content\/uploads\/2021\/02\/rda_winner-2014_cmyk-300x214.jpg\" alt=\"\" width=\"290\" height=\"207\" srcset=\"https:\/\/www.offirex.fi\/wp-content\/uploads\/2021\/02\/rda_winner-2014_cmyk-300x214.jpg 300w, https:\/\/www.offirex.fi\/wp-content\/uploads\/2021\/02\/rda_winner-2014_cmyk-900x641.jpg 900w, https:\/\/www.offirex.fi\/wp-content\/uploads\/2021\/02\/rda_winner-2014_cmyk-1024x729.jpg 1024w, https:\/\/www.offirex.fi\/wp-content\/uploads\/2021\/02\/rda_winner-2014_cmyk-768x547.jpg 768w, https:\/\/www.offirex.fi\/wp-content\/uploads\/2021\/02\/rda_winner-2014_cmyk-1536x1094.jpg 1536w, https:\/\/www.offirex.fi\/wp-content\/uploads\/2021\/02\/rda_winner-2014_cmyk-640x456.jpg 640w, https:\/\/www.offirex.fi\/wp-content\/uploads\/2021\/02\/rda_winner-2014_cmyk-400x285.jpg 400w, https:\/\/www.offirex.fi\/wp-content\/uploads\/2021\/02\/rda_winner-2014_cmyk-600x427.jpg 600w, https:\/\/www.offirex.fi\/wp-content\/uploads\/2021\/02\/rda_winner-2014_cmyk.jpg 1890w\" sizes=\"(max-width: 290px) 100vw, 290px\" \/><\/a><\/p>\n<p><a href=\"https:\/\/www.offirex.fi\/wp-content\/uploads\/2021\/06\/Rockstick2_fi_vasen.pdf\">Lataa PDF-esite<\/a><\/p>\n<p><a href=\"https:\/\/offirex.fi\/wp-content\/uploads\/2021\/02\/Rocker_Mouse_kayttokokemus.pdf\">K\u00e4ytt\u00e4j\u00e4n kokemuksia<\/a><\/p>\n","protected":false},"featured_media":15012,"template":"","meta":{"_et_pb_use_builder":"","_et_pb_old_content":"","_et_gb_content_width":""},"product_brand":[],"product_cat":[220,131],"product_tag":[],"class_list":{"0":"post-6375","1":"product","2":"type-product","3":"status-publish","4":"has-post-thumbnail","6":"product_cat-rockstick-vasen-kategoria","7":"product_cat-vasenkatisten-tuotteet","9":"first","10":"instock","11":"shipping-taxable","12":"product-type-simple"},"yoast_head":"<!-- This site is optimized with the Yoast SEO plugin v27.3 - https:\/\/yoast.com\/product\/yoast-seo-wordpress\/ -->\n<title>Keinuhiiri Rockstick 2, langaton, vasenk\u00e4tinen - Offirex Oy<\/title>\n<meta name=\"description\" content=\"Vasenk\u00e4tisille suunniteltu langaton keinuhiiri Rockstick 2 on ergonominen hiiri, jolla v\u00e4ltet\u00e4\u00e4n kyyn\u00e4rvarren kiertyminen ja sormien rasitusta.\" \/>\n<meta name=\"robots\" content=\"index, follow, max-snippet:-1, max-image-preview:large, max-video-preview:-1\" \/>\n<link rel=\"canonical\" href=\"https:\/\/www.offirex.fi\/product\/keinuhiiri-rockstick-2-langaton-vasenkatinen\/\" \/>\n<meta property=\"og:locale\" content=\"sv_SE\" \/>\n<meta property=\"og:type\" content=\"article\" \/>\n<meta property=\"og:title\" content=\"Keinuhiiri Rockstick 2, langaton, vasenk\u00e4tinen - Offirex Oy\" \/>\n<meta property=\"og:description\" content=\"Vasenk\u00e4tisille suunniteltu langaton keinuhiiri Rockstick 2 on ergonominen hiiri, jolla v\u00e4ltet\u00e4\u00e4n kyyn\u00e4rvarren kiertyminen ja sormien rasitusta.\" \/>\n<meta property=\"og:url\" content=\"https:\/\/www.offirex.fi\/product\/keinuhiiri-rockstick-2-langaton-vasenkatinen\/\" \/>\n<meta property=\"og:site_name\" content=\"Offirex Oy\" \/>\n<meta property=\"article:modified_time\" content=\"2025-06-09T09:55:56+00:00\" \/>\n<meta property=\"og:image\" content=\"https:\/\/www.offirex.fi\/wp-content\/uploads\/2021\/06\/ROCKSTICK-LEFT.jpg\" \/>\n\t<meta property=\"og:image:width\" content=\"900\" \/>\n\t<meta property=\"og:image:height\" content=\"900\" \/>\n\t<meta property=\"og:image:type\" content=\"image\/jpeg\" \/>\n<meta name=\"twitter:card\" content=\"summary_large_image\" \/>\n<meta name=\"twitter:label1\" content=\"Ber\u00e4knad l\u00e4stid\" \/>\n\t<meta name=\"twitter:data1\" content=\"1 minut\" \/>\n<script type=\"application\/ld+json\" class=\"yoast-schema-graph\">{\"@context\":\"https:\\\/\\\/schema.org\",\"@graph\":[{\"@type\":\"WebPage\",\"@id\":\"https:\\\/\\\/www.offirex.fi\\\/product\\\/keinuhiiri-rockstick-2-langaton-vasenkatinen\\\/\",\"url\":\"https:\\\/\\\/www.offirex.fi\\\/product\\\/keinuhiiri-rockstick-2-langaton-vasenkatinen\\\/\",\"name\":\"Keinuhiiri Rockstick 2, langaton, vasenk\u00e4tinen - Offirex Oy\",\"isPartOf\":{\"@id\":\"https:\\\/\\\/www.offirex.fi\\\/#website\"},\"primaryImageOfPage\":{\"@id\":\"https:\\\/\\\/www.offirex.fi\\\/product\\\/keinuhiiri-rockstick-2-langaton-vasenkatinen\\\/#primaryimage\"},\"image\":{\"@id\":\"https:\\\/\\\/www.offirex.fi\\\/product\\\/keinuhiiri-rockstick-2-langaton-vasenkatinen\\\/#primaryimage\"},\"thumbnailUrl\":\"https:\\\/\\\/www.offirex.fi\\\/wp-content\\\/uploads\\\/2021\\\/06\\\/ROCKSTICK-LEFT.jpg\",\"datePublished\":\"2021-06-29T05:38:44+00:00\",\"dateModified\":\"2025-06-09T09:55:56+00:00\",\"description\":\"Vasenk\u00e4tisille suunniteltu langaton keinuhiiri Rockstick 2 on ergonominen hiiri, jolla v\u00e4ltet\u00e4\u00e4n kyyn\u00e4rvarren kiertyminen ja sormien rasitusta.\",\"breadcrumb\":{\"@id\":\"https:\\\/\\\/www.offirex.fi\\\/product\\\/keinuhiiri-rockstick-2-langaton-vasenkatinen\\\/#breadcrumb\"},\"inLanguage\":\"sv-SE\",\"potentialAction\":[{\"@type\":\"ReadAction\",\"target\":[\"https:\\\/\\\/www.offirex.fi\\\/product\\\/keinuhiiri-rockstick-2-langaton-vasenkatinen\\\/\"]}]},{\"@type\":\"ImageObject\",\"inLanguage\":\"sv-SE\",\"@id\":\"https:\\\/\\\/www.offirex.fi\\\/product\\\/keinuhiiri-rockstick-2-langaton-vasenkatinen\\\/#primaryimage\",\"url\":\"https:\\\/\\\/www.offirex.fi\\\/wp-content\\\/uploads\\\/2021\\\/06\\\/ROCKSTICK-LEFT.jpg\",\"contentUrl\":\"https:\\\/\\\/www.offirex.fi\\\/wp-content\\\/uploads\\\/2021\\\/06\\\/ROCKSTICK-LEFT.jpg\",\"width\":900,\"height\":900},{\"@type\":\"BreadcrumbList\",\"@id\":\"https:\\\/\\\/www.offirex.fi\\\/product\\\/keinuhiiri-rockstick-2-langaton-vasenkatinen\\\/#breadcrumb\",\"itemListElement\":[{\"@type\":\"ListItem\",\"position\":1,\"name\":\"Etusivu\",\"item\":\"https:\\\/\\\/www.offirex.fi\\\/sv\\\/\"},{\"@type\":\"ListItem\",\"position\":2,\"name\":\"Products\",\"item\":\"https:\\\/\\\/www.offirex.fi\\\/en\\\/products-page\\\/\"},{\"@type\":\"ListItem\",\"position\":3,\"name\":\"Keinuhiiri Rockstick 2, langaton, vasenk\u00e4tinen\"}]},{\"@type\":\"WebSite\",\"@id\":\"https:\\\/\\\/www.offirex.fi\\\/#website\",\"url\":\"https:\\\/\\\/www.offirex.fi\\\/\",\"name\":\"Offirex Oy\",\"description\":\"Ergonomic Office Products\",\"publisher\":{\"@id\":\"https:\\\/\\\/www.offirex.fi\\\/#organization\"},\"potentialAction\":[{\"@type\":\"SearchAction\",\"target\":{\"@type\":\"EntryPoint\",\"urlTemplate\":\"https:\\\/\\\/www.offirex.fi\\\/?s={search_term_string}\"},\"query-input\":{\"@type\":\"PropertyValueSpecification\",\"valueRequired\":true,\"valueName\":\"search_term_string\"}}],\"inLanguage\":\"sv-SE\"},{\"@type\":\"Organization\",\"@id\":\"https:\\\/\\\/www.offirex.fi\\\/#organization\",\"name\":\"Offirex Oy\",\"url\":\"https:\\\/\\\/www.offirex.fi\\\/\",\"logo\":{\"@type\":\"ImageObject\",\"inLanguage\":\"sv-SE\",\"@id\":\"https:\\\/\\\/www.offirex.fi\\\/#\\\/schema\\\/logo\\\/image\\\/\",\"url\":\"https:\\\/\\\/www.offirex.fi\\\/wp-content\\\/uploads\\\/2020\\\/11\\\/offirex-logo.jpg\",\"contentUrl\":\"https:\\\/\\\/www.offirex.fi\\\/wp-content\\\/uploads\\\/2020\\\/11\\\/offirex-logo.jpg\",\"width\":320,\"height\":103,\"caption\":\"Offirex Oy\"},\"image\":{\"@id\":\"https:\\\/\\\/www.offirex.fi\\\/#\\\/schema\\\/logo\\\/image\\\/\"}}]}<\/script>\n<!-- \/ Yoast SEO plugin. -->","yoast_head_json":{"title":"Keinuhiiri Rockstick 2, langaton, vasenk\u00e4tinen - Offirex Oy","description":"Vasenk\u00e4tisille suunniteltu langaton keinuhiiri Rockstick 2 on ergonominen hiiri, jolla v\u00e4ltet\u00e4\u00e4n kyyn\u00e4rvarren kiertyminen ja sormien rasitusta.","robots":{"index":"index","follow":"follow","max-snippet":"max-snippet:-1","max-image-preview":"max-image-preview:large","max-video-preview":"max-video-preview:-1"},"canonical":"https:\/\/www.offirex.fi\/product\/keinuhiiri-rockstick-2-langaton-vasenkatinen\/","og_locale":"sv_SE","og_type":"article","og_title":"Keinuhiiri Rockstick 2, langaton, vasenk\u00e4tinen - Offirex Oy","og_description":"Vasenk\u00e4tisille suunniteltu langaton keinuhiiri Rockstick 2 on ergonominen hiiri, jolla v\u00e4ltet\u00e4\u00e4n kyyn\u00e4rvarren kiertyminen ja sormien rasitusta.","og_url":"https:\/\/www.offirex.fi\/product\/keinuhiiri-rockstick-2-langaton-vasenkatinen\/","og_site_name":"Offirex Oy","article_modified_time":"2025-06-09T09:55:56+00:00","og_image":[{"width":900,"height":900,"url":"https:\/\/www.offirex.fi\/wp-content\/uploads\/2021\/06\/ROCKSTICK-LEFT.jpg","type":"image\/jpeg"}],"twitter_card":"summary_large_image","twitter_misc":{"Ber\u00e4knad l\u00e4stid":"1 minut"},"schema":{"@context":"https:\/\/schema.org","@graph":[{"@type":"WebPage","@id":"https:\/\/www.offirex.fi\/product\/keinuhiiri-rockstick-2-langaton-vasenkatinen\/","url":"https:\/\/www.offirex.fi\/product\/keinuhiiri-rockstick-2-langaton-vasenkatinen\/","name":"Keinuhiiri Rockstick 2, langaton, vasenk\u00e4tinen - Offirex Oy","isPartOf":{"@id":"https:\/\/www.offirex.fi\/#website"},"primaryImageOfPage":{"@id":"https:\/\/www.offirex.fi\/product\/keinuhiiri-rockstick-2-langaton-vasenkatinen\/#primaryimage"},"image":{"@id":"https:\/\/www.offirex.fi\/product\/keinuhiiri-rockstick-2-langaton-vasenkatinen\/#primaryimage"},"thumbnailUrl":"https:\/\/www.offirex.fi\/wp-content\/uploads\/2021\/06\/ROCKSTICK-LEFT.jpg","datePublished":"2021-06-29T05:38:44+00:00","dateModified":"2025-06-09T09:55:56+00:00","description":"Vasenk\u00e4tisille suunniteltu langaton keinuhiiri Rockstick 2 on ergonominen hiiri, jolla v\u00e4ltet\u00e4\u00e4n kyyn\u00e4rvarren kiertyminen ja sormien rasitusta.","breadcrumb":{"@id":"https:\/\/www.offirex.fi\/product\/keinuhiiri-rockstick-2-langaton-vasenkatinen\/#breadcrumb"},"inLanguage":"sv-SE","potentialAction":[{"@type":"ReadAction","target":["https:\/\/www.offirex.fi\/product\/keinuhiiri-rockstick-2-langaton-vasenkatinen\/"]}]},{"@type":"ImageObject","inLanguage":"sv-SE","@id":"https:\/\/www.offirex.fi\/product\/keinuhiiri-rockstick-2-langaton-vasenkatinen\/#primaryimage","url":"https:\/\/www.offirex.fi\/wp-content\/uploads\/2021\/06\/ROCKSTICK-LEFT.jpg","contentUrl":"https:\/\/www.offirex.fi\/wp-content\/uploads\/2021\/06\/ROCKSTICK-LEFT.jpg","width":900,"height":900},{"@type":"BreadcrumbList","@id":"https:\/\/www.offirex.fi\/product\/keinuhiiri-rockstick-2-langaton-vasenkatinen\/#breadcrumb","itemListElement":[{"@type":"ListItem","position":1,"name":"Etusivu","item":"https:\/\/www.offirex.fi\/sv\/"},{"@type":"ListItem","position":2,"name":"Products","item":"https:\/\/www.offirex.fi\/en\/products-page\/"},{"@type":"ListItem","position":3,"name":"Keinuhiiri Rockstick 2, langaton, vasenk\u00e4tinen"}]},{"@type":"WebSite","@id":"https:\/\/www.offirex.fi\/#website","url":"https:\/\/www.offirex.fi\/","name":"Offirex Oy","description":"Ergonomic Office Products","publisher":{"@id":"https:\/\/www.offirex.fi\/#organization"},"potentialAction":[{"@type":"SearchAction","target":{"@type":"EntryPoint","urlTemplate":"https:\/\/www.offirex.fi\/?s={search_term_string}"},"query-input":{"@type":"PropertyValueSpecification","valueRequired":true,"valueName":"search_term_string"}}],"inLanguage":"sv-SE"},{"@type":"Organization","@id":"https:\/\/www.offirex.fi\/#organization","name":"Offirex Oy","url":"https:\/\/www.offirex.fi\/","logo":{"@type":"ImageObject","inLanguage":"sv-SE","@id":"https:\/\/www.offirex.fi\/#\/schema\/logo\/image\/","url":"https:\/\/www.offirex.fi\/wp-content\/uploads\/2020\/11\/offirex-logo.jpg","contentUrl":"https:\/\/www.offirex.fi\/wp-content\/uploads\/2020\/11\/offirex-logo.jpg","width":320,"height":103,"caption":"Offirex Oy"},"image":{"@id":"https:\/\/www.offirex.fi\/#\/schema\/logo\/image\/"}}]}},"_links":{"self":[{"href":"https:\/\/www.offirex.fi\/sv\/wp-json\/wp\/v2\/product\/6375","targetHints":{"allow":["GET"]}}],"collection":[{"href":"https:\/\/www.offirex.fi\/sv\/wp-json\/wp\/v2\/product"}],"about":[{"href":"https:\/\/www.offirex.fi\/sv\/wp-json\/wp\/v2\/types\/product"}],"wp:featuredmedia":[{"embeddable":true,"href":"https:\/\/www.offirex.fi\/sv\/wp-json\/wp\/v2\/media\/15012"}],"wp:attachment":[{"href":"https:\/\/www.offirex.fi\/sv\/wp-json\/wp\/v2\/media?parent=6375"}],"wp:term":[{"taxonomy":"product_brand","embeddable":true,"href":"https:\/\/www.offirex.fi\/sv\/wp-json\/wp\/v2\/product_brand?post=6375"},{"taxonomy":"product_cat","embeddable":true,"href":"https:\/\/www.offirex.fi\/sv\/wp-json\/wp\/v2\/product_cat?post=6375"},{"taxonomy":"product_tag","embeddable":true,"href":"https:\/\/www.offirex.fi\/sv\/wp-json\/wp\/v2\/product_tag?post=6375"}],"curies":[{"name":"wp","href":"https:\/\/api.w.org\/{rel}","templated":true}]}}